{"id":1169,"date":"2023-04-13T12:58:28","date_gmt":"2023-04-13T10:58:28","guid":{"rendered":"https:\/\/flamsweb.fr\/?page_id=1169"},"modified":"2023-06-28T10:22:56","modified_gmt":"2023-06-28T08:22:56","slug":"espace-presse","status":"publish","type":"page","link":"https:\/\/flams.fr\/index.php\/espace-presse\/","title":{"rendered":"Espace presse"},"content":{"rendered":"\t\t<div data-elementor-type=\"wp-page\" data-elementor-id=\"1169\" class=\"elementor elementor-1169\" data-elementor-post-type=\"page\">\n\t\t\t\t\t\t<section class=\"elementor-section elementor-top-section elementor-element elementor-element-e3464fa elementor-section-stretched elementor-section-boxed elementor-section-height-default elementor-section-height-default\" data-id=\"e3464fa\" data-element_type=\"section\" data-e-type=\"section\" data-settings=\"{&quot;stretch_section&quot;:&quot;section-stretched&quot;}\">\n\t\t\t\t\t\t<div class=\"elementor-container elementor-column-gap-default\">\n\t\t\t\t\t<div class=\"elementor-column elementor-col-100 elementor-top-column elementor-element elementor-element-fadc215\" data-id=\"fadc215\" data-element_type=\"column\" data-e-type=\"column\">\n\t\t\t<div class=\"elementor-widget-wrap elementor-element-populated\">\n\t\t\t\t\t\t<div class=\"elementor-element elementor-element-96c81e7 elementor-widget elementor-widget-heading\" data-id=\"96c81e7\" data-element_type=\"widget\" data-e-type=\"widget\" data-widget_type=\"heading.default\">\n\t\t\t\t<div class=\"elementor-widget-container\">\n\t\t\t\t\t<h2 class=\"elementor-heading-title elementor-size-default\">Ils ont parl\u00e9 de nous<\/h2>\t\t\t\t<\/div>\n\t\t\t\t<\/div>\n\t\t\t\t\t<\/div>\n\t\t<\/div>\n\t\t\t\t\t<\/div>\n\t\t<\/section>\n\t\t\t\t<section class=\"elementor-section elementor-top-section elementor-element elementor-element-49a8717 elementor-section-stretched elementor-section-boxed elementor-section-height-default elementor-section-height-default\" data-id=\"49a8717\" data-element_type=\"section\" data-e-type=\"section\" data-settings=\"{&quot;stretch_section&quot;:&quot;section-stretched&quot;}\">\n\t\t\t\t\t\t<div class=\"elementor-container elementor-column-gap-default\">\n\t\t\t\t\t<div class=\"elementor-column elementor-col-100 elementor-top-column elementor-element elementor-element-315aa4b\" data-id=\"315aa4b\" data-element_type=\"column\" data-e-type=\"column\">\n\t\t\t<div class=\"elementor-widget-wrap elementor-element-populated\">\n\t\t\t\t\t\t<div class=\"elementor-element elementor-element-f61f909 elementor--h-position-center elementor--v-position-middle elementor-arrows-position-inside elementor-pagination-position-inside elementor-widget elementor-widget-slides\" data-id=\"f61f909\" data-element_type=\"widget\" data-e-type=\"widget\" data-settings=\"{&quot;navigation&quot;:&quot;both&quot;,&quot;autoplay&quot;:&quot;yes&quot;,&quot;pause_on_hover&quot;:&quot;yes&quot;,&quot;pause_on_interaction&quot;:&quot;yes&quot;,&quot;autoplay_speed&quot;:5000,&quot;infinite&quot;:&quot;yes&quot;,&quot;transition&quot;:&quot;slide&quot;,&quot;transition_speed&quot;:500}\" data-widget_type=\"slides.default\">\n\t\t\t\t<div class=\"elementor-widget-container\">\n\t\t\t\t\t\t\t\t\t<div class=\"elementor-swiper\">\n\t\t\t\t\t<div class=\"elementor-slides-wrapper elementor-main-swiper swiper\" role=\"region\" aria-roledescription=\"carousel\" aria-label=\"Diapositives\" dir=\"ltr\" data-animation=\"fadeInDown\">\n\t\t\t\t<div class=\"swiper-wrapper elementor-slides\">\n\t\t\t\t\t\t\t\t\t\t<div class=\"elementor-repeater-item-d578afd swiper-slide\" role=\"group\" aria-roledescription=\"slide\"><div class=\"swiper-slide-bg\"><\/div><a class=\"swiper-slide-inner\" href=\"https:\/\/quoifaireabordeaux.com\/blog\/flams-flammekuech-bassins-a-flot\/\" target=\"_blank\"><div class=\"swiper-slide-contents\"><div class=\"elementor-slide-heading\">Article <\/div><div class=\"elementor-slide-description\">FLAM\u2019S : Le sp\u00e9cialiste de la Flammekueche vous accueille en groupe avec des formules \u00e0 volont\u00e9 \u00e0 Bordeaux !<\/div><div  class=\"elementor-button elementor-slide-button elementor-size-md\">Voir<\/div><\/div><\/a><\/div><div class=\"elementor-repeater-item-2bd11e1 swiper-slide\" role=\"group\" aria-roledescription=\"slide\"><div class=\"swiper-slide-bg\"><\/div><a class=\"swiper-slide-inner\" href=\"https:\/\/www.lebonbon.fr\/lyon\/food-decouvertes\/flams-bar-flammekueche-volonte-lyon\/\" target=\"_blank\"><div class=\"swiper-slide-contents\"><div class=\"elementor-slide-heading\">Article<\/div><div class=\"elementor-slide-description\">P\u00e9pite : un bar \u00e0 flammekueche avec formule \u00e0 volont\u00e9 \u00e0 12,40\u20ac \u00e0 Lyon<\/div><div  class=\"elementor-button elementor-slide-button elementor-size-md\">Voir<\/div><\/div><\/a><\/div><div class=\"elementor-repeater-item-3abd018 swiper-slide\" role=\"group\" aria-roledescription=\"slide\"><div class=\"swiper-slide-bg\"><\/div><a class=\"swiper-slide-inner\" href=\"https:\/\/www.lemessager.fr\/11080\/article\/2020-06-24\/flam-s-un-concept-inedit-dans-le-chablais\" target=\"_blank\"><div class=\"swiper-slide-contents\"><div class=\"elementor-slide-heading\">Article<\/div><div class=\"elementor-slide-description\">Flam\u2019s, un concept in\u00e9dit dans le Chablais\n<\/div><div  class=\"elementor-button elementor-slide-button elementor-size-md\">Voir<\/div><\/div><\/a><\/div><div class=\"elementor-repeater-item-f0805b2 swiper-slide\" role=\"group\" aria-roledescription=\"slide\"><div class=\"swiper-slide-bg\"><\/div><a class=\"swiper-slide-inner\" href=\"https:\/\/parispass.com\/en-us\/blog\/flams\" target=\"_blank\"><div class=\"swiper-slide-contents\"><div class=\"elementor-slide-heading\">Article<\/div><div class=\"elementor-slide-description\">Short for 'flammekueche', Flam\u2019s is a restaurant chain based in France that serves food and beverages from the Alsace region. <\/div><div  class=\"elementor-button elementor-slide-button elementor-size-md\">Voir<\/div><\/div><\/a><\/div><div class=\"elementor-repeater-item-babe55f swiper-slide\" role=\"group\" aria-roledescription=\"slide\"><div class=\"swiper-slide-bg\"><\/div><a class=\"swiper-slide-inner\" href=\"https:\/\/www.roubaixxl.fr\/flams-hum\/\" target=\"_blank\"><div class=\"swiper-slide-contents\"><div class=\"elementor-slide-heading\">Article<\/div><div class=\"elementor-slide-description\">Le restaurant de l\u2019h\u00f4tel Ibis peut servir jusqu\u2019\u00e0 100 couverts. C\u2019est l\u2019enseigne Flam\u2019s, sp\u00e9cialiste des flammekueches depuis 26 ans qui s\u2019y est install\u00e9e.<\/div><div  class=\"elementor-button elementor-slide-button elementor-size-md\">Voir<\/div><\/div><\/a><\/div>\t\t\t\t<\/div>\n\t\t\t\t\t\t\t\t\t\t\t\t\t\t\t<div class=\"elementor-swiper-button elementor-swiper-button-prev\" role=\"button\" tabindex=\"0\" aria-label=\"Diapositive pr\u00e9c\u00e9dente\">\n\t\t\t\t\t\t\t<i aria-hidden=\"true\" class=\"eicon-chevron-left\"><\/i>\t\t\t\t\t\t<\/div>\n\t\t\t\t\t\t<div class=\"elementor-swiper-button elementor-swiper-button-next\" role=\"button\" tabindex=\"0\" aria-label=\"Diapositive suivante\">\n\t\t\t\t\t\t\t<i aria-hidden=\"true\" class=\"eicon-chevron-right\"><\/i>\t\t\t\t\t\t<\/div>\n\t\t\t\t\t\t\t\t\t\t\t\t\t\t\t\t<div class=\"swiper-pagination\"><\/div>\n\t\t\t\t\t\t\t\t\t\t\t\t<\/div>\n\t\t\t\t<\/div>\n\t\t\t\t\t\t\t\t<\/div>\n\t\t\t\t<\/div>\n\t\t\t\t\t<\/div>\n\t\t<\/div>\n\t\t\t\t\t<\/div>\n\t\t<\/section>\n\t\t\t\t<\/div>\n\t\t","protected":false},"excerpt":{"rendered":"<p>Ils ont parl\u00e9 de nous Article FLAM\u2019S : Le sp\u00e9cialiste de la Flammekueche vous accueille en groupe avec des formules \u00e0 volont\u00e9 \u00e0 Bordeaux !VoirArticleP\u00e9pite : un bar \u00e0 flammekueche avec formule \u00e0 volont\u00e9 \u00e0 12,40\u20ac \u00e0 LyonVoirArticleFlam\u2019s, un concept in\u00e9dit dans le Chablais VoirArticleShort for &lsquo;flammekueche&rsquo;, Flam\u2019s is a [&hellip;]<\/p>\n","protected":false},"author":3,"featured_media":0,"parent":0,"menu_order":0,"comment_status":"closed","ping_status":"closed","template":"","meta":{"inspiro_page_layout":"narrow","inspiro_hide_title":false,"footnotes":""},"class_list":["post-1169","page","type-page","status-publish","hentry"],"yoast_head":"<!-- This site is optimized with the Yoast SEO plugin v27.5 - https:\/\/yoast.com\/product\/yoast-seo-wordpress\/ -->\n<title>Espace presse - Flam&#039;s<\/title>\n<meta name=\"description\" content=\"D\u00e9couvrez l&#039;espace presse de Flam&#039;s, ils racontent l&#039;actualit\u00e9s de nos restaurants.\" \/>\n<meta name=\"robots\" content=\"index, follow, max-snippet:-1, max-image-preview:large, max-video-preview:-1\" \/>\n<link rel=\"canonical\" href=\"https:\/\/flams.fr\/index.php\/espace-presse\/\" \/>\n<meta property=\"og:locale\" content=\"fr_FR\" \/>\n<meta property=\"og:type\" content=\"article\" \/>\n<meta property=\"og:title\" content=\"Espace presse - Flam&#039;s\" \/>\n<meta property=\"og:description\" content=\"D\u00e9couvrez l&#039;espace presse de Flam&#039;s, ils racontent l&#039;actualit\u00e9s de nos restaurants.\" \/>\n<meta property=\"og:url\" content=\"https:\/\/flams.fr\/index.php\/espace-presse\/\" \/>\n<meta property=\"og:site_name\" content=\"Flam&#039;s\" \/>\n<meta property=\"article:modified_time\" content=\"2023-06-28T08:22:56+00:00\" \/>\n<meta name=\"twitter:card\" content=\"summary_large_image\" \/>\n<meta name=\"twitter:label1\" content=\"Dur\u00e9e de lecture estim\u00e9e\" \/>\n\t<meta name=\"twitter:data1\" content=\"1 minute\" \/>\n<script type=\"application\/ld+json\" class=\"yoast-schema-graph\">{\"@context\":\"https:\\\/\\\/schema.org\",\"@graph\":[{\"@type\":\"WebPage\",\"@id\":\"https:\\\/\\\/flams.fr\\\/index.php\\\/espace-presse\\\/\",\"url\":\"https:\\\/\\\/flams.fr\\\/index.php\\\/espace-presse\\\/\",\"name\":\"Espace presse - Flam&#039;s\",\"isPartOf\":{\"@id\":\"https:\\\/\\\/flams.fr\\\/#website\"},\"datePublished\":\"2023-04-13T10:58:28+00:00\",\"dateModified\":\"2023-06-28T08:22:56+00:00\",\"description\":\"D\u00e9couvrez l'espace presse de Flam's, ils racontent l'actualit\u00e9s de nos restaurants.\",\"breadcrumb\":{\"@id\":\"https:\\\/\\\/flams.fr\\\/index.php\\\/espace-presse\\\/#breadcrumb\"},\"inLanguage\":\"fr-FR\",\"potentialAction\":[{\"@type\":\"ReadAction\",\"target\":[\"https:\\\/\\\/flams.fr\\\/index.php\\\/espace-presse\\\/\"]}]},{\"@type\":\"BreadcrumbList\",\"@id\":\"https:\\\/\\\/flams.fr\\\/index.php\\\/espace-presse\\\/#breadcrumb\",\"itemListElement\":[{\"@type\":\"ListItem\",\"position\":1,\"name\":\"Accueil Flam's\",\"item\":\"https:\\\/\\\/flams.fr\\\/\"},{\"@type\":\"ListItem\",\"position\":2,\"name\":\"Espace presse\"}]},{\"@type\":\"WebSite\",\"@id\":\"https:\\\/\\\/flams.fr\\\/#website\",\"url\":\"https:\\\/\\\/flams.fr\\\/\",\"name\":\"Flams\",\"description\":\"La flam&#039;s qui se partage\",\"publisher\":{\"@id\":\"https:\\\/\\\/flams.fr\\\/#organization\"},\"potentialAction\":[{\"@type\":\"SearchAction\",\"target\":{\"@type\":\"EntryPoint\",\"urlTemplate\":\"https:\\\/\\\/flams.fr\\\/?s={search_term_string}\"},\"query-input\":{\"@type\":\"PropertyValueSpecification\",\"valueRequired\":true,\"valueName\":\"search_term_string\"}}],\"inLanguage\":\"fr-FR\"},{\"@type\":\"Organization\",\"@id\":\"https:\\\/\\\/flams.fr\\\/#organization\",\"name\":\"Flam's\",\"url\":\"https:\\\/\\\/flams.fr\\\/\",\"logo\":{\"@type\":\"ImageObject\",\"inLanguage\":\"fr-FR\",\"@id\":\"https:\\\/\\\/flams.fr\\\/#\\\/schema\\\/logo\\\/image\\\/\",\"url\":\"https:\\\/\\\/flams.fr\\\/wp-content\\\/uploads\\\/2023\\\/03\\\/Logo_flams_web.png\",\"contentUrl\":\"https:\\\/\\\/flams.fr\\\/wp-content\\\/uploads\\\/2023\\\/03\\\/Logo_flams_web.png\",\"width\":512,\"height\":512,\"caption\":\"Flam's\"},\"image\":{\"@id\":\"https:\\\/\\\/flams.fr\\\/#\\\/schema\\\/logo\\\/image\\\/\"}}]}<\/script>\n<!-- \/ Yoast SEO plugin. -->","yoast_head_json":{"title":"Espace presse - Flam&#039;s","description":"D\u00e9couvrez l'espace presse de Flam's, ils racontent l'actualit\u00e9s de nos restaurants.","robots":{"index":"index","follow":"follow","max-snippet":"max-snippet:-1","max-image-preview":"max-image-preview:large","max-video-preview":"max-video-preview:-1"},"canonical":"https:\/\/flams.fr\/index.php\/espace-presse\/","og_locale":"fr_FR","og_type":"article","og_title":"Espace presse - Flam&#039;s","og_description":"D\u00e9couvrez l'espace presse de Flam's, ils racontent l'actualit\u00e9s de nos restaurants.","og_url":"https:\/\/flams.fr\/index.php\/espace-presse\/","og_site_name":"Flam&#039;s","article_modified_time":"2023-06-28T08:22:56+00:00","twitter_card":"summary_large_image","twitter_misc":{"Dur\u00e9e de lecture estim\u00e9e":"1 minute"},"schema":{"@context":"https:\/\/schema.org","@graph":[{"@type":"WebPage","@id":"https:\/\/flams.fr\/index.php\/espace-presse\/","url":"https:\/\/flams.fr\/index.php\/espace-presse\/","name":"Espace presse - Flam&#039;s","isPartOf":{"@id":"https:\/\/flams.fr\/#website"},"datePublished":"2023-04-13T10:58:28+00:00","dateModified":"2023-06-28T08:22:56+00:00","description":"D\u00e9couvrez l'espace presse de Flam's, ils racontent l'actualit\u00e9s de nos restaurants.","breadcrumb":{"@id":"https:\/\/flams.fr\/index.php\/espace-presse\/#breadcrumb"},"inLanguage":"fr-FR","potentialAction":[{"@type":"ReadAction","target":["https:\/\/flams.fr\/index.php\/espace-presse\/"]}]},{"@type":"BreadcrumbList","@id":"https:\/\/flams.fr\/index.php\/espace-presse\/#breadcrumb","itemListElement":[{"@type":"ListItem","position":1,"name":"Accueil Flam's","item":"https:\/\/flams.fr\/"},{"@type":"ListItem","position":2,"name":"Espace presse"}]},{"@type":"WebSite","@id":"https:\/\/flams.fr\/#website","url":"https:\/\/flams.fr\/","name":"Flams","description":"La flam&#039;s qui se partage","publisher":{"@id":"https:\/\/flams.fr\/#organization"},"potentialAction":[{"@type":"SearchAction","target":{"@type":"EntryPoint","urlTemplate":"https:\/\/flams.fr\/?s={search_term_string}"},"query-input":{"@type":"PropertyValueSpecification","valueRequired":true,"valueName":"search_term_string"}}],"inLanguage":"fr-FR"},{"@type":"Organization","@id":"https:\/\/flams.fr\/#organization","name":"Flam's","url":"https:\/\/flams.fr\/","logo":{"@type":"ImageObject","inLanguage":"fr-FR","@id":"https:\/\/flams.fr\/#\/schema\/logo\/image\/","url":"https:\/\/flams.fr\/wp-content\/uploads\/2023\/03\/Logo_flams_web.png","contentUrl":"https:\/\/flams.fr\/wp-content\/uploads\/2023\/03\/Logo_flams_web.png","width":512,"height":512,"caption":"Flam's"},"image":{"@id":"https:\/\/flams.fr\/#\/schema\/logo\/image\/"}}]}},"_links":{"self":[{"href":"https:\/\/flams.fr\/index.php\/wp-json\/wp\/v2\/pages\/1169","targetHints":{"allow":["GET"]}}],"collection":[{"href":"https:\/\/flams.fr\/index.php\/wp-json\/wp\/v2\/pages"}],"about":[{"href":"https:\/\/flams.fr\/index.php\/wp-json\/wp\/v2\/types\/page"}],"author":[{"embeddable":true,"href":"https:\/\/flams.fr\/index.php\/wp-json\/wp\/v2\/users\/3"}],"replies":[{"embeddable":true,"href":"https:\/\/flams.fr\/index.php\/wp-json\/wp\/v2\/comments?post=1169"}],"version-history":[{"count":23,"href":"https:\/\/flams.fr\/index.php\/wp-json\/wp\/v2\/pages\/1169\/revisions"}],"predecessor-version":[{"id":4923,"href":"https:\/\/flams.fr\/index.php\/wp-json\/wp\/v2\/pages\/1169\/revisions\/4923"}],"wp:attachment":[{"href":"https:\/\/flams.fr\/index.php\/wp-json\/wp\/v2\/media?parent=1169"}],"curies":[{"name":"wp","href":"https:\/\/api.w.org\/{rel}","templated":true}]}}