{"id":1171,"date":"2023-04-13T12:59:20","date_gmt":"2023-04-13T10:59:20","guid":{"rendered":"https:\/\/flamsweb.fr\/?page_id=1171"},"modified":"2026-04-27T17:25:59","modified_gmt":"2026-04-27T15:25:59","slug":"operation-en-cours","status":"publish","type":"page","link":"https:\/\/flams.fr\/index.php\/operation-en-cours\/","title":{"rendered":"Suggestions du Moment"},"content":{"rendered":"\t\t<div data-elementor-type=\"wp-page\" data-elementor-id=\"1171\" class=\"elementor elementor-1171\" data-elementor-post-type=\"page\">\n\t\t\t\t\t\t<section class=\"elementor-section elementor-top-section elementor-element elementor-element-46e01ce elementor-section-stretched elementor-section-boxed elementor-section-height-default elementor-section-height-default\" data-id=\"46e01ce\" data-element_type=\"section\" data-e-type=\"section\" data-settings=\"{&quot;stretch_section&quot;:&quot;section-stretched&quot;}\">\n\t\t\t\t\t\t<div class=\"elementor-container elementor-column-gap-default\">\n\t\t\t\t\t<div class=\"elementor-column elementor-col-100 elementor-top-column elementor-element elementor-element-743ee1f\" data-id=\"743ee1f\" data-element_type=\"column\" data-e-type=\"column\">\n\t\t\t<div class=\"elementor-widget-wrap elementor-element-populated\">\n\t\t\t\t\t\t<div class=\"elementor-element elementor-element-ed6c504 elementor-widget elementor-widget-html\" data-id=\"ed6c504\" data-element_type=\"widget\" data-e-type=\"widget\" data-widget_type=\"html.default\">\n\t\t\t\t<div class=\"elementor-widget-container\">\n\t\t\t\t\t<style>\r\n@font-face {\r\n  font-family: \"Ironmonger\";\r\n  src: url(\"https:\/\/flams.fr\/wp-content\/uploads\/2026\/04\/Ironmonger-Extra-Condensed-1.ttf\") format(\"truetype\");\r\n  font-display: swap;\r\n}\r\n\r\n:root {\r\n  --red: #e30613;\r\n  --bdx: #65151b;\r\n  --yellow: #ffc400;\r\n  --cream: #fff9e8;\r\n}\r\n\r\n.flams-fullbleed,\r\n.flams-fullbleed * {\r\n  box-sizing: border-box;\r\n}\r\n\r\n.flams-fullbleed {\r\n  position: relative;\r\n  left: 50%;\r\n  width: 100vw;\r\n  margin-left: -50vw;\r\n  overflow-x: hidden;\r\n  background: var(--cream);\r\n  font-family: Arial, Helvetica, sans-serif;\r\n  cursor: url(\"data:image\/svg+xml,%3Csvg width='44' height='44' viewBox='0 0 44 44' xmlns='http:\/\/www.w3.org\/2000\/svg'%3E%3Cpath d='M6 5L36 22L23 26L16 39L6 5Z' fill='%23ffc400' stroke='%2365151b' stroke-width='4' stroke-linejoin='round'\/%3E%3C\/svg%3E\") 6 5, auto;\r\n}\r\n\r\n.flams-section {\r\n  width: 100%;\r\n  min-height: 100vh;\r\n  padding: clamp(16px, 4vw, 56px);\r\n  background: var(--cream);\r\n}\r\n\r\n.poster {\r\n  width: 100%;\r\n  min-height: calc(100vh - 112px);\r\n  border: 6px solid var(--bdx);\r\n  background: var(--yellow);\r\n  box-shadow: 14px 14px 0 var(--bdx);\r\n}\r\n\r\n.topbar {\r\n  background: var(--bdx);\r\n  color: var(--cream);\r\n  padding: 14px 20px;\r\n  display: flex;\r\n  justify-content: space-between;\r\n  gap: 12px;\r\n  font-weight: 900;\r\n  text-transform: uppercase;\r\n  font-size: .85rem;\r\n}\r\n\r\n.hero {\r\n  display: grid;\r\n  grid-template-columns: 1fr 1fr;\r\n  min-height: calc(100vh - 180px);\r\n}\r\n\r\n.visual {\r\n  border-right: 6px solid var(--bdx);\r\n  overflow: hidden;\r\n  background: var(--yellow);\r\n}\r\n\r\n.visual img {\r\n  width: 100%;\r\n  height: 100%;\r\n  display: block;\r\n  object-fit: cover;\r\n  object-position: center;\r\n  transition: transform .65s ease, object-position .65s ease;\r\n}\r\n\r\n.hero:has(.card-skyr:hover) .visual img {\r\n  transform: scale(1.75);\r\n  object-position: 30% 42%;\r\n}\r\n\r\n.hero:has(.card-provencale:hover) .visual img {\r\n  transform: scale(1.75);\r\n  object-position: 58% 42%;\r\n}\r\n\r\n.hero:has(.card-cookie:hover) .visual img {\r\n  transform: scale(2.05);\r\n  object-position: 100% 55%;\r\n}\r\n\r\n.content {\r\n  padding: clamp(28px, 5vw, 60px);\r\n  padding-top: clamp(40px, 7vw, 90px);\r\n  background: var(--cream);\r\n  display: flex;\r\n  flex-direction: column;\r\n  justify-content: flex-start;\r\n}\r\n\r\n.content h1 {\r\n  font-family: \"Ironmonger\", Impact, sans-serif;\r\n  font-size: clamp(5rem, 11vw, 9.5rem);\r\n  line-height: .92;\r\n  margin: 0 0 24px;\r\n  color: var(--red);\r\n  font-weight: 400;\r\n  text-transform: uppercase;\r\n  animation: flamsTitleIn .75s ease-out both;\r\n}\r\n\r\n.content h1 span {\r\n  display: block;\r\n}\r\n\r\n.label,\r\n.date-badge,\r\n.intro,\r\n.card {\r\n  animation: flamsFadeUp .7s ease-out both;\r\n}\r\n\r\n.label {\r\n  width: fit-content;\r\n  margin-bottom: 16px;\r\n  padding: 8px 14px;\r\n  border: 3px solid var(--bdx);\r\n  font-weight: 900;\r\n  text-transform: uppercase;\r\n  color: var(--bdx);\r\n  animation-delay: .12s;\r\n}\r\n\r\n.date-badge {\r\n  width: fit-content;\r\n  margin-bottom: 22px;\r\n  padding: 10px 14px;\r\n  background: var(--yellow);\r\n  color: var(--bdx);\r\n  font-weight: 900;\r\n  text-transform: uppercase;\r\n  animation-delay: .22s;\r\n}\r\n\r\n.intro {\r\n  font-weight: 700;\r\n  margin: 0 0 28px;\r\n  color: var(--bdx);\r\n  font-size: 1.05rem;\r\n  line-height: 1.5;\r\n  animation-delay: .32s;\r\n}\r\n\r\n.cards {\r\n  display: grid;\r\n  gap: 16px;\r\n}\r\n\r\n.card {\r\n  background: white;\r\n  border: 4px solid var(--bdx);\r\n  padding: clamp(18px, 2.4vw, 26px);\r\n  box-shadow: 6px 6px 0 var(--yellow);\r\n  transition: transform .25s ease, box-shadow .25s ease, background .25s ease;\r\n  cursor: url(\"data:image\/svg+xml,%3Csvg width='44' height='44' viewBox='0 0 44 44' xmlns='http:\/\/www.w3.org\/2000\/svg'%3E%3Cpath d='M6 5L36 22L23 26L16 39L6 5Z' fill='%23e30613' stroke='%2365151b' stroke-width='4' stroke-linejoin='round'\/%3E%3C\/svg%3E\") 6 5, pointer;\r\n}\r\n\r\n.card:hover {\r\n  transform: translate(-4px, -4px);\r\n  box-shadow: 12px 12px 0 var(--bdx);\r\n  background: var(--yellow);\r\n}\r\n\r\n.card:nth-child(1) { animation-delay: .42s; }\r\n.card:nth-child(2) { animation-delay: .52s; }\r\n.card:nth-child(3) { animation-delay: .62s; }\r\n\r\n.card h2 {\r\n  font-family: \"Ironmonger\", Impact, sans-serif;\r\n  font-size: clamp(2.6rem, 4.2vw, 4rem);\r\n  line-height: .92;\r\n  margin: 0 0 10px;\r\n  color: var(--red);\r\n  font-weight: 400;\r\n  text-transform: uppercase;\r\n}\r\n\r\n.card p {\r\n  font-weight: 700;\r\n  margin: 0;\r\n  color: var(--bdx);\r\n  line-height: 1.45;\r\n  font-size: clamp(1rem, 1.2vw, 1.15rem);\r\n}\r\n\r\n@keyframes flamsTitleIn {\r\n  from {\r\n    opacity: 0;\r\n    transform: translateY(28px) scale(.96);\r\n  }\r\n  to {\r\n    opacity: 1;\r\n    transform: translateY(0) scale(1);\r\n  }\r\n}\r\n\r\n@keyframes flamsFadeUp {\r\n  from {\r\n    opacity: 0;\r\n    transform: translateY(22px);\r\n  }\r\n  to {\r\n    opacity: 1;\r\n    transform: translateY(0);\r\n  }\r\n}\r\n\r\n@media (prefers-reduced-motion: reduce) {\r\n  .content h1,\r\n  .label,\r\n  .date-badge,\r\n  .intro,\r\n  .card {\r\n    animation: none;\r\n  }\r\n\r\n  .visual img {\r\n    transition: none;\r\n  }\r\n}\r\n\r\n@media (max-width: 900px) {\r\n  .hero {\r\n    grid-template-columns: 1fr;\r\n    min-height: auto;\r\n  }\r\n\r\n  .visual {\r\n    border-right: 0;\r\n    border-bottom: 6px solid var(--bdx);\r\n  }\r\n\r\n  .visual img {\r\n    height: auto;\r\n  }\r\n\r\n  .hero:has(.card-skyr:hover) .visual img,\r\n  .hero:has(.card-provencale:hover) .visual img,\r\n  .hero:has(.card-cookie:hover) .visual img {\r\n    transform: scale(1.25);\r\n  }\r\n\r\n  .topbar {\r\n    flex-direction: column;\r\n  }\r\n\r\n  .content {\r\n    padding-top: 34px;\r\n  }\r\n}\r\n\r\n@media (max-width: 500px) {\r\n  .flams-section {\r\n    padding: 12px;\r\n  }\r\n\r\n  .poster {\r\n    border-width: 4px;\r\n    box-shadow: 7px 7px 0 var(--bdx);\r\n  }\r\n\r\n  .content {\r\n    padding: 24px 18px;\r\n  }\r\n\r\n  .content h1 {\r\n    font-size: clamp(4rem, 16vw, 6rem);\r\n  }\r\n\r\n  .card {\r\n    padding: 16px;\r\n  }\r\n\r\n  .card h2 {\r\n    font-size: clamp(2.3rem, 12vw, 3.4rem);\r\n  }\r\n}\r\n<\/style>\r\n\r\n<div class=\"flams-fullbleed\">\r\n  <section class=\"flams-section\">\r\n    <div class=\"poster\">\r\n      <div class=\"topbar\">\r\n        <span>Suggestions du moment<\/span>\r\n        <span>Disponible \u00e0 partir du 04 Mai 2026<\/span>\r\n      <\/div>\r\n\r\n      <div class=\"hero\">\r\n        <div class=\"visual\">\r\n          <img decoding=\"async\" src=\"https:\/\/flams.fr\/wp-content\/uploads\/2026\/04\/PDM-PRINTEMPS-2026-COOKIE-scaled.webp\" alt=\"Suggestions du moment Flam's\">\r\n        <\/div>\r\n\r\n        <div class=\"content\">\r\n          <h1>\r\n            Suggestions\r\n            <span>du moment<\/span>\r\n          <\/h1>\r\n\r\n          <span class=\"label\">\u00c9dition limit\u00e9e<\/span>\r\n          <div class=\"date-badge\">Disponible \u00e0 partir du 04 Mai 2026<\/div>\r\n\r\n          <p class=\"intro\">\r\n            Envie de fra\u00eecheur et de gourmandise ? Laissez-vous s\u00e9duire par nos cr\u00e9ations du moment.\r\n          <\/p>\r\n\r\n          <div class=\"cards\">\r\n            <div class=\"card card-skyr\">\r\n              <h2>Flam\u2019Skyr<\/h2>\r\n              <p>Skyr onctueux aux herbes, citron, basilic et huile d\u2019olive. Avec pain toast\u00e9.<\/p>\r\n            <\/div>\r\n\r\n            <div class=\"card card-provencale\">\r\n              <h2>Flam\u2019s Proven\u00e7ale<\/h2>\r\n              <p>Thon, courgettes, tomates fra\u00eeches, olives noires et herbes de Provence.<\/p>\r\n            <\/div>\r\n\r\n            <div class=\"card card-cookie\">\r\n              <h2>Cookie Choco Caramel<\/h2>\r\n              <p>Cookie croustillant et fondant, chocolat caramel et fleur de sel.<\/p>\r\n            <\/div>\r\n          <\/div>\r\n        <\/div>\r\n      <\/div>\r\n    <\/div>\r\n  <\/section>\r\n<\/div>\t\t\t\t<\/div>\n\t\t\t\t<\/div>\n\t\t\t\t\t<\/div>\n\t\t<\/div>\n\t\t\t\t\t<\/div>\n\t\t<\/section>\n\t\t\t\t<\/div>\n\t\t","protected":false},"excerpt":{"rendered":"<p>Suggestions du moment Disponible \u00e0 partir du 04 Mai 2026 Suggestions du moment \u00c9dition limit\u00e9e Disponible \u00e0 partir du 04 Mai 2026 Envie de fra\u00eecheur et de gourmandise ? Laissez-vous s\u00e9duire par nos cr\u00e9ations du moment. Flam\u2019Skyr Skyr onctueux aux herbes, citron, basilic et huile d\u2019olive. Avec pain toast\u00e9. Flam\u2019s [&hellip;]<\/p>\n","protected":false},"author":3,"featured_media":0,"parent":0,"menu_order":0,"comment_status":"closed","ping_status":"closed","template":"","meta":{"inspiro_page_layout":"narrow","inspiro_hide_title":false,"footnotes":""},"class_list":["post-1171","page","type-page","status-publish","hentry"],"yoast_head":"<!-- This site is optimized with the Yoast SEO plugin v27.4 - https:\/\/yoast.com\/product\/yoast-seo-wordpress\/ -->\n<title>Suggestions du Moment - Flam&#039;s<\/title>\n<meta name=\"description\" content=\"D\u00e9couvrez nos suggestions : Flam&#039;s Andalouse, fusion d&#039;Espagne et d&#039;Alsace, et Flammekueche M\u00e9diterran\u00e9e v\u00e9g\u00e9tarienne. Terminez avec notre Merveilleux Glac\u00e9, dessert rafra\u00eechissant et gourmand.\" \/>\n<meta name=\"robots\" content=\"index, follow, max-snippet:-1, max-image-preview:large, max-video-preview:-1\" \/>\n<link rel=\"canonical\" href=\"https:\/\/flams.fr\/index.php\/operation-en-cours\/\" \/>\n<meta property=\"og:locale\" content=\"fr_FR\" \/>\n<meta property=\"og:type\" content=\"article\" \/>\n<meta property=\"og:title\" content=\"Suggestions du Moment - Flam&#039;s\" \/>\n<meta property=\"og:description\" content=\"D\u00e9couvrez nos suggestions : Flam&#039;s Andalouse, fusion d&#039;Espagne et d&#039;Alsace, et Flammekueche M\u00e9diterran\u00e9e v\u00e9g\u00e9tarienne. Terminez avec notre Merveilleux Glac\u00e9, dessert rafra\u00eechissant et gourmand.\" \/>\n<meta property=\"og:url\" content=\"https:\/\/flams.fr\/index.php\/operation-en-cours\/\" \/>\n<meta property=\"og:site_name\" content=\"Flam&#039;s\" \/>\n<meta property=\"article:modified_time\" content=\"2026-04-27T15:25:59+00:00\" \/>\n<meta property=\"og:image\" content=\"https:\/\/flams.fr\/wp-content\/uploads\/2026\/04\/PDM-PRINTEMPS-2026-COOKIE-scaled.webp\" \/>\n<meta name=\"twitter:card\" content=\"summary_large_image\" \/>\n<meta name=\"twitter:label1\" content=\"Dur\u00e9e de lecture estim\u00e9e\" \/>\n\t<meta name=\"twitter:data1\" content=\"1 minute\" \/>\n<script type=\"application\/ld+json\" class=\"yoast-schema-graph\">{\"@context\":\"https:\\\/\\\/schema.org\",\"@graph\":[{\"@type\":\"WebPage\",\"@id\":\"https:\\\/\\\/flams.fr\\\/index.php\\\/operation-en-cours\\\/\",\"url\":\"https:\\\/\\\/flams.fr\\\/index.php\\\/operation-en-cours\\\/\",\"name\":\"Suggestions du Moment - Flam&#039;s\",\"isPartOf\":{\"@id\":\"https:\\\/\\\/flams.fr\\\/#website\"},\"primaryImageOfPage\":{\"@id\":\"https:\\\/\\\/flams.fr\\\/index.php\\\/operation-en-cours\\\/#primaryimage\"},\"image\":{\"@id\":\"https:\\\/\\\/flams.fr\\\/index.php\\\/operation-en-cours\\\/#primaryimage\"},\"thumbnailUrl\":\"https:\\\/\\\/flams.fr\\\/wp-content\\\/uploads\\\/2026\\\/04\\\/PDM-PRINTEMPS-2026-COOKIE-scaled.webp\",\"datePublished\":\"2023-04-13T10:59:20+00:00\",\"dateModified\":\"2026-04-27T15:25:59+00:00\",\"description\":\"D\u00e9couvrez nos suggestions : Flam's Andalouse, fusion d'Espagne et d'Alsace, et Flammekueche M\u00e9diterran\u00e9e v\u00e9g\u00e9tarienne. Terminez avec notre Merveilleux Glac\u00e9, dessert rafra\u00eechissant et gourmand.\",\"breadcrumb\":{\"@id\":\"https:\\\/\\\/flams.fr\\\/index.php\\\/operation-en-cours\\\/#breadcrumb\"},\"inLanguage\":\"fr-FR\",\"potentialAction\":[{\"@type\":\"ReadAction\",\"target\":[\"https:\\\/\\\/flams.fr\\\/index.php\\\/operation-en-cours\\\/\"]}]},{\"@type\":\"ImageObject\",\"inLanguage\":\"fr-FR\",\"@id\":\"https:\\\/\\\/flams.fr\\\/index.php\\\/operation-en-cours\\\/#primaryimage\",\"url\":\"https:\\\/\\\/flams.fr\\\/wp-content\\\/uploads\\\/2026\\\/04\\\/PDM-PRINTEMPS-2026-COOKIE-scaled.webp\",\"contentUrl\":\"https:\\\/\\\/flams.fr\\\/wp-content\\\/uploads\\\/2026\\\/04\\\/PDM-PRINTEMPS-2026-COOKIE-scaled.webp\",\"width\":1911,\"height\":2560},{\"@type\":\"BreadcrumbList\",\"@id\":\"https:\\\/\\\/flams.fr\\\/index.php\\\/operation-en-cours\\\/#breadcrumb\",\"itemListElement\":[{\"@type\":\"ListItem\",\"position\":1,\"name\":\"Accueil Flam's\",\"item\":\"https:\\\/\\\/flams.fr\\\/\"},{\"@type\":\"ListItem\",\"position\":2,\"name\":\"Suggestions du Moment\"}]},{\"@type\":\"WebSite\",\"@id\":\"https:\\\/\\\/flams.fr\\\/#website\",\"url\":\"https:\\\/\\\/flams.fr\\\/\",\"name\":\"Flams\",\"description\":\"La flam&#039;s qui se partage\",\"publisher\":{\"@id\":\"https:\\\/\\\/flams.fr\\\/#organization\"},\"potentialAction\":[{\"@type\":\"SearchAction\",\"target\":{\"@type\":\"EntryPoint\",\"urlTemplate\":\"https:\\\/\\\/flams.fr\\\/?s={search_term_string}\"},\"query-input\":{\"@type\":\"PropertyValueSpecification\",\"valueRequired\":true,\"valueName\":\"search_term_string\"}}],\"inLanguage\":\"fr-FR\"},{\"@type\":\"Organization\",\"@id\":\"https:\\\/\\\/flams.fr\\\/#organization\",\"name\":\"Flam's\",\"url\":\"https:\\\/\\\/flams.fr\\\/\",\"logo\":{\"@type\":\"ImageObject\",\"inLanguage\":\"fr-FR\",\"@id\":\"https:\\\/\\\/flams.fr\\\/#\\\/schema\\\/logo\\\/image\\\/\",\"url\":\"https:\\\/\\\/flams.fr\\\/wp-content\\\/uploads\\\/2023\\\/03\\\/Logo_flams_web.png\",\"contentUrl\":\"https:\\\/\\\/flams.fr\\\/wp-content\\\/uploads\\\/2023\\\/03\\\/Logo_flams_web.png\",\"width\":512,\"height\":512,\"caption\":\"Flam's\"},\"image\":{\"@id\":\"https:\\\/\\\/flams.fr\\\/#\\\/schema\\\/logo\\\/image\\\/\"}}]}<\/script>\n<!-- \/ Yoast SEO plugin. -->","yoast_head_json":{"title":"Suggestions du Moment - Flam&#039;s","description":"D\u00e9couvrez nos suggestions : Flam's Andalouse, fusion d'Espagne et d'Alsace, et Flammekueche M\u00e9diterran\u00e9e v\u00e9g\u00e9tarienne. Terminez avec notre Merveilleux Glac\u00e9, dessert rafra\u00eechissant et gourmand.","robots":{"index":"index","follow":"follow","max-snippet":"max-snippet:-1","max-image-preview":"max-image-preview:large","max-video-preview":"max-video-preview:-1"},"canonical":"https:\/\/flams.fr\/index.php\/operation-en-cours\/","og_locale":"fr_FR","og_type":"article","og_title":"Suggestions du Moment - Flam&#039;s","og_description":"D\u00e9couvrez nos suggestions : Flam's Andalouse, fusion d'Espagne et d'Alsace, et Flammekueche M\u00e9diterran\u00e9e v\u00e9g\u00e9tarienne. Terminez avec notre Merveilleux Glac\u00e9, dessert rafra\u00eechissant et gourmand.","og_url":"https:\/\/flams.fr\/index.php\/operation-en-cours\/","og_site_name":"Flam&#039;s","article_modified_time":"2026-04-27T15:25:59+00:00","og_image":[{"url":"https:\/\/flams.fr\/wp-content\/uploads\/2026\/04\/PDM-PRINTEMPS-2026-COOKIE-scaled.webp","type":"","width":"","height":""}],"twitter_card":"summary_large_image","twitter_misc":{"Dur\u00e9e de lecture estim\u00e9e":"1 minute"},"schema":{"@context":"https:\/\/schema.org","@graph":[{"@type":"WebPage","@id":"https:\/\/flams.fr\/index.php\/operation-en-cours\/","url":"https:\/\/flams.fr\/index.php\/operation-en-cours\/","name":"Suggestions du Moment - Flam&#039;s","isPartOf":{"@id":"https:\/\/flams.fr\/#website"},"primaryImageOfPage":{"@id":"https:\/\/flams.fr\/index.php\/operation-en-cours\/#primaryimage"},"image":{"@id":"https:\/\/flams.fr\/index.php\/operation-en-cours\/#primaryimage"},"thumbnailUrl":"https:\/\/flams.fr\/wp-content\/uploads\/2026\/04\/PDM-PRINTEMPS-2026-COOKIE-scaled.webp","datePublished":"2023-04-13T10:59:20+00:00","dateModified":"2026-04-27T15:25:59+00:00","description":"D\u00e9couvrez nos suggestions : Flam's Andalouse, fusion d'Espagne et d'Alsace, et Flammekueche M\u00e9diterran\u00e9e v\u00e9g\u00e9tarienne. Terminez avec notre Merveilleux Glac\u00e9, dessert rafra\u00eechissant et gourmand.","breadcrumb":{"@id":"https:\/\/flams.fr\/index.php\/operation-en-cours\/#breadcrumb"},"inLanguage":"fr-FR","potentialAction":[{"@type":"ReadAction","target":["https:\/\/flams.fr\/index.php\/operation-en-cours\/"]}]},{"@type":"ImageObject","inLanguage":"fr-FR","@id":"https:\/\/flams.fr\/index.php\/operation-en-cours\/#primaryimage","url":"https:\/\/flams.fr\/wp-content\/uploads\/2026\/04\/PDM-PRINTEMPS-2026-COOKIE-scaled.webp","contentUrl":"https:\/\/flams.fr\/wp-content\/uploads\/2026\/04\/PDM-PRINTEMPS-2026-COOKIE-scaled.webp","width":1911,"height":2560},{"@type":"BreadcrumbList","@id":"https:\/\/flams.fr\/index.php\/operation-en-cours\/#breadcrumb","itemListElement":[{"@type":"ListItem","position":1,"name":"Accueil Flam's","item":"https:\/\/flams.fr\/"},{"@type":"ListItem","position":2,"name":"Suggestions du Moment"}]},{"@type":"WebSite","@id":"https:\/\/flams.fr\/#website","url":"https:\/\/flams.fr\/","name":"Flams","description":"La flam&#039;s qui se partage","publisher":{"@id":"https:\/\/flams.fr\/#organization"},"potentialAction":[{"@type":"SearchAction","target":{"@type":"EntryPoint","urlTemplate":"https:\/\/flams.fr\/?s={search_term_string}"},"query-input":{"@type":"PropertyValueSpecification","valueRequired":true,"valueName":"search_term_string"}}],"inLanguage":"fr-FR"},{"@type":"Organization","@id":"https:\/\/flams.fr\/#organization","name":"Flam's","url":"https:\/\/flams.fr\/","logo":{"@type":"ImageObject","inLanguage":"fr-FR","@id":"https:\/\/flams.fr\/#\/schema\/logo\/image\/","url":"https:\/\/flams.fr\/wp-content\/uploads\/2023\/03\/Logo_flams_web.png","contentUrl":"https:\/\/flams.fr\/wp-content\/uploads\/2023\/03\/Logo_flams_web.png","width":512,"height":512,"caption":"Flam's"},"image":{"@id":"https:\/\/flams.fr\/#\/schema\/logo\/image\/"}}]}},"_links":{"self":[{"href":"https:\/\/flams.fr\/index.php\/wp-json\/wp\/v2\/pages\/1171","targetHints":{"allow":["GET"]}}],"collection":[{"href":"https:\/\/flams.fr\/index.php\/wp-json\/wp\/v2\/pages"}],"about":[{"href":"https:\/\/flams.fr\/index.php\/wp-json\/wp\/v2\/types\/page"}],"author":[{"embeddable":true,"href":"https:\/\/flams.fr\/index.php\/wp-json\/wp\/v2\/users\/3"}],"replies":[{"embeddable":true,"href":"https:\/\/flams.fr\/index.php\/wp-json\/wp\/v2\/comments?post=1171"}],"version-history":[{"count":362,"href":"https:\/\/flams.fr\/index.php\/wp-json\/wp\/v2\/pages\/1171\/revisions"}],"predecessor-version":[{"id":13423,"href":"https:\/\/flams.fr\/index.php\/wp-json\/wp\/v2\/pages\/1171\/revisions\/13423"}],"wp:attachment":[{"href":"https:\/\/flams.fr\/index.php\/wp-json\/wp\/v2\/media?parent=1171"}],"curies":[{"name":"wp","href":"https:\/\/api.w.org\/{rel}","templated":true}]}}