{"id":1180,"date":"2023-04-13T13:23:49","date_gmt":"2023-04-13T11:23:49","guid":{"rendered":"https:\/\/flamsweb.fr\/?page_id=1180"},"modified":"2025-12-10T17:00:21","modified_gmt":"2025-12-10T16:00:21","slug":"mentions-legales-credits","status":"publish","type":"page","link":"https:\/\/flams.fr\/index.php\/mentions-legales-credits\/","title":{"rendered":"Mentions l\u00e9gales \/ Cr\u00e9dits"},"content":{"rendered":"\t\t<div data-elementor-type=\"wp-page\" data-elementor-id=\"1180\" class=\"elementor elementor-1180\" data-elementor-post-type=\"page\">\n\t\t\t\t\t\t<section class=\"elementor-section elementor-top-section elementor-element elementor-element-d87ab4d elementor-section-stretched elementor-section-boxed elementor-section-height-default elementor-section-height-default\" data-id=\"d87ab4d\" data-element_type=\"section\" data-e-type=\"section\" data-settings=\"{&quot;stretch_section&quot;:&quot;section-stretched&quot;}\">\n\t\t\t\t\t\t<div class=\"elementor-container elementor-column-gap-default\">\n\t\t\t\t\t<div class=\"elementor-column elementor-col-100 elementor-top-column elementor-element elementor-element-89327dc\" data-id=\"89327dc\" data-element_type=\"column\" data-e-type=\"column\">\n\t\t\t<div class=\"elementor-widget-wrap elementor-element-populated\">\n\t\t\t\t\t\t<div class=\"elementor-element elementor-element-9faac8f elementor-widget elementor-widget-heading\" data-id=\"9faac8f\" data-element_type=\"widget\" data-e-type=\"widget\" data-widget_type=\"heading.default\">\n\t\t\t\t<div class=\"elementor-widget-container\">\n\t\t\t\t\t<h2 class=\"elementor-heading-title elementor-size-default\">Mentions l\u00e9gales\/cr\u00e9dits<\/h2>\t\t\t\t<\/div>\n\t\t\t\t<\/div>\n\t\t\t\t<div class=\"elementor-element elementor-element-75f884c elementor-widget elementor-widget-spacer\" data-id=\"75f884c\" data-element_type=\"widget\" data-e-type=\"widget\" data-widget_type=\"spacer.default\">\n\t\t\t\t<div class=\"elementor-widget-container\">\n\t\t\t\t\t\t\t<div class=\"elementor-spacer\">\n\t\t\t<div class=\"elementor-spacer-inner\"><\/div>\n\t\t<\/div>\n\t\t\t\t\t\t<\/div>\n\t\t\t\t<\/div>\n\t\t\t\t\t<\/div>\n\t\t<\/div>\n\t\t\t\t\t<\/div>\n\t\t<\/section>\n\t\t\t\t<section class=\"elementor-section elementor-top-section elementor-element elementor-element-5dfebe3 elementor-section-stretched elementor-section-boxed elementor-section-height-default elementor-section-height-default\" data-id=\"5dfebe3\" data-element_type=\"section\" data-e-type=\"section\" data-settings=\"{&quot;stretch_section&quot;:&quot;section-stretched&quot;}\">\n\t\t\t\t\t\t<div class=\"elementor-container elementor-column-gap-default\">\n\t\t\t\t\t<div class=\"elementor-column elementor-col-100 elementor-top-column elementor-element elementor-element-9773bf1\" data-id=\"9773bf1\" data-element_type=\"column\" data-e-type=\"column\">\n\t\t\t<div class=\"elementor-widget-wrap elementor-element-populated\">\n\t\t\t\t\t\t<div class=\"elementor-element elementor-element-d6c39e3 elementor-widget elementor-widget-heading\" data-id=\"d6c39e3\" data-element_type=\"widget\" data-e-type=\"widget\" data-widget_type=\"heading.default\">\n\t\t\t\t<div class=\"elementor-widget-container\">\n\t\t\t\t\t<h2 class=\"elementor-heading-title elementor-size-default\">Propri\u00e9t\u00e9 du site<\/h2>\t\t\t\t<\/div>\n\t\t\t\t<\/div>\n\t\t\t\t<div class=\"elementor-element elementor-element-fcf9497 elementor-widget__width-initial elementor-widget elementor-widget-text-editor\" data-id=\"fcf9497\" data-element_type=\"widget\" data-e-type=\"widget\" data-widget_type=\"text-editor.default\">\n\t\t\t\t<div class=\"elementor-widget-container\">\n\t\t\t\t\t\t\t\t\t<p>Le site www.flams.fr est la proprit\u00e9 pleine et enti\u00e8re de la soci\u00e9t\u00e9 FLAM SA<\/p>\t\t\t\t\t\t\t\t<\/div>\n\t\t\t\t<\/div>\n\t\t\t\t\t<\/div>\n\t\t<\/div>\n\t\t\t\t\t<\/div>\n\t\t<\/section>\n\t\t\t\t<section class=\"elementor-section elementor-top-section elementor-element elementor-element-175fbb5 elementor-section-stretched elementor-section-boxed elementor-section-height-default elementor-section-height-default\" data-id=\"175fbb5\" data-element_type=\"section\" data-e-type=\"section\" data-settings=\"{&quot;stretch_section&quot;:&quot;section-stretched&quot;}\">\n\t\t\t\t\t\t<div class=\"elementor-container elementor-column-gap-default\">\n\t\t\t\t\t<div class=\"elementor-column elementor-col-100 elementor-top-column elementor-element elementor-element-65c5313\" data-id=\"65c5313\" data-element_type=\"column\" data-e-type=\"column\">\n\t\t\t<div class=\"elementor-widget-wrap elementor-element-populated\">\n\t\t\t\t\t\t<div class=\"elementor-element elementor-element-9d09695 elementor-widget elementor-widget-heading\" data-id=\"9d09695\" data-element_type=\"widget\" data-e-type=\"widget\" data-widget_type=\"heading.default\">\n\t\t\t\t<div class=\"elementor-widget-container\">\n\t\t\t\t\t<h2 class=\"elementor-heading-title elementor-size-default\">Flam SA<\/h2>\t\t\t\t<\/div>\n\t\t\t\t<\/div>\n\t\t\t\t<div class=\"elementor-element elementor-element-76dba65 elementor-widget__width-initial elementor-widget elementor-widget-text-editor\" data-id=\"76dba65\" data-element_type=\"widget\" data-e-type=\"widget\" data-widget_type=\"text-editor.default\">\n\t\t\t\t<div class=\"elementor-widget-container\">\n\t\t\t\t\t\t\t\t\t<p class=\"justifier\">SA au capital de 38 508.62 \u20ac immatricul\u00e9e au RCS Strasbourg sous le num\u00e9ro 352 805 279<\/p><p class=\"justifier\">N\u00b0 de TVA Intra-communautaire : FR 58 352 805 279 00069<\/p><p class=\"justifier\">Adresse du si\u00e8ge social : 5 rue du faubourg national 67000 Strasbourg<\/p><p class=\"justifier\">T\u00e9l\u00e9phone : 03 88 52 90 58<\/p><p class=\"justifier\">E-mail : contact@flams.fr<\/p>\t\t\t\t\t\t\t\t<\/div>\n\t\t\t\t<\/div>\n\t\t\t\t\t<\/div>\n\t\t<\/div>\n\t\t\t\t\t<\/div>\n\t\t<\/section>\n\t\t\t\t<section class=\"elementor-section elementor-top-section elementor-element elementor-element-3e0f379 elementor-section-stretched elementor-section-boxed elementor-section-height-default elementor-section-height-default\" data-id=\"3e0f379\" data-element_type=\"section\" data-e-type=\"section\" data-settings=\"{&quot;stretch_section&quot;:&quot;section-stretched&quot;}\">\n\t\t\t\t\t\t<div class=\"elementor-container elementor-column-gap-default\">\n\t\t\t\t\t<div class=\"elementor-column elementor-col-100 elementor-top-column elementor-element elementor-element-3de4049\" data-id=\"3de4049\" data-element_type=\"column\" data-e-type=\"column\">\n\t\t\t<div class=\"elementor-widget-wrap elementor-element-populated\">\n\t\t\t\t\t\t<div class=\"elementor-element elementor-element-86ff830 elementor-widget elementor-widget-heading\" data-id=\"86ff830\" data-element_type=\"widget\" data-e-type=\"widget\" data-widget_type=\"heading.default\">\n\t\t\t\t<div class=\"elementor-widget-container\">\n\t\t\t\t\t<h2 class=\"elementor-heading-title elementor-size-default\">Directeur \/ Responsable de la publication<\/h2>\t\t\t\t<\/div>\n\t\t\t\t<\/div>\n\t\t\t\t<div class=\"elementor-element elementor-element-f26f989 elementor-widget__width-initial elementor-widget elementor-widget-text-editor\" data-id=\"f26f989\" data-element_type=\"widget\" data-e-type=\"widget\" data-widget_type=\"text-editor.default\">\n\t\t\t\t<div class=\"elementor-widget-container\">\n\t\t\t\t\t\t\t\t\t<p>Nicolas STEYER \/ Responsable marketing digital et informatique<\/p>\t\t\t\t\t\t\t\t<\/div>\n\t\t\t\t<\/div>\n\t\t\t\t\t<\/div>\n\t\t<\/div>\n\t\t\t\t\t<\/div>\n\t\t<\/section>\n\t\t\t\t<section class=\"elementor-section elementor-top-section elementor-element elementor-element-7763d68 elementor-section-stretched elementor-section-boxed elementor-section-height-default elementor-section-height-default\" data-id=\"7763d68\" data-element_type=\"section\" data-e-type=\"section\" data-settings=\"{&quot;stretch_section&quot;:&quot;section-stretched&quot;}\">\n\t\t\t\t\t\t<div class=\"elementor-container elementor-column-gap-default\">\n\t\t\t\t\t<div class=\"elementor-column elementor-col-100 elementor-top-column elementor-element elementor-element-bd06c97\" data-id=\"bd06c97\" data-element_type=\"column\" data-e-type=\"column\">\n\t\t\t<div class=\"elementor-widget-wrap elementor-element-populated\">\n\t\t\t\t\t\t<div class=\"elementor-element elementor-element-9bc512a elementor-widget elementor-widget-heading\" data-id=\"9bc512a\" data-element_type=\"widget\" data-e-type=\"widget\" data-widget_type=\"heading.default\">\n\t\t\t\t<div class=\"elementor-widget-container\">\n\t\t\t\t\t<h2 class=\"elementor-heading-title elementor-size-default\">H\u00e9bergement<\/h2>\t\t\t\t<\/div>\n\t\t\t\t<\/div>\n\t\t\t\t<div class=\"elementor-element elementor-element-69d49a9 elementor-widget__width-initial elementor-widget elementor-widget-text-editor\" data-id=\"69d49a9\" data-element_type=\"widget\" data-e-type=\"widget\" data-widget_type=\"text-editor.default\">\n\t\t\t\t<div class=\"elementor-widget-container\">\n\t\t\t\t\t\t\t\t\t<p class=\"justifier\">Soci\u00e9t\u00e9 OVH SAS Adresse web : www.ovh.com<\/p><p class=\"justifier\">Adresse postale : 2, rue Kellerman 59100 Roubaix<\/p><p class=\"justifier\">Adresse \u00e9lectronique : support@ovh.com<\/p><p>T\u00e9l\u00e9phone : \u00a009 72 10 10 10<\/p>\t\t\t\t\t\t\t\t<\/div>\n\t\t\t\t<\/div>\n\t\t\t\t\t<\/div>\n\t\t<\/div>\n\t\t\t\t\t<\/div>\n\t\t<\/section>\n\t\t\t\t<\/div>\n\t\t","protected":false},"excerpt":{"rendered":"<p>Mentions l\u00e9gales\/cr\u00e9dits Propri\u00e9t\u00e9 du site Le site www.flams.fr est la proprit\u00e9 pleine et enti\u00e8re de la soci\u00e9t\u00e9 FLAM SA Flam SA SA au capital de 38 508.62 \u20ac immatricul\u00e9e au RCS Strasbourg sous le num\u00e9ro 352 805 279 N\u00b0 de TVA Intra-communautaire : FR 58 352 805 279 00069 Adresse [&hellip;]<\/p>\n","protected":false},"author":3,"featured_media":0,"parent":0,"menu_order":0,"comment_status":"closed","ping_status":"closed","template":"","meta":{"inspiro_page_layout":"narrow","inspiro_hide_title":false,"footnotes":""},"class_list":["post-1180","page","type-page","status-publish","hentry"],"yoast_head":"<!-- This site is optimized with the Yoast SEO plugin v27.2 - https:\/\/yoast.com\/product\/yoast-seo-wordpress\/ -->\n<title>Mentions l\u00e9gales \/ Cr\u00e9dits - Flam&#039;s<\/title>\n<meta name=\"description\" content=\"D\u00e9couvrez les mentions l\u00e9gales et cr\u00e9dits du site www.flams.fr, propri\u00e9t\u00e9 de la soci\u00e9t\u00e9 FLAM SA. Retrouvez les informations sur l&#039;entreprise, son si\u00e8ge social \u00e0 Strasbourg, ainsi que les coordonn\u00e9es de contact.\" \/>\n<meta name=\"robots\" content=\"index, follow, max-snippet:-1, max-image-preview:large, max-video-preview:-1\" \/>\n<link rel=\"canonical\" href=\"https:\/\/flams.fr\/index.php\/mentions-legales-credits\/\" \/>\n<meta property=\"og:locale\" content=\"fr_FR\" \/>\n<meta property=\"og:type\" content=\"article\" \/>\n<meta property=\"og:title\" content=\"Mentions l\u00e9gales \/ Cr\u00e9dits - Flam&#039;s\" \/>\n<meta property=\"og:description\" content=\"D\u00e9couvrez les mentions l\u00e9gales et cr\u00e9dits du site www.flams.fr, propri\u00e9t\u00e9 de la soci\u00e9t\u00e9 FLAM SA. Retrouvez les informations sur l&#039;entreprise, son si\u00e8ge social \u00e0 Strasbourg, ainsi que les coordonn\u00e9es de contact.\" \/>\n<meta property=\"og:url\" content=\"https:\/\/flams.fr\/index.php\/mentions-legales-credits\/\" \/>\n<meta property=\"og:site_name\" content=\"Flam&#039;s\" \/>\n<meta property=\"article:modified_time\" content=\"2025-12-10T16:00:21+00:00\" \/>\n<meta name=\"twitter:card\" content=\"summary_large_image\" \/>\n<meta name=\"twitter:label1\" content=\"Dur\u00e9e de lecture estim\u00e9e\" \/>\n\t<meta name=\"twitter:data1\" content=\"1 minute\" \/>\n<script type=\"application\/ld+json\" class=\"yoast-schema-graph\">{\"@context\":\"https:\/\/schema.org\",\"@graph\":[{\"@type\":\"WebPage\",\"@id\":\"https:\/\/flams.fr\/index.php\/mentions-legales-credits\/\",\"url\":\"https:\/\/flams.fr\/index.php\/mentions-legales-credits\/\",\"name\":\"Mentions l\u00e9gales \/ Cr\u00e9dits - Flam&#039;s\",\"isPartOf\":{\"@id\":\"https:\/\/flams.fr\/#website\"},\"datePublished\":\"2023-04-13T11:23:49+00:00\",\"dateModified\":\"2025-12-10T16:00:21+00:00\",\"description\":\"D\u00e9couvrez les mentions l\u00e9gales et cr\u00e9dits du site www.flams.fr, propri\u00e9t\u00e9 de la soci\u00e9t\u00e9 FLAM SA. Retrouvez les informations sur l'entreprise, son si\u00e8ge social \u00e0 Strasbourg, ainsi que les coordonn\u00e9es de contact.\",\"breadcrumb\":{\"@id\":\"https:\/\/flams.fr\/index.php\/mentions-legales-credits\/#breadcrumb\"},\"inLanguage\":\"fr-FR\",\"potentialAction\":[{\"@type\":\"ReadAction\",\"target\":[\"https:\/\/flams.fr\/index.php\/mentions-legales-credits\/\"]}]},{\"@type\":\"BreadcrumbList\",\"@id\":\"https:\/\/flams.fr\/index.php\/mentions-legales-credits\/#breadcrumb\",\"itemListElement\":[{\"@type\":\"ListItem\",\"position\":1,\"name\":\"Accueil Flam's\",\"item\":\"https:\/\/flams.fr\/\"},{\"@type\":\"ListItem\",\"position\":2,\"name\":\"Mentions l\u00e9gales \/ Cr\u00e9dits\"}]},{\"@type\":\"WebSite\",\"@id\":\"https:\/\/flams.fr\/#website\",\"url\":\"https:\/\/flams.fr\/\",\"name\":\"Flams\",\"description\":\"La flam&#039;s qui se partage\",\"publisher\":{\"@id\":\"https:\/\/flams.fr\/#organization\"},\"potentialAction\":[{\"@type\":\"SearchAction\",\"target\":{\"@type\":\"EntryPoint\",\"urlTemplate\":\"https:\/\/flams.fr\/?s={search_term_string}\"},\"query-input\":{\"@type\":\"PropertyValueSpecification\",\"valueRequired\":true,\"valueName\":\"search_term_string\"}}],\"inLanguage\":\"fr-FR\"},{\"@type\":\"Organization\",\"@id\":\"https:\/\/flams.fr\/#organization\",\"name\":\"Flam's\",\"url\":\"https:\/\/flams.fr\/\",\"logo\":{\"@type\":\"ImageObject\",\"inLanguage\":\"fr-FR\",\"@id\":\"https:\/\/flams.fr\/#\/schema\/logo\/image\/\",\"url\":\"https:\/\/flams.fr\/wp-content\/uploads\/2023\/03\/Logo_flams_web.png\",\"contentUrl\":\"https:\/\/flams.fr\/wp-content\/uploads\/2023\/03\/Logo_flams_web.png\",\"width\":512,\"height\":512,\"caption\":\"Flam's\"},\"image\":{\"@id\":\"https:\/\/flams.fr\/#\/schema\/logo\/image\/\"}}]}<\/script>\n<!-- \/ Yoast SEO plugin. -->","yoast_head_json":{"title":"Mentions l\u00e9gales \/ Cr\u00e9dits - Flam&#039;s","description":"D\u00e9couvrez les mentions l\u00e9gales et cr\u00e9dits du site www.flams.fr, propri\u00e9t\u00e9 de la soci\u00e9t\u00e9 FLAM SA. Retrouvez les informations sur l'entreprise, son si\u00e8ge social \u00e0 Strasbourg, ainsi que les coordonn\u00e9es de contact.","robots":{"index":"index","follow":"follow","max-snippet":"max-snippet:-1","max-image-preview":"max-image-preview:large","max-video-preview":"max-video-preview:-1"},"canonical":"https:\/\/flams.fr\/index.php\/mentions-legales-credits\/","og_locale":"fr_FR","og_type":"article","og_title":"Mentions l\u00e9gales \/ Cr\u00e9dits - Flam&#039;s","og_description":"D\u00e9couvrez les mentions l\u00e9gales et cr\u00e9dits du site www.flams.fr, propri\u00e9t\u00e9 de la soci\u00e9t\u00e9 FLAM SA. Retrouvez les informations sur l'entreprise, son si\u00e8ge social \u00e0 Strasbourg, ainsi que les coordonn\u00e9es de contact.","og_url":"https:\/\/flams.fr\/index.php\/mentions-legales-credits\/","og_site_name":"Flam&#039;s","article_modified_time":"2025-12-10T16:00:21+00:00","twitter_card":"summary_large_image","twitter_misc":{"Dur\u00e9e de lecture estim\u00e9e":"1 minute"},"schema":{"@context":"https:\/\/schema.org","@graph":[{"@type":"WebPage","@id":"https:\/\/flams.fr\/index.php\/mentions-legales-credits\/","url":"https:\/\/flams.fr\/index.php\/mentions-legales-credits\/","name":"Mentions l\u00e9gales \/ Cr\u00e9dits - Flam&#039;s","isPartOf":{"@id":"https:\/\/flams.fr\/#website"},"datePublished":"2023-04-13T11:23:49+00:00","dateModified":"2025-12-10T16:00:21+00:00","description":"D\u00e9couvrez les mentions l\u00e9gales et cr\u00e9dits du site www.flams.fr, propri\u00e9t\u00e9 de la soci\u00e9t\u00e9 FLAM SA. Retrouvez les informations sur l'entreprise, son si\u00e8ge social \u00e0 Strasbourg, ainsi que les coordonn\u00e9es de contact.","breadcrumb":{"@id":"https:\/\/flams.fr\/index.php\/mentions-legales-credits\/#breadcrumb"},"inLanguage":"fr-FR","potentialAction":[{"@type":"ReadAction","target":["https:\/\/flams.fr\/index.php\/mentions-legales-credits\/"]}]},{"@type":"BreadcrumbList","@id":"https:\/\/flams.fr\/index.php\/mentions-legales-credits\/#breadcrumb","itemListElement":[{"@type":"ListItem","position":1,"name":"Accueil Flam's","item":"https:\/\/flams.fr\/"},{"@type":"ListItem","position":2,"name":"Mentions l\u00e9gales \/ Cr\u00e9dits"}]},{"@type":"WebSite","@id":"https:\/\/flams.fr\/#website","url":"https:\/\/flams.fr\/","name":"Flams","description":"La flam&#039;s qui se partage","publisher":{"@id":"https:\/\/flams.fr\/#organization"},"potentialAction":[{"@type":"SearchAction","target":{"@type":"EntryPoint","urlTemplate":"https:\/\/flams.fr\/?s={search_term_string}"},"query-input":{"@type":"PropertyValueSpecification","valueRequired":true,"valueName":"search_term_string"}}],"inLanguage":"fr-FR"},{"@type":"Organization","@id":"https:\/\/flams.fr\/#organization","name":"Flam's","url":"https:\/\/flams.fr\/","logo":{"@type":"ImageObject","inLanguage":"fr-FR","@id":"https:\/\/flams.fr\/#\/schema\/logo\/image\/","url":"https:\/\/flams.fr\/wp-content\/uploads\/2023\/03\/Logo_flams_web.png","contentUrl":"https:\/\/flams.fr\/wp-content\/uploads\/2023\/03\/Logo_flams_web.png","width":512,"height":512,"caption":"Flam's"},"image":{"@id":"https:\/\/flams.fr\/#\/schema\/logo\/image\/"}}]}},"_links":{"self":[{"href":"https:\/\/flams.fr\/index.php\/wp-json\/wp\/v2\/pages\/1180","targetHints":{"allow":["GET"]}}],"collection":[{"href":"https:\/\/flams.fr\/index.php\/wp-json\/wp\/v2\/pages"}],"about":[{"href":"https:\/\/flams.fr\/index.php\/wp-json\/wp\/v2\/types\/page"}],"author":[{"embeddable":true,"href":"https:\/\/flams.fr\/index.php\/wp-json\/wp\/v2\/users\/3"}],"replies":[{"embeddable":true,"href":"https:\/\/flams.fr\/index.php\/wp-json\/wp\/v2\/comments?post=1180"}],"version-history":[{"count":38,"href":"https:\/\/flams.fr\/index.php\/wp-json\/wp\/v2\/pages\/1180\/revisions"}],"predecessor-version":[{"id":12963,"href":"https:\/\/flams.fr\/index.php\/wp-json\/wp\/v2\/pages\/1180\/revisions\/12963"}],"wp:attachment":[{"href":"https:\/\/flams.fr\/index.php\/wp-json\/wp\/v2\/media?parent=1180"}],"curies":[{"name":"wp","href":"https:\/\/api.w.org\/{rel}","templated":true}]}}