{"id":1182,"date":"2023-04-13T13:24:16","date_gmt":"2023-04-13T11:24:16","guid":{"rendered":"https:\/\/flamsweb.fr\/?page_id=1182"},"modified":"2023-07-19T15:52:28","modified_gmt":"2023-07-19T13:52:28","slug":"politique-de-confidentialite","status":"publish","type":"page","link":"https:\/\/flams.fr\/index.php\/politique-de-confidentialite\/","title":{"rendered":"Politique de confidentialit\u00e9"},"content":{"rendered":"\t\t<div data-elementor-type=\"wp-page\" data-elementor-id=\"1182\" class=\"elementor elementor-1182\" data-elementor-post-type=\"page\">\n\t\t\t\t\t\t<section class=\"elementor-section elementor-top-section elementor-element elementor-element-fad964d elementor-section-stretched elementor-section-boxed elementor-section-height-default elementor-section-height-default\" data-id=\"fad964d\" data-element_type=\"section\" data-e-type=\"section\" data-settings=\"{&quot;stretch_section&quot;:&quot;section-stretched&quot;}\">\n\t\t\t\t\t\t<div class=\"elementor-container elementor-column-gap-default\">\n\t\t\t\t\t<div class=\"elementor-column elementor-col-100 elementor-top-column elementor-element elementor-element-8d12e5c\" data-id=\"8d12e5c\" data-element_type=\"column\" data-e-type=\"column\">\n\t\t\t<div class=\"elementor-widget-wrap elementor-element-populated\">\n\t\t\t\t\t\t<div class=\"elementor-element elementor-element-f96ea78 elementor-widget elementor-widget-heading\" data-id=\"f96ea78\" data-element_type=\"widget\" data-e-type=\"widget\" data-widget_type=\"heading.default\">\n\t\t\t\t<div class=\"elementor-widget-container\">\n\t\t\t\t\t<h2 class=\"elementor-heading-title elementor-size-default\">Politique de confidentialit\u00e9s<\/h2>\t\t\t\t<\/div>\n\t\t\t\t<\/div>\n\t\t\t\t<div class=\"elementor-element elementor-element-38232de elementor-widget elementor-widget-spacer\" data-id=\"38232de\" data-element_type=\"widget\" data-e-type=\"widget\" data-widget_type=\"spacer.default\">\n\t\t\t\t<div class=\"elementor-widget-container\">\n\t\t\t\t\t\t\t<div class=\"elementor-spacer\">\n\t\t\t<div class=\"elementor-spacer-inner\"><\/div>\n\t\t<\/div>\n\t\t\t\t\t\t<\/div>\n\t\t\t\t<\/div>\n\t\t\t\t\t<\/div>\n\t\t<\/div>\n\t\t\t\t\t<\/div>\n\t\t<\/section>\n\t\t\t\t<section class=\"elementor-section elementor-top-section elementor-element elementor-element-b08b0d1 elementor-section-stretched elementor-section-boxed elementor-section-height-default elementor-section-height-default\" data-id=\"b08b0d1\" data-element_type=\"section\" data-e-type=\"section\" data-settings=\"{&quot;stretch_section&quot;:&quot;section-stretched&quot;}\">\n\t\t\t\t\t\t<div class=\"elementor-container elementor-column-gap-default\">\n\t\t\t\t\t<div class=\"elementor-column elementor-col-100 elementor-top-column elementor-element elementor-element-267867b\" data-id=\"267867b\" data-element_type=\"column\" data-e-type=\"column\">\n\t\t\t<div class=\"elementor-widget-wrap elementor-element-populated\">\n\t\t\t\t\t\t<div class=\"elementor-element elementor-element-9f04f4c elementor-widget elementor-widget-text-editor\" data-id=\"9f04f4c\" data-element_type=\"widget\" data-e-type=\"widget\" data-widget_type=\"text-editor.default\">\n\t\t\t\t<div class=\"elementor-widget-container\">\n\t\t\t\t\t\t\t\t\t<p>La pr\u00e9sente politique de confidentialit\u00e9 d\u00e9crit les m\u00e9thodes de traitement des donn\u00e9es \u00e0 caract\u00e8re personnel des clients de la soci\u00e9t\u00e9 FLAM SA, au capital de 38 508,62 \u20ac sise 5 rue du Faubourg National &#8211; 67000 Strasbourg, immatricul\u00e9e au registre du commerce et des soci\u00e9t\u00e9s de Strasbourg sous le num\u00e9ro 352 805 279, repr\u00e9sent\u00e9e par Monsieur Erik GAY, en sa qualit\u00e9 de G\u00e9rant, en tant que responsable de traitement.<\/p>\n<p>Un certain nombre des restaurants sous enseignes Flam&rsquo;s sont exploit\u00e9s par des partenaires, entrepreneurs ind\u00e9pendants. La pr\u00e9sente politique de protection des donn\u00e9es personnelles ne s&rsquo;applique pas \u00e0 nos partenaires.<\/p><ul>\n<\/ul>\t\t\t\t\t\t\t\t<\/div>\n\t\t\t\t<\/div>\n\t\t\t\t<div class=\"elementor-element elementor-element-8ea6e04 elementor-widget elementor-widget-heading\" data-id=\"8ea6e04\" data-element_type=\"widget\" data-e-type=\"widget\" data-widget_type=\"heading.default\">\n\t\t\t\t<div class=\"elementor-widget-container\">\n\t\t\t\t\t<h2 class=\"elementor-heading-title elementor-size-default\">I. Quelles sont les donn\u00e9es \u00e0 caract\u00e8re personnel collect\u00e9es par FLAM SA?<\/h2>\t\t\t\t<\/div>\n\t\t\t\t<\/div>\n\t\t\t\t<div class=\"elementor-element elementor-element-dad2c64 elementor-widget elementor-widget-text-editor\" data-id=\"dad2c64\" data-element_type=\"widget\" data-e-type=\"widget\" data-widget_type=\"text-editor.default\">\n\t\t\t\t<div class=\"elementor-widget-container\">\n\t\t\t\t\t\t\t\t\t<p>En fonction des interactions que vous pouvez avoir avec FLAM SA, vous pouvez \u00eatre amen\u00e9s \u00e0 nous communiquer les donn\u00e9es \u00e0 caract\u00e8re personnel suivantes :<\/p>\n<ul>\n<li>Vos coordonn\u00e9es personnelles: nom, pr\u00e9nom, date de naissance, adresse email, n\u00b0 de t\u00e9l\u00e9phone, code postal\u2026 Ces donn\u00e9es \u00e0 caract\u00e8re personnel nous sont transmises lorsque vous vous inscrivez \u00e0 notre programme de fid\u00e9lit\u00e9. Nous pouvons aussi collecter ces donn\u00e9es \u00e0 caract\u00e8re personnel lorsque vous vous inscrivez \u00e0 un de nos jeux concours,<\/li>\n<li>Les informations communiqu\u00e9s lorsque vous envoyez une demande de r\u00e9servation via notre formulaire de contact \u00e0 condition d&rsquo;accepter les CGU,<\/li>\n<li>Des informations sur votre profil (vos pr\u00e9f\u00e9rences de produits, les moments auxquels vous pr\u00e9f\u00e9rez nous rendre visite\u2026). Ces donn\u00e9es \u00e0 caract\u00e8re personnel nous sont transmises lorsque vous passez commande en restaurants \u00e0 condition que vous soyez inscrits \u00e0 notre programme de fid\u00e9lit\u00e9.<\/li>\n<\/ul>\n<p>Outre les donn\u00e9es \u00e0 caract\u00e8re personnel que vous nous communiquez, lorsque vous visitez notre site internet : Flams.fr, nous sommes amen\u00e9s \u00e0 collecter, de mani\u00e8re automatis\u00e9e, les donn\u00e9es \u00e0 caract\u00e8re personnel suivantes, notamment via le param\u00e9trage des cookies:<\/p>\n<ul>\n<li>votre adresse IP (Internet Protocol),<\/li>\n<li>les dates et heures auxquelles vous acc\u00e9dez \u00e0 notre site internet,<\/li>\n<li>les noms et adresses URL des fichiers consult\u00e9s,<\/li>\n<li>le type de syst\u00e8me d&rsquo;exploitation et de navigateur de l&rsquo;ordinateur ou du t\u00e9l\u00e9phone mobile utilis\u00e9,<\/li>\n<li>le type d&rsquo;appareil mobile utilis\u00e9 et ses param\u00e8tres,<\/li>\n<li>le site Internet qui vous a conduit(e) au n\u00f4tre,<\/li>\n<li>l&rsquo;usage que vous faites de notre site internet (les pages consult\u00e9es, notamment).<\/li>\n<\/ul>\n<p>FLAM SA est \u00e9galement susceptible de collecter des donn\u00e9es \u00e0 caract\u00e8re personnel vous concernant via des prestataires tiers tels que des prestataires de r\u00e9servation en ligne Zenchef.<\/p>\t\t\t\t\t\t\t\t<\/div>\n\t\t\t\t<\/div>\n\t\t\t\t<div class=\"elementor-element elementor-element-803dd8d elementor-widget elementor-widget-heading\" data-id=\"803dd8d\" data-element_type=\"widget\" data-e-type=\"widget\" data-widget_type=\"heading.default\">\n\t\t\t\t<div class=\"elementor-widget-container\">\n\t\t\t\t\t<h2 class=\"elementor-heading-title elementor-size-default\">II. Quelles sont les finalit\u00e9s pour lesquelles FLAM SA collecte des donn\u00e9es \u00e0 caract\u00e8re personnel?\u200b<\/h2>\t\t\t\t<\/div>\n\t\t\t\t<\/div>\n\t\t\t\t<div class=\"elementor-element elementor-element-6118610 elementor-widget elementor-widget-text-editor\" data-id=\"6118610\" data-element_type=\"widget\" data-e-type=\"widget\" data-widget_type=\"text-editor.default\">\n\t\t\t\t<div class=\"elementor-widget-container\">\n\t\t\t\t\t\t\t\t\t<p>FLAM SA peut utiliser les donn\u00e9es personnelles de ses clients pour les finalit\u00e9s suivantes :<\/p>\n<p><strong>i. Pour \u00e9tablir une relation contractuelle avec vous :<\/strong><\/p>\n<ul>\n<li>traiter vos demandes de r\u00e9servation et r\u00e9pondre \u00e0 vos demandes li\u00e9es \u00e0 celles-ci,<\/li>\n<li>vous inscrire et g\u00e9rer notre programme de fid\u00e9lit\u00e9,<\/li>\n<li>g\u00e9rer nos jeux-concours,<\/li>\n<li>traiter vos demandes d&rsquo;informations et de r\u00e9clamations,<\/li>\n<li>pr\u00e9venir et lutter contre la fraude,<\/li>\n<li>\u00e9tablir des moyens de preuve pour d\u00e9fendre nos droits,<\/li>\n<li>r\u00e9aliser des statistiques et des analyses pour am\u00e9liorer nos produits et services,<\/li>\n<li>g\u00e9rer les cookies qui ne n\u00e9cessitent pas votre consentement,<\/li>\n<li>conserver des traces informatiques pour d\u00e9tecter les incidents de s\u00e9curit\u00e9.<\/li>\n<\/ul>\n<p><strong>ii. Nous nous conformons \u00e0 la l\u00e9gislation en :<\/strong><\/p>\n<ul>\n<li>g\u00e9rant les r\u00e9ponses aux demandes officielles des autorit\u00e9s publiques ou judiciaires,<\/li>\n<li>respectant la r\u00e9glementation applicable \u00e0 notre activit\u00e9,<\/li>\n<li>conservant les documents obligatoires li\u00e9s aux transactions conform\u00e9ment \u00e0 nos obligations,<\/li>\n<li>g\u00e9rant les demandes d&rsquo;exercice de vos droits sur vos donn\u00e9es personnelles.<\/li>\n<\/ul>\n<p><strong>iii. Si vous y avez consenti (ou si les exceptions l\u00e9gales applicables vous permettent de vous y opposer), nous pouvons utiliser les donn\u00e9es \u00e0 caract\u00e8re personnel collect\u00e9es pour les finalit\u00e9s suivantes :<\/strong><\/p>\n<ul>\n<li>Vous envoyer des e-mails ou des messages texte (SMS) concernant des promotions ou offres personnalis\u00e9es,<\/li>\n<li>Vous envoyer des e-mails ou des messages texte (SMS) relatifs aux produits et services de nos partenaires commerciaux,<\/li>\n<li>G\u00e9rer les cookies soumis \u00e0 consentement.<\/li>\n<\/ul>\t\t\t\t\t\t\t\t<\/div>\n\t\t\t\t<\/div>\n\t\t\t\t<div class=\"elementor-element elementor-element-d00b1d0 elementor-widget elementor-widget-heading\" data-id=\"d00b1d0\" data-element_type=\"widget\" data-e-type=\"widget\" data-widget_type=\"heading.default\">\n\t\t\t\t<div class=\"elementor-widget-container\">\n\t\t\t\t\t<h2 class=\"elementor-heading-title elementor-size-default\">III. Avec qui partageons nous les donn\u00e9es \u00e0 caract\u00e8re personnel que Flam sa a collect\u00e9es<\/h2>\t\t\t\t<\/div>\n\t\t\t\t<\/div>\n\t\t\t\t<div class=\"elementor-element elementor-element-27d5767 elementor-widget elementor-widget-text-editor\" data-id=\"27d5767\" data-element_type=\"widget\" data-e-type=\"widget\" data-widget_type=\"text-editor.default\">\n\t\t\t\t<div class=\"elementor-widget-container\">\n\t\t\t\t\t\t\t\t\t<p>FLAM SA ne vend aucune donn\u00e9e \u00e0 caract\u00e8re personnel. Les donn\u00e9es \u00e0 caract\u00e8re personnel des clients ne sont partag\u00e9es que dans les conditions suivantes :<\/p><ul><li>Avec les partenaires de FLAM SA, entrepreneurs individuels exploitant un restaurant sous enseigne Flam&rsquo;s,<\/li><li>Avec les sous-traitants en charge de l&rsquo;h\u00e9bergement des donn\u00e9es,<\/li><li>Avec les sous-traitants en charge du programme de fid\u00e9lit\u00e9,<\/li><li>Avec les sous-traitants en charge de l&rsquo;envoi d&rsquo;e-mailing\/sms de prospection commerciale,<\/li><li>Avec toute autorit\u00e9 comp\u00e9tente pour respecter la loi, initier une proc\u00e9dure judiciaire ou prot\u00e9ger les droits et int\u00e9r\u00eats de FLAM SA, de ses collaborateurs, de ses partenaires ou du grand public, ou encore dans le cadre d&rsquo;une enqu\u00eate sur un cas de fraude ou sur toute autre infraction ou violation de ses politiques.<\/li><\/ul><p>FLAM SA ne transf\u00e8re aucune donn\u00e9e \u00e0 caract\u00e8re personnel en dehors de l&rsquo;Union Europ\u00e9enne. Toutefois, en cas de restructuration ou de r\u00e9organisation interne, FLAM SA peut \u00eatre amen\u00e9e \u00e0 transmettre les donn\u00e9es \u00e0 caract\u00e8re personnel de ses clients.<\/p>\t\t\t\t\t\t\t\t<\/div>\n\t\t\t\t<\/div>\n\t\t\t\t<div class=\"elementor-element elementor-element-06e8321 elementor-widget elementor-widget-heading\" data-id=\"06e8321\" data-element_type=\"widget\" data-e-type=\"widget\" data-widget_type=\"heading.default\">\n\t\t\t\t<div class=\"elementor-widget-container\">\n\t\t\t\t\t<h2 class=\"elementor-heading-title elementor-size-default\">IV. Quels sont vos droits concernant les donn\u00e9es \u00e0 caract\u00e8re personnel que flam sa a collect\u00e9es ?<\/h2>\t\t\t\t<\/div>\n\t\t\t\t<\/div>\n\t\t\t\t<div class=\"elementor-element elementor-element-41403ba elementor-widget elementor-widget-text-editor\" data-id=\"41403ba\" data-element_type=\"widget\" data-e-type=\"widget\" data-widget_type=\"text-editor.default\">\n\t\t\t\t<div class=\"elementor-widget-container\">\n\t\t\t\t\t\t\t\t\t<p>Vous avez \u00e0 tout moment le droit de contr\u00f4ler l&rsquo;utilisation de vos donn\u00e9es \u00e0 caract\u00e8re personnel, sous r\u00e9serve de remplir certaines conditions, notamment les suivantes :<\/p><ul><li>Le droit d&rsquo;acc\u00e9der \u00e0 vos donn\u00e9es ;<\/li><li>Le droit de les rectifier ;<\/li><li>Le droit de vous opposer \u00e0 leur traitement pour motif l\u00e9gitime ;<\/li><li>Le droit d&rsquo;en demander la suppression ;<\/li><li>Le droit de demander la limitation d&rsquo;un traitement ;<\/li><li>Le droit \u00e0 la portabilit\u00e9 de vos donn\u00e9es ;<\/li><li>Le droit de d\u00e9finir des directives relatives \u00e0 la conservation, l&rsquo;effacement et la communication de vos donn\u00e9es apr\u00e8s votre mort.<\/li><\/ul><p>Vous pouvez exercer ces droits :<\/p><ul><li>Par e-mail :\u00a0<\/li><li>Par courrier, en adressant votre demande \u00e0 FLAM SA &#8211; Service juridique &#8211; 5, rue du Faubourg National &#8211; 67000 STRASBOURG.<\/li><\/ul><p>En cas de difficult\u00e9 relative \u00e0 la gestion de vos donn\u00e9es \u00e0 caract\u00e8re personnel, vous pouvez contacter la Commission Nationale de l&rsquo;Informatique et des Libert\u00e9s (CNIL).<\/p>\t\t\t\t\t\t\t\t<\/div>\n\t\t\t\t<\/div>\n\t\t\t\t<div class=\"elementor-element elementor-element-70ec287 elementor-widget elementor-widget-heading\" data-id=\"70ec287\" data-element_type=\"widget\" data-e-type=\"widget\" data-widget_type=\"heading.default\">\n\t\t\t\t<div class=\"elementor-widget-container\">\n\t\t\t\t\t<h2 class=\"elementor-heading-title elementor-size-default\">V. Quelle est la dur\u00e9e de conservation des donn\u00e9es \u00e0 caract\u00e8re personnel que FLAM SA a collect\u00e9es ?<\/h2>\t\t\t\t<\/div>\n\t\t\t\t<\/div>\n\t\t\t\t<div class=\"elementor-element elementor-element-cc3de64 elementor-widget elementor-widget-text-editor\" data-id=\"cc3de64\" data-element_type=\"widget\" data-e-type=\"widget\" data-widget_type=\"text-editor.default\">\n\t\t\t\t<div class=\"elementor-widget-container\">\n\t\t\t\t\t\t\t\t\t<p>Les donn\u00e9es \u00e0 caract\u00e8re personnel que FLAM SA a collect\u00e9es sont conserv\u00e9es en fonction des finalit\u00e9s de la collecte, \u00e0 savoir :<\/p><ul><li>Pour la prospection commerciale : pendant 3 ans \u00e0 compter du dernier contact ou de la derni\u00e8re commande,<\/li><li>Pour une p\u00e9riode de 10 ans conform\u00e9ment \u00e0 nos obligations l\u00e9gales et contractuelles,<\/li><li>Pour la lutte contre la fraude : conform\u00e9ment aux conditions de prescription l\u00e9gale.<\/li><\/ul>\t\t\t\t\t\t\t\t<\/div>\n\t\t\t\t<\/div>\n\t\t\t\t<div class=\"elementor-element elementor-element-82b9387 elementor-widget elementor-widget-heading\" data-id=\"82b9387\" data-element_type=\"widget\" data-e-type=\"widget\" data-widget_type=\"heading.default\">\n\t\t\t\t<div class=\"elementor-widget-container\">\n\t\t\t\t\t<h2 class=\"elementor-heading-title elementor-size-default\">VI. coordonn\u00e9es de notre d\u00e9l\u00e9gu\u00e9 a la prospection des donn\u00e9es<\/h2>\t\t\t\t<\/div>\n\t\t\t\t<\/div>\n\t\t\t\t<div class=\"elementor-element elementor-element-7c29851 elementor-widget elementor-widget-text-editor\" data-id=\"7c29851\" data-element_type=\"widget\" data-e-type=\"widget\" data-widget_type=\"text-editor.default\">\n\t\t\t\t<div class=\"elementor-widget-container\">\n\t\t\t\t\t\t\t\t\t<p>Flam SA dispose d\u2019un D\u00e9l\u00e9gu\u00e9 \u00e0 la protection des donn\u00e9es dont la mission est de faire respecter la r\u00e9glementation en vigueur sur la protection des donn\u00e9es personnelles. Vous pouvez contacter le DPO de la Soci\u00e9t\u00e9 \u00e0 l\u2019adresse suivante :<\/p>\t\t\t\t\t\t\t\t<\/div>\n\t\t\t\t<\/div>\n\t\t\t\t\t<\/div>\n\t\t<\/div>\n\t\t\t\t\t<\/div>\n\t\t<\/section>\n\t\t\t\t<\/div>\n\t\t","protected":false},"excerpt":{"rendered":"<p>Politique de confidentialit\u00e9s La pr\u00e9sente politique de confidentialit\u00e9 d\u00e9crit les m\u00e9thodes de traitement des donn\u00e9es \u00e0 caract\u00e8re personnel des clients de la soci\u00e9t\u00e9 FLAM SA, au capital de 38 508,62 \u20ac sise 5 rue du Faubourg National &#8211; 67000 Strasbourg, immatricul\u00e9e au registre du commerce et des soci\u00e9t\u00e9s de Strasbourg [&hellip;]<\/p>\n","protected":false},"author":3,"featured_media":0,"parent":0,"menu_order":0,"comment_status":"closed","ping_status":"closed","template":"","meta":{"inspiro_page_layout":"narrow","inspiro_hide_title":false,"footnotes":""},"class_list":["post-1182","page","type-page","status-publish","hentry"],"yoast_head":"<!-- This site is optimized with the Yoast SEO plugin v27.5 - https:\/\/yoast.com\/product\/yoast-seo-wordpress\/ -->\n<title>Politique de confidentialit\u00e9 - Flam&#039;s<\/title>\n<meta name=\"description\" content=\"D\u00e9couvrez notre Politique de Confidentialit\u00e9 concernant le traitement des donn\u00e9es personnelles des clients de FLAM SA. Nous d\u00e9crivons les informations collect\u00e9es, nos finalit\u00e9s, le partage de donn\u00e9es, vos droits, et la dur\u00e9e de conservation.\" \/>\n<meta name=\"robots\" content=\"index, follow, max-snippet:-1, max-image-preview:large, max-video-preview:-1\" \/>\n<link rel=\"canonical\" href=\"https:\/\/flams.fr\/index.php\/politique-de-confidentialite\/\" \/>\n<meta property=\"og:locale\" content=\"fr_FR\" \/>\n<meta property=\"og:type\" content=\"article\" \/>\n<meta property=\"og:title\" content=\"Politique de confidentialit\u00e9 - Flam&#039;s\" \/>\n<meta property=\"og:description\" content=\"D\u00e9couvrez notre Politique de Confidentialit\u00e9 concernant le traitement des donn\u00e9es personnelles des clients de FLAM SA. Nous d\u00e9crivons les informations collect\u00e9es, nos finalit\u00e9s, le partage de donn\u00e9es, vos droits, et la dur\u00e9e de conservation.\" \/>\n<meta property=\"og:url\" content=\"https:\/\/flams.fr\/index.php\/politique-de-confidentialite\/\" \/>\n<meta property=\"og:site_name\" content=\"Flam&#039;s\" \/>\n<meta property=\"article:modified_time\" content=\"2023-07-19T13:52:28+00:00\" \/>\n<meta name=\"twitter:card\" content=\"summary_large_image\" \/>\n<meta name=\"twitter:label1\" content=\"Dur\u00e9e de lecture estim\u00e9e\" \/>\n\t<meta name=\"twitter:data1\" content=\"6 minutes\" \/>\n<script type=\"application\/ld+json\" class=\"yoast-schema-graph\">{\"@context\":\"https:\\\/\\\/schema.org\",\"@graph\":[{\"@type\":\"WebPage\",\"@id\":\"https:\\\/\\\/flams.fr\\\/index.php\\\/politique-de-confidentialite\\\/\",\"url\":\"https:\\\/\\\/flams.fr\\\/index.php\\\/politique-de-confidentialite\\\/\",\"name\":\"Politique de confidentialit\u00e9 - Flam&#039;s\",\"isPartOf\":{\"@id\":\"https:\\\/\\\/flams.fr\\\/#website\"},\"datePublished\":\"2023-04-13T11:24:16+00:00\",\"dateModified\":\"2023-07-19T13:52:28+00:00\",\"description\":\"D\u00e9couvrez notre Politique de Confidentialit\u00e9 concernant le traitement des donn\u00e9es personnelles des clients de FLAM SA. Nous d\u00e9crivons les informations collect\u00e9es, nos finalit\u00e9s, le partage de donn\u00e9es, vos droits, et la dur\u00e9e de conservation.\",\"breadcrumb\":{\"@id\":\"https:\\\/\\\/flams.fr\\\/index.php\\\/politique-de-confidentialite\\\/#breadcrumb\"},\"inLanguage\":\"fr-FR\",\"potentialAction\":[{\"@type\":\"ReadAction\",\"target\":[\"https:\\\/\\\/flams.fr\\\/index.php\\\/politique-de-confidentialite\\\/\"]}]},{\"@type\":\"BreadcrumbList\",\"@id\":\"https:\\\/\\\/flams.fr\\\/index.php\\\/politique-de-confidentialite\\\/#breadcrumb\",\"itemListElement\":[{\"@type\":\"ListItem\",\"position\":1,\"name\":\"Accueil Flam's\",\"item\":\"https:\\\/\\\/flams.fr\\\/\"},{\"@type\":\"ListItem\",\"position\":2,\"name\":\"Politique de confidentialit\u00e9\"}]},{\"@type\":\"WebSite\",\"@id\":\"https:\\\/\\\/flams.fr\\\/#website\",\"url\":\"https:\\\/\\\/flams.fr\\\/\",\"name\":\"Flams\",\"description\":\"La flam&#039;s qui se partage\",\"publisher\":{\"@id\":\"https:\\\/\\\/flams.fr\\\/#organization\"},\"potentialAction\":[{\"@type\":\"SearchAction\",\"target\":{\"@type\":\"EntryPoint\",\"urlTemplate\":\"https:\\\/\\\/flams.fr\\\/?s={search_term_string}\"},\"query-input\":{\"@type\":\"PropertyValueSpecification\",\"valueRequired\":true,\"valueName\":\"search_term_string\"}}],\"inLanguage\":\"fr-FR\"},{\"@type\":\"Organization\",\"@id\":\"https:\\\/\\\/flams.fr\\\/#organization\",\"name\":\"Flam's\",\"url\":\"https:\\\/\\\/flams.fr\\\/\",\"logo\":{\"@type\":\"ImageObject\",\"inLanguage\":\"fr-FR\",\"@id\":\"https:\\\/\\\/flams.fr\\\/#\\\/schema\\\/logo\\\/image\\\/\",\"url\":\"https:\\\/\\\/flams.fr\\\/wp-content\\\/uploads\\\/2023\\\/03\\\/Logo_flams_web.png\",\"contentUrl\":\"https:\\\/\\\/flams.fr\\\/wp-content\\\/uploads\\\/2023\\\/03\\\/Logo_flams_web.png\",\"width\":512,\"height\":512,\"caption\":\"Flam's\"},\"image\":{\"@id\":\"https:\\\/\\\/flams.fr\\\/#\\\/schema\\\/logo\\\/image\\\/\"}}]}<\/script>\n<!-- \/ Yoast SEO plugin. -->","yoast_head_json":{"title":"Politique de confidentialit\u00e9 - Flam&#039;s","description":"D\u00e9couvrez notre Politique de Confidentialit\u00e9 concernant le traitement des donn\u00e9es personnelles des clients de FLAM SA. Nous d\u00e9crivons les informations collect\u00e9es, nos finalit\u00e9s, le partage de donn\u00e9es, vos droits, et la dur\u00e9e de conservation.","robots":{"index":"index","follow":"follow","max-snippet":"max-snippet:-1","max-image-preview":"max-image-preview:large","max-video-preview":"max-video-preview:-1"},"canonical":"https:\/\/flams.fr\/index.php\/politique-de-confidentialite\/","og_locale":"fr_FR","og_type":"article","og_title":"Politique de confidentialit\u00e9 - Flam&#039;s","og_description":"D\u00e9couvrez notre Politique de Confidentialit\u00e9 concernant le traitement des donn\u00e9es personnelles des clients de FLAM SA. Nous d\u00e9crivons les informations collect\u00e9es, nos finalit\u00e9s, le partage de donn\u00e9es, vos droits, et la dur\u00e9e de conservation.","og_url":"https:\/\/flams.fr\/index.php\/politique-de-confidentialite\/","og_site_name":"Flam&#039;s","article_modified_time":"2023-07-19T13:52:28+00:00","twitter_card":"summary_large_image","twitter_misc":{"Dur\u00e9e de lecture estim\u00e9e":"6 minutes"},"schema":{"@context":"https:\/\/schema.org","@graph":[{"@type":"WebPage","@id":"https:\/\/flams.fr\/index.php\/politique-de-confidentialite\/","url":"https:\/\/flams.fr\/index.php\/politique-de-confidentialite\/","name":"Politique de confidentialit\u00e9 - Flam&#039;s","isPartOf":{"@id":"https:\/\/flams.fr\/#website"},"datePublished":"2023-04-13T11:24:16+00:00","dateModified":"2023-07-19T13:52:28+00:00","description":"D\u00e9couvrez notre Politique de Confidentialit\u00e9 concernant le traitement des donn\u00e9es personnelles des clients de FLAM SA. Nous d\u00e9crivons les informations collect\u00e9es, nos finalit\u00e9s, le partage de donn\u00e9es, vos droits, et la dur\u00e9e de conservation.","breadcrumb":{"@id":"https:\/\/flams.fr\/index.php\/politique-de-confidentialite\/#breadcrumb"},"inLanguage":"fr-FR","potentialAction":[{"@type":"ReadAction","target":["https:\/\/flams.fr\/index.php\/politique-de-confidentialite\/"]}]},{"@type":"BreadcrumbList","@id":"https:\/\/flams.fr\/index.php\/politique-de-confidentialite\/#breadcrumb","itemListElement":[{"@type":"ListItem","position":1,"name":"Accueil Flam's","item":"https:\/\/flams.fr\/"},{"@type":"ListItem","position":2,"name":"Politique de confidentialit\u00e9"}]},{"@type":"WebSite","@id":"https:\/\/flams.fr\/#website","url":"https:\/\/flams.fr\/","name":"Flams","description":"La flam&#039;s qui se partage","publisher":{"@id":"https:\/\/flams.fr\/#organization"},"potentialAction":[{"@type":"SearchAction","target":{"@type":"EntryPoint","urlTemplate":"https:\/\/flams.fr\/?s={search_term_string}"},"query-input":{"@type":"PropertyValueSpecification","valueRequired":true,"valueName":"search_term_string"}}],"inLanguage":"fr-FR"},{"@type":"Organization","@id":"https:\/\/flams.fr\/#organization","name":"Flam's","url":"https:\/\/flams.fr\/","logo":{"@type":"ImageObject","inLanguage":"fr-FR","@id":"https:\/\/flams.fr\/#\/schema\/logo\/image\/","url":"https:\/\/flams.fr\/wp-content\/uploads\/2023\/03\/Logo_flams_web.png","contentUrl":"https:\/\/flams.fr\/wp-content\/uploads\/2023\/03\/Logo_flams_web.png","width":512,"height":512,"caption":"Flam's"},"image":{"@id":"https:\/\/flams.fr\/#\/schema\/logo\/image\/"}}]}},"_links":{"self":[{"href":"https:\/\/flams.fr\/index.php\/wp-json\/wp\/v2\/pages\/1182","targetHints":{"allow":["GET"]}}],"collection":[{"href":"https:\/\/flams.fr\/index.php\/wp-json\/wp\/v2\/pages"}],"about":[{"href":"https:\/\/flams.fr\/index.php\/wp-json\/wp\/v2\/types\/page"}],"author":[{"embeddable":true,"href":"https:\/\/flams.fr\/index.php\/wp-json\/wp\/v2\/users\/3"}],"replies":[{"embeddable":true,"href":"https:\/\/flams.fr\/index.php\/wp-json\/wp\/v2\/comments?post=1182"}],"version-history":[{"count":11,"href":"https:\/\/flams.fr\/index.php\/wp-json\/wp\/v2\/pages\/1182\/revisions"}],"predecessor-version":[{"id":5348,"href":"https:\/\/flams.fr\/index.php\/wp-json\/wp\/v2\/pages\/1182\/revisions\/5348"}],"wp:attachment":[{"href":"https:\/\/flams.fr\/index.php\/wp-json\/wp\/v2\/media?parent=1182"}],"curies":[{"name":"wp","href":"https:\/\/api.w.org\/{rel}","templated":true}]}}