{"id":1184,"date":"2023-04-13T13:24:36","date_gmt":"2023-04-13T11:24:36","guid":{"rendered":"https:\/\/flamsweb.fr\/?page_id=1184"},"modified":"2023-07-19T15:54:42","modified_gmt":"2023-07-19T13:54:42","slug":"politique-de-cookies","status":"publish","type":"page","link":"https:\/\/flams.fr\/index.php\/politique-de-cookies\/","title":{"rendered":"Politique de cookies"},"content":{"rendered":"\t\t<div data-elementor-type=\"wp-page\" data-elementor-id=\"1184\" class=\"elementor elementor-1184\" data-elementor-post-type=\"page\">\n\t\t\t\t\t\t<section class=\"elementor-section elementor-top-section elementor-element elementor-element-f0f1408 elementor-section-stretched elementor-section-boxed elementor-section-height-default elementor-section-height-default\" data-id=\"f0f1408\" data-element_type=\"section\" data-e-type=\"section\" data-settings=\"{&quot;stretch_section&quot;:&quot;section-stretched&quot;}\">\n\t\t\t\t\t\t<div class=\"elementor-container elementor-column-gap-default\">\n\t\t\t\t\t<div class=\"elementor-column elementor-col-100 elementor-top-column elementor-element elementor-element-716e5bf\" data-id=\"716e5bf\" data-element_type=\"column\" data-e-type=\"column\">\n\t\t\t<div class=\"elementor-widget-wrap elementor-element-populated\">\n\t\t\t\t\t\t<div class=\"elementor-element elementor-element-160b963 elementor-widget elementor-widget-heading\" data-id=\"160b963\" data-element_type=\"widget\" data-e-type=\"widget\" data-widget_type=\"heading.default\">\n\t\t\t\t<div class=\"elementor-widget-container\">\n\t\t\t\t\t<h2 class=\"elementor-heading-title elementor-size-default\">Politique de cookies<\/h2>\t\t\t\t<\/div>\n\t\t\t\t<\/div>\n\t\t\t\t<div class=\"elementor-element elementor-element-73c6f70 elementor-widget elementor-widget-spacer\" data-id=\"73c6f70\" data-element_type=\"widget\" data-e-type=\"widget\" data-widget_type=\"spacer.default\">\n\t\t\t\t<div class=\"elementor-widget-container\">\n\t\t\t\t\t\t\t<div class=\"elementor-spacer\">\n\t\t\t<div class=\"elementor-spacer-inner\"><\/div>\n\t\t<\/div>\n\t\t\t\t\t\t<\/div>\n\t\t\t\t<\/div>\n\t\t\t\t\t<\/div>\n\t\t<\/div>\n\t\t\t\t\t<\/div>\n\t\t<\/section>\n\t\t\t\t<section class=\"elementor-section elementor-top-section elementor-element elementor-element-7f32d29 elementor-section-stretched elementor-section-boxed elementor-section-height-default elementor-section-height-default\" data-id=\"7f32d29\" data-element_type=\"section\" data-e-type=\"section\" data-settings=\"{&quot;stretch_section&quot;:&quot;section-stretched&quot;}\">\n\t\t\t\t\t\t<div class=\"elementor-container elementor-column-gap-default\">\n\t\t\t\t\t<div class=\"elementor-column elementor-col-100 elementor-top-column elementor-element elementor-element-eb94433\" data-id=\"eb94433\" data-element_type=\"column\" data-e-type=\"column\">\n\t\t\t<div class=\"elementor-widget-wrap elementor-element-populated\">\n\t\t\t\t\t\t<div class=\"elementor-element elementor-element-aeb28da elementor-widget elementor-widget-text-editor\" data-id=\"aeb28da\" data-element_type=\"widget\" data-e-type=\"widget\" data-widget_type=\"text-editor.default\">\n\t\t\t\t<div class=\"elementor-widget-container\">\n\t\t\t\t\t\t\t\t\t<p>Notre site web utilise des cookies pour am\u00e9liorer votre exp\u00e9rience utilisateur. Les cookies sont de petits fichiers texte plac\u00e9s sur votre appareil lorsque vous naviguez sur notre site web. Ils nous permettent de reconna\u00eetre votre appareil et de personnaliser votre exp\u00e9rience utilisateur. Les cookies peuvent \u00e9galement \u00eatre utilis\u00e9s pour collecter des informations sur la mani\u00e8re dont vous utilisez notre site web et pour am\u00e9liorer nos services.<\/p>\n<p>Types de cookies<\/p>\n<p>Nous utilisons les types de cookies suivants sur notre site web :<\/p>\n<ul>\n<li>Cookies de session : ces cookies sont temporaires et sont supprim\u00e9s d\u00e8s que vous fermez votre navigateur web.<\/li>\n<li>Cookies persistants : ces cookies restent sur votre appareil m\u00eame apr\u00e8s avoir quitt\u00e9 notre site web. Ils nous permettent de vous reconna\u00eetre lors de votre prochaine visite sur notre site web.<\/li>\n<li>Cookies de performance : ces cookies nous permettent de collecter des informations sur la mani\u00e8re dont vous utilisez notre site web, comme les pages que vous visitez et les liens sur lesquels vous cliquez. Ces informations nous aident \u00e0 am\u00e9liorer notre site web et \u00e0 vous offrir une meilleure exp\u00e9rience utilisateur.<\/li>\n<li>Cookies de publicit\u00e9 : ces cookies sont utilis\u00e9s pour afficher des publicit\u00e9s cibl\u00e9es en fonction de vos int\u00e9r\u00eats. Ils sont \u00e9galement utilis\u00e9s pour limiter le nombre de fois que vous voyez une publicit\u00e9 et pour mesurer l&rsquo;efficacit\u00e9 d&rsquo;une campagne publicitaire.<\/li>\n<\/ul>\n<p>Gestion des cookies<\/p>\n<p>Vous pouvez g\u00e9rer les cookies utilis\u00e9s sur notre site web en cliquant sur l&rsquo;icone en bas \u00e0 gauche de votre \u00e9cran pour modifiant les param\u00e8tres. La plupart des navigateurs vous permettent \u00e9galement de bloquer les cookies ou de les supprimer compl\u00e8tement. Toutefois, veuillez noter que si vous d\u00e9sactivez les cookies, certaines fonctionnalit\u00e9s de notre site web pourraient ne pas fonctionner correctement.<\/p>\n<p>En utilisant notre site web, vous acceptez l&rsquo;utilisation de cookies conform\u00e9ment \u00e0 cette politique de cookies. Si vous avez des questions ou des pr\u00e9occupations concernant notre utilisation des cookies, veuillez nous contacter.<\/p>\t\t\t\t\t\t\t\t<\/div>\n\t\t\t\t<\/div>\n\t\t\t\t\t<\/div>\n\t\t<\/div>\n\t\t\t\t\t<\/div>\n\t\t<\/section>\n\t\t\t\t<\/div>\n\t\t","protected":false},"excerpt":{"rendered":"<p>Politique de cookies Notre site web utilise des cookies pour am\u00e9liorer votre exp\u00e9rience utilisateur. Les cookies sont de petits fichiers texte plac\u00e9s sur votre appareil lorsque vous naviguez sur notre site web. Ils nous permettent de reconna\u00eetre votre appareil et de personnaliser votre exp\u00e9rience utilisateur. Les cookies peuvent \u00e9galement \u00eatre [&hellip;]<\/p>\n","protected":false},"author":3,"featured_media":0,"parent":0,"menu_order":0,"comment_status":"closed","ping_status":"closed","template":"","meta":{"inspiro_page_layout":"narrow","inspiro_hide_title":false,"footnotes":""},"class_list":["post-1184","page","type-page","status-publish","hentry"],"yoast_head":"<!-- This site is optimized with the Yoast SEO plugin v27.6 - https:\/\/yoast.com\/product\/yoast-seo-wordpress\/ -->\n<title>Politique de cookies - Flam&#039;s<\/title>\n<meta name=\"description\" content=\"Am\u00e9liorez votre exp\u00e9rience sur notre site gr\u00e2ce \u00e0 l&#039;utilisation de cookies. G\u00e9rez-les via les param\u00e8tres de votre navigateur. En utilisant notre site, vous acceptez notre politique de cookies.\" \/>\n<meta name=\"robots\" content=\"index, follow, max-snippet:-1, max-image-preview:large, max-video-preview:-1\" \/>\n<link rel=\"canonical\" href=\"https:\/\/flams.fr\/index.php\/politique-de-cookies\/\" \/>\n<meta property=\"og:locale\" content=\"fr_FR\" \/>\n<meta property=\"og:type\" content=\"article\" \/>\n<meta property=\"og:title\" content=\"Politique de cookies - Flam&#039;s\" \/>\n<meta property=\"og:description\" content=\"Am\u00e9liorez votre exp\u00e9rience sur notre site gr\u00e2ce \u00e0 l&#039;utilisation de cookies. G\u00e9rez-les via les param\u00e8tres de votre navigateur. En utilisant notre site, vous acceptez notre politique de cookies.\" \/>\n<meta property=\"og:url\" content=\"https:\/\/flams.fr\/index.php\/politique-de-cookies\/\" \/>\n<meta property=\"og:site_name\" content=\"Flam&#039;s\" \/>\n<meta property=\"article:modified_time\" content=\"2023-07-19T13:54:42+00:00\" \/>\n<meta name=\"twitter:card\" content=\"summary_large_image\" \/>\n<meta name=\"twitter:label1\" content=\"Dur\u00e9e de lecture estim\u00e9e\" \/>\n\t<meta name=\"twitter:data1\" content=\"2 minutes\" \/>\n<script type=\"application\/ld+json\" class=\"yoast-schema-graph\">{\"@context\":\"https:\\\/\\\/schema.org\",\"@graph\":[{\"@type\":\"WebPage\",\"@id\":\"https:\\\/\\\/flams.fr\\\/index.php\\\/politique-de-cookies\\\/\",\"url\":\"https:\\\/\\\/flams.fr\\\/index.php\\\/politique-de-cookies\\\/\",\"name\":\"Politique de cookies - Flam&#039;s\",\"isPartOf\":{\"@id\":\"https:\\\/\\\/flams.fr\\\/#website\"},\"datePublished\":\"2023-04-13T11:24:36+00:00\",\"dateModified\":\"2023-07-19T13:54:42+00:00\",\"description\":\"Am\u00e9liorez votre exp\u00e9rience sur notre site gr\u00e2ce \u00e0 l'utilisation de cookies. G\u00e9rez-les via les param\u00e8tres de votre navigateur. En utilisant notre site, vous acceptez notre politique de cookies.\",\"breadcrumb\":{\"@id\":\"https:\\\/\\\/flams.fr\\\/index.php\\\/politique-de-cookies\\\/#breadcrumb\"},\"inLanguage\":\"fr-FR\",\"potentialAction\":[{\"@type\":\"ReadAction\",\"target\":[\"https:\\\/\\\/flams.fr\\\/index.php\\\/politique-de-cookies\\\/\"]}]},{\"@type\":\"BreadcrumbList\",\"@id\":\"https:\\\/\\\/flams.fr\\\/index.php\\\/politique-de-cookies\\\/#breadcrumb\",\"itemListElement\":[{\"@type\":\"ListItem\",\"position\":1,\"name\":\"Accueil Flam's\",\"item\":\"https:\\\/\\\/flams.fr\\\/\"},{\"@type\":\"ListItem\",\"position\":2,\"name\":\"Politique de cookies\"}]},{\"@type\":\"WebSite\",\"@id\":\"https:\\\/\\\/flams.fr\\\/#website\",\"url\":\"https:\\\/\\\/flams.fr\\\/\",\"name\":\"Flams\",\"description\":\"La flam&#039;s qui se partage\",\"publisher\":{\"@id\":\"https:\\\/\\\/flams.fr\\\/#organization\"},\"potentialAction\":[{\"@type\":\"SearchAction\",\"target\":{\"@type\":\"EntryPoint\",\"urlTemplate\":\"https:\\\/\\\/flams.fr\\\/?s={search_term_string}\"},\"query-input\":{\"@type\":\"PropertyValueSpecification\",\"valueRequired\":true,\"valueName\":\"search_term_string\"}}],\"inLanguage\":\"fr-FR\"},{\"@type\":\"Organization\",\"@id\":\"https:\\\/\\\/flams.fr\\\/#organization\",\"name\":\"Flam's\",\"url\":\"https:\\\/\\\/flams.fr\\\/\",\"logo\":{\"@type\":\"ImageObject\",\"inLanguage\":\"fr-FR\",\"@id\":\"https:\\\/\\\/flams.fr\\\/#\\\/schema\\\/logo\\\/image\\\/\",\"url\":\"https:\\\/\\\/flams.fr\\\/wp-content\\\/uploads\\\/2023\\\/03\\\/Logo_flams_web.png\",\"contentUrl\":\"https:\\\/\\\/flams.fr\\\/wp-content\\\/uploads\\\/2023\\\/03\\\/Logo_flams_web.png\",\"width\":512,\"height\":512,\"caption\":\"Flam's\"},\"image\":{\"@id\":\"https:\\\/\\\/flams.fr\\\/#\\\/schema\\\/logo\\\/image\\\/\"}}]}<\/script>\n<!-- \/ Yoast SEO plugin. -->","yoast_head_json":{"title":"Politique de cookies - Flam&#039;s","description":"Am\u00e9liorez votre exp\u00e9rience sur notre site gr\u00e2ce \u00e0 l'utilisation de cookies. G\u00e9rez-les via les param\u00e8tres de votre navigateur. En utilisant notre site, vous acceptez notre politique de cookies.","robots":{"index":"index","follow":"follow","max-snippet":"max-snippet:-1","max-image-preview":"max-image-preview:large","max-video-preview":"max-video-preview:-1"},"canonical":"https:\/\/flams.fr\/index.php\/politique-de-cookies\/","og_locale":"fr_FR","og_type":"article","og_title":"Politique de cookies - Flam&#039;s","og_description":"Am\u00e9liorez votre exp\u00e9rience sur notre site gr\u00e2ce \u00e0 l'utilisation de cookies. G\u00e9rez-les via les param\u00e8tres de votre navigateur. En utilisant notre site, vous acceptez notre politique de cookies.","og_url":"https:\/\/flams.fr\/index.php\/politique-de-cookies\/","og_site_name":"Flam&#039;s","article_modified_time":"2023-07-19T13:54:42+00:00","twitter_card":"summary_large_image","twitter_misc":{"Dur\u00e9e de lecture estim\u00e9e":"2 minutes"},"schema":{"@context":"https:\/\/schema.org","@graph":[{"@type":"WebPage","@id":"https:\/\/flams.fr\/index.php\/politique-de-cookies\/","url":"https:\/\/flams.fr\/index.php\/politique-de-cookies\/","name":"Politique de cookies - Flam&#039;s","isPartOf":{"@id":"https:\/\/flams.fr\/#website"},"datePublished":"2023-04-13T11:24:36+00:00","dateModified":"2023-07-19T13:54:42+00:00","description":"Am\u00e9liorez votre exp\u00e9rience sur notre site gr\u00e2ce \u00e0 l'utilisation de cookies. G\u00e9rez-les via les param\u00e8tres de votre navigateur. En utilisant notre site, vous acceptez notre politique de cookies.","breadcrumb":{"@id":"https:\/\/flams.fr\/index.php\/politique-de-cookies\/#breadcrumb"},"inLanguage":"fr-FR","potentialAction":[{"@type":"ReadAction","target":["https:\/\/flams.fr\/index.php\/politique-de-cookies\/"]}]},{"@type":"BreadcrumbList","@id":"https:\/\/flams.fr\/index.php\/politique-de-cookies\/#breadcrumb","itemListElement":[{"@type":"ListItem","position":1,"name":"Accueil Flam's","item":"https:\/\/flams.fr\/"},{"@type":"ListItem","position":2,"name":"Politique de cookies"}]},{"@type":"WebSite","@id":"https:\/\/flams.fr\/#website","url":"https:\/\/flams.fr\/","name":"Flams","description":"La flam&#039;s qui se partage","publisher":{"@id":"https:\/\/flams.fr\/#organization"},"potentialAction":[{"@type":"SearchAction","target":{"@type":"EntryPoint","urlTemplate":"https:\/\/flams.fr\/?s={search_term_string}"},"query-input":{"@type":"PropertyValueSpecification","valueRequired":true,"valueName":"search_term_string"}}],"inLanguage":"fr-FR"},{"@type":"Organization","@id":"https:\/\/flams.fr\/#organization","name":"Flam's","url":"https:\/\/flams.fr\/","logo":{"@type":"ImageObject","inLanguage":"fr-FR","@id":"https:\/\/flams.fr\/#\/schema\/logo\/image\/","url":"https:\/\/flams.fr\/wp-content\/uploads\/2023\/03\/Logo_flams_web.png","contentUrl":"https:\/\/flams.fr\/wp-content\/uploads\/2023\/03\/Logo_flams_web.png","width":512,"height":512,"caption":"Flam's"},"image":{"@id":"https:\/\/flams.fr\/#\/schema\/logo\/image\/"}}]}},"_links":{"self":[{"href":"https:\/\/flams.fr\/index.php\/wp-json\/wp\/v2\/pages\/1184","targetHints":{"allow":["GET"]}}],"collection":[{"href":"https:\/\/flams.fr\/index.php\/wp-json\/wp\/v2\/pages"}],"about":[{"href":"https:\/\/flams.fr\/index.php\/wp-json\/wp\/v2\/types\/page"}],"author":[{"embeddable":true,"href":"https:\/\/flams.fr\/index.php\/wp-json\/wp\/v2\/users\/3"}],"replies":[{"embeddable":true,"href":"https:\/\/flams.fr\/index.php\/wp-json\/wp\/v2\/comments?post=1184"}],"version-history":[{"count":17,"href":"https:\/\/flams.fr\/index.php\/wp-json\/wp\/v2\/pages\/1184\/revisions"}],"predecessor-version":[{"id":5349,"href":"https:\/\/flams.fr\/index.php\/wp-json\/wp\/v2\/pages\/1184\/revisions\/5349"}],"wp:attachment":[{"href":"https:\/\/flams.fr\/index.php\/wp-json\/wp\/v2\/media?parent=1184"}],"curies":[{"name":"wp","href":"https:\/\/api.w.org\/{rel}","templated":true}]}}