{"id":2240,"date":"2023-05-09T13:39:14","date_gmt":"2023-05-09T11:39:14","guid":{"rendered":"https:\/\/flamsweb.fr\/?page_id=2240"},"modified":"2025-02-07T10:50:57","modified_gmt":"2025-02-07T09:50:57","slug":"notre-reseau","status":"publish","type":"page","link":"https:\/\/flams.fr\/index.php\/flams-vous\/notre-reseau\/","title":{"rendered":"Notre r\u00e9seau\u200b"},"content":{"rendered":"\t\t<div data-elementor-type=\"wp-page\" data-elementor-id=\"2240\" class=\"elementor elementor-2240\" data-elementor-post-type=\"page\">\n\t\t\t\t\t\t<section class=\"elementor-section elementor-top-section elementor-element elementor-element-b0bc03c elementor-section-stretched elementor-section-boxed elementor-section-height-default elementor-section-height-default\" data-id=\"b0bc03c\" data-element_type=\"section\" data-e-type=\"section\" data-settings=\"{&quot;stretch_section&quot;:&quot;section-stretched&quot;}\">\n\t\t\t\t\t\t<div class=\"elementor-container elementor-column-gap-default\">\n\t\t\t\t\t<div class=\"elementor-column elementor-col-100 elementor-top-column elementor-element elementor-element-0a19182\" data-id=\"0a19182\" data-element_type=\"column\" data-e-type=\"column\">\n\t\t\t<div class=\"elementor-widget-wrap elementor-element-populated\">\n\t\t\t\t\t\t<div class=\"elementor-element elementor-element-6a0b9c1 elementor-widget elementor-widget-heading\" data-id=\"6a0b9c1\" data-element_type=\"widget\" data-e-type=\"widget\" data-widget_type=\"heading.default\">\n\t\t\t\t<div class=\"elementor-widget-container\">\n\t\t\t\t\t<h2 class=\"elementor-heading-title elementor-size-default\">Notre r\u00e9seau<\/h2>\t\t\t\t<\/div>\n\t\t\t\t<\/div>\n\t\t\t\t\t<\/div>\n\t\t<\/div>\n\t\t\t\t\t<\/div>\n\t\t<\/section>\n\t\t\t\t<section class=\"elementor-section elementor-top-section elementor-element elementor-element-edc6254 elementor-section-boxed elementor-section-height-default elementor-section-height-default\" data-id=\"edc6254\" data-element_type=\"section\" data-e-type=\"section\">\n\t\t\t\t\t\t<div class=\"elementor-container elementor-column-gap-default\">\n\t\t\t\t\t<div class=\"elementor-column elementor-col-100 elementor-top-column elementor-element elementor-element-8ed5db6\" data-id=\"8ed5db6\" data-element_type=\"column\" data-e-type=\"column\">\n\t\t\t<div class=\"elementor-widget-wrap elementor-element-populated\">\n\t\t\t\t\t\t<div class=\"elementor-element elementor-element-f1d9fc3 elementor-widget elementor-widget-spacer\" data-id=\"f1d9fc3\" data-element_type=\"widget\" data-e-type=\"widget\" data-widget_type=\"spacer.default\">\n\t\t\t\t<div class=\"elementor-widget-container\">\n\t\t\t\t\t\t\t<div class=\"elementor-spacer\">\n\t\t\t<div class=\"elementor-spacer-inner\"><\/div>\n\t\t<\/div>\n\t\t\t\t\t\t<\/div>\n\t\t\t\t<\/div>\n\t\t\t\t\t<\/div>\n\t\t<\/div>\n\t\t\t\t\t<\/div>\n\t\t<\/section>\n\t\t\t\t<section class=\"elementor-section elementor-top-section elementor-element elementor-element-a5ed2a7 elementor-section-stretched elementor-section-boxed elementor-section-height-default elementor-section-height-default\" data-id=\"a5ed2a7\" data-element_type=\"section\" data-e-type=\"section\" data-settings=\"{&quot;stretch_section&quot;:&quot;section-stretched&quot;}\">\n\t\t\t\t\t\t<div class=\"elementor-container elementor-column-gap-default\">\n\t\t\t\t\t<div class=\"elementor-column elementor-col-25 elementor-top-column elementor-element elementor-element-0c21999\" data-id=\"0c21999\" data-element_type=\"column\" data-e-type=\"column\">\n\t\t\t<div class=\"elementor-widget-wrap elementor-element-populated\">\n\t\t\t\t\t\t<div class=\"elementor-element elementor-element-f310c37 elementor-widget__width-initial elementor-cta--skin-classic elementor-animated-content elementor-bg-transform elementor-bg-transform-zoom-in elementor-widget elementor-widget-call-to-action\" data-id=\"f310c37\" data-element_type=\"widget\" data-e-type=\"widget\" data-widget_type=\"call-to-action.default\">\n\t\t\t\t<div class=\"elementor-widget-container\">\n\t\t\t\t\t\t\t<div class=\"elementor-cta\">\n\t\t\t\t\t\t\t<div class=\"elementor-cta__content\">\n\t\t\t\t\n\t\t\t\t\t\t\t\t\t<h2 class=\"elementor-cta__title elementor-cta__content-item elementor-content-item\">\n\t\t\t\t\t\tL'histoire de Flam's\t\t\t\t\t<\/h2>\n\t\t\t\t\n\t\t\t\t\t\t\t\t\t<div class=\"elementor-cta__description elementor-cta__content-item elementor-content-item\">\n\t\t\t\t\t\tRetrouvez notre histoire au fil des ann\u00e9es et notre univers qui sauront certainement vous s\u00e9duire !\t\t\t\t\t<\/div>\n\t\t\t\t\n\t\t\t\t\t\t\t\t\t<div class=\"elementor-cta__button-wrapper elementor-cta__content-item elementor-content-item \">\n\t\t\t\t\t<a class=\"elementor-cta__button elementor-button elementor-size-md\" href=\"https:\/\/flams.fr\/index.php\/notre-univers\/\">\n\t\t\t\t\t\tCliquer ici\t\t\t\t\t<\/a>\n\t\t\t\t\t<\/div>\n\t\t\t\t\t\t\t<\/div>\n\t\t\t\t\t\t<\/div>\n\t\t\t\t\t\t<\/div>\n\t\t\t\t<\/div>\n\t\t\t\t\t<\/div>\n\t\t<\/div>\n\t\t\t\t<div class=\"elementor-column elementor-col-25 elementor-top-column elementor-element elementor-element-da50410\" data-id=\"da50410\" data-element_type=\"column\" data-e-type=\"column\">\n\t\t\t<div class=\"elementor-widget-wrap elementor-element-populated\">\n\t\t\t\t\t\t<div class=\"elementor-element elementor-element-bcb22ff elementor-cta--skin-classic elementor-animated-content elementor-bg-transform elementor-bg-transform-zoom-in elementor-widget elementor-widget-call-to-action\" data-id=\"bcb22ff\" data-element_type=\"widget\" data-e-type=\"widget\" data-widget_type=\"call-to-action.default\">\n\t\t\t\t<div class=\"elementor-widget-container\">\n\t\t\t\t\t\t\t<div class=\"elementor-cta\">\n\t\t\t\t\t<div class=\"elementor-cta__bg-wrapper\">\n\t\t\t\t<div class=\"elementor-cta__bg elementor-bg\" style=\"background-image: url(https:\/\/flams.fr\/wp-content\/uploads\/2023\/05\/stl_01-1024x683.jpg);\" role=\"img\" aria-label=\"stl_01\"><\/div>\n\t\t\t\t<div class=\"elementor-cta__bg-overlay\"><\/div>\n\t\t\t<\/div>\n\t\t\t\t\t\t\t<div class=\"elementor-cta__content\">\n\t\t\t\t\n\t\t\t\t\t\t\t\t\t<h2 class=\"elementor-cta__title elementor-cta__content-item elementor-content-item\">\n\t\t\t\t\t\tLes conditions financi\u00e8res\t\t\t\t\t<\/h2>\n\t\t\t\t\n\t\t\t\t\t\t\t\t\t<div class=\"elementor-cta__description elementor-cta__content-item elementor-content-item\">\n\t\t\t\t\t\tUn concept novateur et attractif qui a d\u00e9j\u00e0 fait ses preuves !\t\t\t\t\t<\/div>\n\t\t\t\t\n\t\t\t\t\t\t\t\t\t<div class=\"elementor-cta__button-wrapper elementor-cta__content-item elementor-content-item \">\n\t\t\t\t\t<a class=\"elementor-cta__button elementor-button elementor-size-md\" href=\"https:\/\/flams.fr\/index.php\/les-conditions-financieres\/\">\n\t\t\t\t\t\tCliquer ici\t\t\t\t\t<\/a>\n\t\t\t\t\t<\/div>\n\t\t\t\t\t\t\t<\/div>\n\t\t\t\t\t\t<\/div>\n\t\t\t\t\t\t<\/div>\n\t\t\t\t<\/div>\n\t\t\t\t\t<\/div>\n\t\t<\/div>\n\t\t\t\t<div class=\"elementor-column elementor-col-25 elementor-top-column elementor-element elementor-element-9a63b13\" data-id=\"9a63b13\" data-element_type=\"column\" data-e-type=\"column\">\n\t\t\t<div class=\"elementor-widget-wrap elementor-element-populated\">\n\t\t\t\t\t\t<div class=\"elementor-element elementor-element-11c6561 elementor-cta--skin-classic elementor-animated-content elementor-bg-transform elementor-bg-transform-zoom-in elementor-widget elementor-widget-call-to-action\" data-id=\"11c6561\" data-element_type=\"widget\" data-e-type=\"widget\" data-widget_type=\"call-to-action.default\">\n\t\t\t\t<div class=\"elementor-widget-container\">\n\t\t\t\t\t\t\t<div class=\"elementor-cta\">\n\t\t\t\t\t<div class=\"elementor-cta__bg-wrapper\">\n\t\t\t\t<div class=\"elementor-cta__bg elementor-bg\" style=\"background-image: url(https:\/\/flams.fr\/wp-content\/uploads\/2023\/04\/WhatsApp-Image-2022-09-01-at-12.56.04-1-1024x550.jpeg);\" role=\"img\" aria-label=\"WhatsApp Image 2022-09-01 at 12.56.04 (1)\"><\/div>\n\t\t\t\t<div class=\"elementor-cta__bg-overlay\"><\/div>\n\t\t\t<\/div>\n\t\t\t\t\t\t\t<div class=\"elementor-cta__content\">\n\t\t\t\t\n\t\t\t\t\t\t\t\t\t<h2 class=\"elementor-cta__title elementor-cta__content-item elementor-content-item\">\n\t\t\t\t\t\tDevenir franchis\u00e9\t\t\t\t\t<\/h2>\n\t\t\t\t\n\t\t\t\t\t\t\t\t\t<div class=\"elementor-cta__description elementor-cta__content-item elementor-content-item\">\n\t\t\t\t\t\tG\u00e9rez votre entreprise de mani\u00e8re ind\u00e9pendante tout en b\u00e9n\u00e9ficiant du soutien d'une enseigne reconnue dans le secteur de la restauration !\t\t\t\t\t<\/div>\n\t\t\t\t\n\t\t\t\t\t\t\t\t\t<div class=\"elementor-cta__button-wrapper elementor-cta__content-item elementor-content-item \">\n\t\t\t\t\t<a class=\"elementor-cta__button elementor-button elementor-size-md\" href=\"https:\/\/flams.fr\/index.php\/flams-vous\/notre-reseau\/devenir-partenaire\/\">\n\t\t\t\t\t\tCliquer ici\t\t\t\t\t<\/a>\n\t\t\t\t\t<\/div>\n\t\t\t\t\t\t\t<\/div>\n\t\t\t\t\t\t<\/div>\n\t\t\t\t\t\t<\/div>\n\t\t\t\t<\/div>\n\t\t\t\t\t<\/div>\n\t\t<\/div>\n\t\t\t\t<div class=\"elementor-column elementor-col-25 elementor-top-column elementor-element elementor-element-7f084b5\" data-id=\"7f084b5\" data-element_type=\"column\" data-e-type=\"column\">\n\t\t\t<div class=\"elementor-widget-wrap elementor-element-populated\">\n\t\t\t\t\t\t<div class=\"elementor-element elementor-element-e77873f elementor-cta--layout-image-above elementor-cta--skin-classic elementor-animated-content elementor-bg-transform elementor-bg-transform-zoom-in elementor-widget elementor-widget-call-to-action\" data-id=\"e77873f\" data-element_type=\"widget\" data-e-type=\"widget\" data-widget_type=\"call-to-action.default\">\n\t\t\t\t<div class=\"elementor-widget-container\">\n\t\t\t\t\t\t\t<div class=\"elementor-cta\">\n\t\t\t\t\t<div class=\"elementor-cta__bg-wrapper\">\n\t\t\t\t<div class=\"elementor-cta__bg elementor-bg\" style=\"background-image: url(https:\/\/flams.fr\/wp-content\/uploads\/2024\/12\/Capture-decran-2024-12-23-103933-1024x548.png);\" role=\"img\" aria-label=\"Capture d&#039;\u00e9cran 2024-12-23 103933\"><\/div>\n\t\t\t\t<div class=\"elementor-cta__bg-overlay\"><\/div>\n\t\t\t<\/div>\n\t\t\t\t\t\t\t<div class=\"elementor-cta__content\">\n\t\t\t\t\n\t\t\t\t\t\t\t\t\t<h2 class=\"elementor-cta__title elementor-cta__content-item elementor-content-item\">\n\t\t\t\t\t\tLa franchise\t\t\t\t\t<\/h2>\n\t\t\t\t\n\t\t\t\t\t\t\t\t\t<div class=\"elementor-cta__description elementor-cta__content-item elementor-content-item\">\n\t\t\t\t\t\tD\u00e9veloppez votre entreprise avec un concept reconnu et authentique. Profitez d\u2019un accompagnement complet tout en g\u00e9rant votre activit\u00e9 en toute autonomie.\t\t\t\t\t<\/div>\n\t\t\t\t\n\t\t\t\t\t\t\t\t\t<div class=\"elementor-cta__button-wrapper elementor-cta__content-item elementor-content-item \">\n\t\t\t\t\t<a class=\"elementor-cta__button elementor-button elementor-size-md\" href=\"https:\/\/flams.fr\/index.php\/franchise\/\">\n\t\t\t\t\t\tCliquer ici\t\t\t\t\t<\/a>\n\t\t\t\t\t<\/div>\n\t\t\t\t\t\t\t<\/div>\n\t\t\t\t\t\t<\/div>\n\t\t\t\t\t\t<\/div>\n\t\t\t\t<\/div>\n\t\t\t\t\t<\/div>\n\t\t<\/div>\n\t\t\t\t\t<\/div>\n\t\t<\/section>\n\t\t\t\t<\/div>\n\t\t","protected":false},"excerpt":{"rendered":"<p>Notre r\u00e9seau L&rsquo;histoire de Flam&rsquo;s Retrouvez notre histoire au fil des ann\u00e9es et notre univers qui sauront certainement vous s\u00e9duire ! Cliquer ici Les conditions financi\u00e8res Un concept novateur et attractif qui a d\u00e9j\u00e0 fait ses preuves ! Cliquer ici Devenir franchis\u00e9 G\u00e9rez votre entreprise de mani\u00e8re ind\u00e9pendante tout en [&hellip;]<\/p>\n","protected":false},"author":3,"featured_media":0,"parent":39,"menu_order":1,"comment_status":"closed","ping_status":"closed","template":"","meta":{"inspiro_page_layout":"narrow","inspiro_hide_title":false,"footnotes":""},"class_list":["post-2240","page","type-page","status-publish","hentry"],"yoast_head":"<!-- This site is optimized with the Yoast SEO plugin v27.2 - https:\/\/yoast.com\/product\/yoast-seo-wordpress\/ -->\n<title>Notre r\u00e9seau\u200b - Flam&#039;s<\/title>\n<meta name=\"description\" content=\"Flam&#039;s : un concept novateur et attractif. G\u00e9rer votre entreprise en toute ind\u00e9pendance avec le soutien d&#039;une enseigne reconnue dans la restauration.\" \/>\n<meta name=\"robots\" content=\"index, follow, max-snippet:-1, max-image-preview:large, max-video-preview:-1\" \/>\n<link rel=\"canonical\" href=\"https:\/\/flams.fr\/index.php\/flams-vous\/notre-reseau\/\" \/>\n<meta property=\"og:locale\" content=\"fr_FR\" \/>\n<meta property=\"og:type\" content=\"article\" \/>\n<meta property=\"og:title\" content=\"Notre r\u00e9seau\u200b - Flam&#039;s\" \/>\n<meta property=\"og:description\" content=\"Flam&#039;s : un concept novateur et attractif. G\u00e9rer votre entreprise en toute ind\u00e9pendance avec le soutien d&#039;une enseigne reconnue dans la restauration.\" \/>\n<meta property=\"og:url\" content=\"https:\/\/flams.fr\/index.php\/flams-vous\/notre-reseau\/\" \/>\n<meta property=\"og:site_name\" content=\"Flam&#039;s\" \/>\n<meta property=\"article:modified_time\" content=\"2025-02-07T09:50:57+00:00\" \/>\n<meta name=\"twitter:card\" content=\"summary_large_image\" \/>\n<meta name=\"twitter:label1\" content=\"Dur\u00e9e de lecture estim\u00e9e\" \/>\n\t<meta name=\"twitter:data1\" content=\"1 minute\" \/>\n<script type=\"application\/ld+json\" class=\"yoast-schema-graph\">{\"@context\":\"https:\/\/schema.org\",\"@graph\":[{\"@type\":\"WebPage\",\"@id\":\"https:\/\/flams.fr\/index.php\/flams-vous\/notre-reseau\/\",\"url\":\"https:\/\/flams.fr\/index.php\/flams-vous\/notre-reseau\/\",\"name\":\"Notre r\u00e9seau\u200b - Flam&#039;s\",\"isPartOf\":{\"@id\":\"https:\/\/flams.fr\/#website\"},\"datePublished\":\"2023-05-09T11:39:14+00:00\",\"dateModified\":\"2025-02-07T09:50:57+00:00\",\"description\":\"Flam's : un concept novateur et attractif. G\u00e9rer votre entreprise en toute ind\u00e9pendance avec le soutien d'une enseigne reconnue dans la restauration.\",\"breadcrumb\":{\"@id\":\"https:\/\/flams.fr\/index.php\/flams-vous\/notre-reseau\/#breadcrumb\"},\"inLanguage\":\"fr-FR\",\"potentialAction\":[{\"@type\":\"ReadAction\",\"target\":[\"https:\/\/flams.fr\/index.php\/flams-vous\/notre-reseau\/\"]}]},{\"@type\":\"BreadcrumbList\",\"@id\":\"https:\/\/flams.fr\/index.php\/flams-vous\/notre-reseau\/#breadcrumb\",\"itemListElement\":[{\"@type\":\"ListItem\",\"position\":1,\"name\":\"Accueil Flam's\",\"item\":\"https:\/\/flams.fr\/\"},{\"@type\":\"ListItem\",\"position\":2,\"name\":\"Flam&rsquo;s &#038; Vous\",\"item\":\"https:\/\/flams.fr\/index.php\/flams-vous\/\"},{\"@type\":\"ListItem\",\"position\":3,\"name\":\"Notre r\u00e9seau\u200b\"}]},{\"@type\":\"WebSite\",\"@id\":\"https:\/\/flams.fr\/#website\",\"url\":\"https:\/\/flams.fr\/\",\"name\":\"Flams\",\"description\":\"La flam&#039;s qui se partage\",\"publisher\":{\"@id\":\"https:\/\/flams.fr\/#organization\"},\"potentialAction\":[{\"@type\":\"SearchAction\",\"target\":{\"@type\":\"EntryPoint\",\"urlTemplate\":\"https:\/\/flams.fr\/?s={search_term_string}\"},\"query-input\":{\"@type\":\"PropertyValueSpecification\",\"valueRequired\":true,\"valueName\":\"search_term_string\"}}],\"inLanguage\":\"fr-FR\"},{\"@type\":\"Organization\",\"@id\":\"https:\/\/flams.fr\/#organization\",\"name\":\"Flam's\",\"url\":\"https:\/\/flams.fr\/\",\"logo\":{\"@type\":\"ImageObject\",\"inLanguage\":\"fr-FR\",\"@id\":\"https:\/\/flams.fr\/#\/schema\/logo\/image\/\",\"url\":\"https:\/\/flams.fr\/wp-content\/uploads\/2023\/03\/Logo_flams_web.png\",\"contentUrl\":\"https:\/\/flams.fr\/wp-content\/uploads\/2023\/03\/Logo_flams_web.png\",\"width\":512,\"height\":512,\"caption\":\"Flam's\"},\"image\":{\"@id\":\"https:\/\/flams.fr\/#\/schema\/logo\/image\/\"}}]}<\/script>\n<!-- \/ Yoast SEO plugin. -->","yoast_head_json":{"title":"Notre r\u00e9seau\u200b - Flam&#039;s","description":"Flam's : un concept novateur et attractif. G\u00e9rer votre entreprise en toute ind\u00e9pendance avec le soutien d'une enseigne reconnue dans la restauration.","robots":{"index":"index","follow":"follow","max-snippet":"max-snippet:-1","max-image-preview":"max-image-preview:large","max-video-preview":"max-video-preview:-1"},"canonical":"https:\/\/flams.fr\/index.php\/flams-vous\/notre-reseau\/","og_locale":"fr_FR","og_type":"article","og_title":"Notre r\u00e9seau\u200b - Flam&#039;s","og_description":"Flam's : un concept novateur et attractif. G\u00e9rer votre entreprise en toute ind\u00e9pendance avec le soutien d'une enseigne reconnue dans la restauration.","og_url":"https:\/\/flams.fr\/index.php\/flams-vous\/notre-reseau\/","og_site_name":"Flam&#039;s","article_modified_time":"2025-02-07T09:50:57+00:00","twitter_card":"summary_large_image","twitter_misc":{"Dur\u00e9e de lecture estim\u00e9e":"1 minute"},"schema":{"@context":"https:\/\/schema.org","@graph":[{"@type":"WebPage","@id":"https:\/\/flams.fr\/index.php\/flams-vous\/notre-reseau\/","url":"https:\/\/flams.fr\/index.php\/flams-vous\/notre-reseau\/","name":"Notre r\u00e9seau\u200b - Flam&#039;s","isPartOf":{"@id":"https:\/\/flams.fr\/#website"},"datePublished":"2023-05-09T11:39:14+00:00","dateModified":"2025-02-07T09:50:57+00:00","description":"Flam's : un concept novateur et attractif. G\u00e9rer votre entreprise en toute ind\u00e9pendance avec le soutien d'une enseigne reconnue dans la restauration.","breadcrumb":{"@id":"https:\/\/flams.fr\/index.php\/flams-vous\/notre-reseau\/#breadcrumb"},"inLanguage":"fr-FR","potentialAction":[{"@type":"ReadAction","target":["https:\/\/flams.fr\/index.php\/flams-vous\/notre-reseau\/"]}]},{"@type":"BreadcrumbList","@id":"https:\/\/flams.fr\/index.php\/flams-vous\/notre-reseau\/#breadcrumb","itemListElement":[{"@type":"ListItem","position":1,"name":"Accueil Flam's","item":"https:\/\/flams.fr\/"},{"@type":"ListItem","position":2,"name":"Flam&rsquo;s &#038; Vous","item":"https:\/\/flams.fr\/index.php\/flams-vous\/"},{"@type":"ListItem","position":3,"name":"Notre r\u00e9seau\u200b"}]},{"@type":"WebSite","@id":"https:\/\/flams.fr\/#website","url":"https:\/\/flams.fr\/","name":"Flams","description":"La flam&#039;s qui se partage","publisher":{"@id":"https:\/\/flams.fr\/#organization"},"potentialAction":[{"@type":"SearchAction","target":{"@type":"EntryPoint","urlTemplate":"https:\/\/flams.fr\/?s={search_term_string}"},"query-input":{"@type":"PropertyValueSpecification","valueRequired":true,"valueName":"search_term_string"}}],"inLanguage":"fr-FR"},{"@type":"Organization","@id":"https:\/\/flams.fr\/#organization","name":"Flam's","url":"https:\/\/flams.fr\/","logo":{"@type":"ImageObject","inLanguage":"fr-FR","@id":"https:\/\/flams.fr\/#\/schema\/logo\/image\/","url":"https:\/\/flams.fr\/wp-content\/uploads\/2023\/03\/Logo_flams_web.png","contentUrl":"https:\/\/flams.fr\/wp-content\/uploads\/2023\/03\/Logo_flams_web.png","width":512,"height":512,"caption":"Flam's"},"image":{"@id":"https:\/\/flams.fr\/#\/schema\/logo\/image\/"}}]}},"_links":{"self":[{"href":"https:\/\/flams.fr\/index.php\/wp-json\/wp\/v2\/pages\/2240","targetHints":{"allow":["GET"]}}],"collection":[{"href":"https:\/\/flams.fr\/index.php\/wp-json\/wp\/v2\/pages"}],"about":[{"href":"https:\/\/flams.fr\/index.php\/wp-json\/wp\/v2\/types\/page"}],"author":[{"embeddable":true,"href":"https:\/\/flams.fr\/index.php\/wp-json\/wp\/v2\/users\/3"}],"replies":[{"embeddable":true,"href":"https:\/\/flams.fr\/index.php\/wp-json\/wp\/v2\/comments?post=2240"}],"version-history":[{"count":62,"href":"https:\/\/flams.fr\/index.php\/wp-json\/wp\/v2\/pages\/2240\/revisions"}],"predecessor-version":[{"id":9602,"href":"https:\/\/flams.fr\/index.php\/wp-json\/wp\/v2\/pages\/2240\/revisions\/9602"}],"up":[{"embeddable":true,"href":"https:\/\/flams.fr\/index.php\/wp-json\/wp\/v2\/pages\/39"}],"wp:attachment":[{"href":"https:\/\/flams.fr\/index.php\/wp-json\/wp\/v2\/media?parent=2240"}],"curies":[{"name":"wp","href":"https:\/\/api.w.org\/{rel}","templated":true}]}}