{"id":2258,"date":"2023-05-09T14:05:59","date_gmt":"2023-05-09T12:05:59","guid":{"rendered":"https:\/\/flamsweb.fr\/?page_id=2258"},"modified":"2025-01-09T18:20:40","modified_gmt":"2025-01-09T17:20:40","slug":"les-conditions-financieres","status":"publish","type":"page","link":"https:\/\/flams.fr\/index.php\/flams-vous\/notre-reseau\/les-conditions-financieres\/","title":{"rendered":"Les conditions financi\u00e8res"},"content":{"rendered":"\t\t<div data-elementor-type=\"wp-page\" data-elementor-id=\"2258\" class=\"elementor elementor-2258\" data-elementor-post-type=\"page\">\n\t\t\t\t\t\t<section class=\"elementor-section elementor-top-section elementor-element elementor-element-19ea21f elementor-section-stretched elementor-section-boxed elementor-section-height-default elementor-section-height-default\" data-id=\"19ea21f\" data-element_type=\"section\" data-e-type=\"section\" data-settings=\"{&quot;stretch_section&quot;:&quot;section-stretched&quot;}\">\n\t\t\t\t\t\t<div class=\"elementor-container elementor-column-gap-default\">\n\t\t\t\t\t<div class=\"elementor-column elementor-col-100 elementor-top-column elementor-element elementor-element-17a5985\" data-id=\"17a5985\" data-element_type=\"column\" data-e-type=\"column\">\n\t\t\t<div class=\"elementor-widget-wrap elementor-element-populated\">\n\t\t\t\t\t\t<div class=\"elementor-element elementor-element-c32f8f2 elementor-widget elementor-widget-heading\" data-id=\"c32f8f2\" data-element_type=\"widget\" data-e-type=\"widget\" data-widget_type=\"heading.default\">\n\t\t\t\t<div class=\"elementor-widget-container\">\n\t\t\t\t\t<h2 class=\"elementor-heading-title elementor-size-default\">Les conditions financi\u00e8res<\/h2>\t\t\t\t<\/div>\n\t\t\t\t<\/div>\n\t\t\t\t\t<\/div>\n\t\t<\/div>\n\t\t\t\t\t<\/div>\n\t\t<\/section>\n\t\t\t\t<section class=\"elementor-section elementor-top-section elementor-element elementor-element-16f99a9 elementor-section-stretched elementor-section-boxed elementor-section-height-default elementor-section-height-default\" data-id=\"16f99a9\" data-element_type=\"section\" data-e-type=\"section\" data-settings=\"{&quot;stretch_section&quot;:&quot;section-stretched&quot;}\">\n\t\t\t\t\t\t<div class=\"elementor-container elementor-column-gap-default\">\n\t\t\t\t\t<div class=\"elementor-column elementor-col-100 elementor-top-column elementor-element elementor-element-25d4abb\" data-id=\"25d4abb\" data-element_type=\"column\" data-e-type=\"column\">\n\t\t\t<div class=\"elementor-widget-wrap elementor-element-populated\">\n\t\t\t\t\t\t<div class=\"elementor-element elementor-element-f64c57a elementor-widget elementor-widget-text-editor\" data-id=\"f64c57a\" data-element_type=\"widget\" data-e-type=\"widget\" data-widget_type=\"text-editor.default\">\n\t\t\t\t<div class=\"elementor-widget-container\">\n\t\t\t\t\t\t\t\t\t<p class=\"justifier\">B\u00e9n\u00e9ficiant d\u2019un concept unique sur le march\u00e9 de la restauration commerciale, Flam\u2019s poursuit son d\u00e9veloppement majoritairement en France.<br \/><br \/>Le Succ\u00e8s de FLAM\u2019S repose sur :<\/p><ul class=\"ul margin\"><li>Un concept innovant<\/li><li>Des produits traditionnels<\/li><li>Une grande capacit\u00e9 d\u2019accueil<\/li><li>Une ambiance festive<\/li><li>Un positionnement pertinent autour du partage<\/li><\/ul>\t\t\t\t\t\t\t\t<\/div>\n\t\t\t\t<\/div>\n\t\t\t\t\t<\/div>\n\t\t<\/div>\n\t\t\t\t\t<\/div>\n\t\t<\/section>\n\t\t\t\t<section class=\"elementor-section elementor-top-section elementor-element elementor-element-aa03273 elementor-section-stretched elementor-section-boxed elementor-section-height-default elementor-section-height-default\" data-id=\"aa03273\" data-element_type=\"section\" data-e-type=\"section\" data-settings=\"{&quot;stretch_section&quot;:&quot;section-stretched&quot;}\">\n\t\t\t\t\t\t<div class=\"elementor-container elementor-column-gap-default\">\n\t\t\t\t\t<div class=\"elementor-column elementor-col-100 elementor-top-column elementor-element elementor-element-e41c27f\" data-id=\"e41c27f\" data-element_type=\"column\" data-e-type=\"column\">\n\t\t\t<div class=\"elementor-widget-wrap elementor-element-populated\">\n\t\t\t\t\t\t<div class=\"elementor-element elementor-element-1550f95 elementor-widget elementor-widget-heading\" data-id=\"1550f95\" data-element_type=\"widget\" data-e-type=\"widget\" data-widget_type=\"heading.default\">\n\t\t\t\t<div class=\"elementor-widget-container\">\n\t\t\t\t\t<h2 class=\"elementor-heading-title elementor-size-default\">Les engagements de Flam's<\/h2>\t\t\t\t<\/div>\n\t\t\t\t<\/div>\n\t\t\t\t\t<\/div>\n\t\t<\/div>\n\t\t\t\t\t<\/div>\n\t\t<\/section>\n\t\t\t\t<section class=\"elementor-section elementor-top-section elementor-element elementor-element-a6149d0 elementor-section-boxed elementor-section-height-default elementor-section-height-default\" data-id=\"a6149d0\" data-element_type=\"section\" data-e-type=\"section\">\n\t\t\t\t\t\t<div class=\"elementor-container elementor-column-gap-default\">\n\t\t\t\t\t<div class=\"elementor-column elementor-col-100 elementor-top-column elementor-element elementor-element-41d8b09\" data-id=\"41d8b09\" data-element_type=\"column\" data-e-type=\"column\">\n\t\t\t<div class=\"elementor-widget-wrap elementor-element-populated\">\n\t\t\t\t\t\t<div class=\"elementor-element elementor-element-f2e11d1 elementor-widget elementor-widget-heading\" data-id=\"f2e11d1\" data-element_type=\"widget\" data-e-type=\"widget\" data-widget_type=\"heading.default\">\n\t\t\t\t<div class=\"elementor-widget-container\">\n\t\t\t\t\t<h2 class=\"elementor-heading-title elementor-size-default\">Implantation<\/h2>\t\t\t\t<\/div>\n\t\t\t\t<\/div>\n\t\t\t\t<div class=\"elementor-element elementor-element-a5486c4 elementor-widget elementor-widget-text-editor\" data-id=\"a5486c4\" data-element_type=\"widget\" data-e-type=\"widget\" data-widget_type=\"text-editor.default\">\n\t\t\t\t<div class=\"elementor-widget-container\">\n\t\t\t\t\t\t\t\t\t<ul class=\"ul margin\"><li>Assistance pour la recherche du local<\/li><li>Assistance pour l\u2019\u00e9laboration du dossier de financement<\/li><li>Assistance technique lors de l\u2019am\u00e9nagement du point de vente<\/li><\/ul>\t\t\t\t\t\t\t\t<\/div>\n\t\t\t\t<\/div>\n\t\t\t\t\t<\/div>\n\t\t<\/div>\n\t\t\t\t\t<\/div>\n\t\t<\/section>\n\t\t\t\t<section class=\"elementor-section elementor-top-section elementor-element elementor-element-aae3d20 elementor-section-boxed elementor-section-height-default elementor-section-height-default\" data-id=\"aae3d20\" data-element_type=\"section\" data-e-type=\"section\">\n\t\t\t\t\t\t<div class=\"elementor-container elementor-column-gap-default\">\n\t\t\t\t\t<div class=\"elementor-column elementor-col-100 elementor-top-column elementor-element elementor-element-2f203be\" data-id=\"2f203be\" data-element_type=\"column\" data-e-type=\"column\">\n\t\t\t<div class=\"elementor-widget-wrap elementor-element-populated\">\n\t\t\t\t\t\t<div class=\"elementor-element elementor-element-4df6779 elementor-widget elementor-widget-heading\" data-id=\"4df6779\" data-element_type=\"widget\" data-e-type=\"widget\" data-widget_type=\"heading.default\">\n\t\t\t\t<div class=\"elementor-widget-container\">\n\t\t\t\t\t<h2 class=\"elementor-heading-title elementor-size-default\">Formation\n<\/h2>\t\t\t\t<\/div>\n\t\t\t\t<\/div>\n\t\t\t\t<div class=\"elementor-element elementor-element-980d52f elementor-widget elementor-widget-text-editor\" data-id=\"980d52f\" data-element_type=\"widget\" data-e-type=\"widget\" data-widget_type=\"text-editor.default\">\n\t\t\t\t<div class=\"elementor-widget-container\">\n\t\t\t\t\t\t\t\t\t<p class=\"justifier\">Une formation compl\u00e8te, pratique et th\u00e9orique est mise en place pour ma\u00eetriser les diff\u00e9rentes \u00e9tapes li\u00e9es \u00e0 la gestion de votre restaurant:<\/p><ul class=\"ul margin\"><li>Merchandising<\/li><li>Vente<\/li><li>Management<\/li><\/ul>\t\t\t\t\t\t\t\t<\/div>\n\t\t\t\t<\/div>\n\t\t\t\t\t<\/div>\n\t\t<\/div>\n\t\t\t\t\t<\/div>\n\t\t<\/section>\n\t\t\t\t<section class=\"elementor-section elementor-top-section elementor-element elementor-element-806279e elementor-section-boxed elementor-section-height-default elementor-section-height-default\" data-id=\"806279e\" data-element_type=\"section\" data-e-type=\"section\">\n\t\t\t\t\t\t<div class=\"elementor-container elementor-column-gap-default\">\n\t\t\t\t\t<div class=\"elementor-column elementor-col-100 elementor-top-column elementor-element elementor-element-c8ff543\" data-id=\"c8ff543\" data-element_type=\"column\" data-e-type=\"column\">\n\t\t\t<div class=\"elementor-widget-wrap elementor-element-populated\">\n\t\t\t\t\t\t<div class=\"elementor-element elementor-element-15cb7ab elementor-widget elementor-widget-heading\" data-id=\"15cb7ab\" data-element_type=\"widget\" data-e-type=\"widget\" data-widget_type=\"heading.default\">\n\t\t\t\t<div class=\"elementor-widget-container\">\n\t\t\t\t\t<h2 class=\"elementor-heading-title elementor-size-default\">Suivi commercial\n<\/h2>\t\t\t\t<\/div>\n\t\t\t\t<\/div>\n\t\t\t\t<div class=\"elementor-element elementor-element-4d2d999 elementor-widget elementor-widget-text-editor\" data-id=\"4d2d999\" data-element_type=\"widget\" data-e-type=\"widget\" data-widget_type=\"text-editor.default\">\n\t\t\t\t<div class=\"elementor-widget-container\">\n\t\t\t\t\t\t\t\t\t<ul class=\"ul margin\"><li>Un suivi commercial permanent<\/li><\/ul>\t\t\t\t\t\t\t\t<\/div>\n\t\t\t\t<\/div>\n\t\t\t\t\t<\/div>\n\t\t<\/div>\n\t\t\t\t\t<\/div>\n\t\t<\/section>\n\t\t\t\t<section class=\"elementor-section elementor-top-section elementor-element elementor-element-4c50be8 elementor-section-boxed elementor-section-height-default elementor-section-height-default\" data-id=\"4c50be8\" data-element_type=\"section\" data-e-type=\"section\">\n\t\t\t\t\t\t<div class=\"elementor-container elementor-column-gap-default\">\n\t\t\t\t\t<div class=\"elementor-column elementor-col-100 elementor-top-column elementor-element elementor-element-13da1f4\" data-id=\"13da1f4\" data-element_type=\"column\" data-e-type=\"column\">\n\t\t\t<div class=\"elementor-widget-wrap elementor-element-populated\">\n\t\t\t\t\t\t<div class=\"elementor-element elementor-element-218bf6f elementor-widget elementor-widget-heading\" data-id=\"218bf6f\" data-element_type=\"widget\" data-e-type=\"widget\" data-widget_type=\"heading.default\">\n\t\t\t\t<div class=\"elementor-widget-container\">\n\t\t\t\t\t<h2 class=\"elementor-heading-title elementor-size-default\">Ouverture\n<\/h2>\t\t\t\t<\/div>\n\t\t\t\t<\/div>\n\t\t\t\t<div class=\"elementor-element elementor-element-1e5bdbe elementor-widget elementor-widget-text-editor\" data-id=\"1e5bdbe\" data-element_type=\"widget\" data-e-type=\"widget\" data-widget_type=\"text-editor.default\">\n\t\t\t\t<div class=\"elementor-widget-container\">\n\t\t\t\t\t\t\t\t\t<ul><li>Assistance et accompagnement \u00e0 l\u2019ouverture assur\u00e9e par le directeur op\u00e9rationnel<\/li><li>Budget publicitaire d&rsquo;ouverture : 10 000\u20ac minimum<\/li><li>Stock : 10 000\u20ac<\/li><\/ul>\t\t\t\t\t\t\t\t<\/div>\n\t\t\t\t<\/div>\n\t\t\t\t\t<\/div>\n\t\t<\/div>\n\t\t\t\t\t<\/div>\n\t\t<\/section>\n\t\t\t\t<section class=\"elementor-section elementor-top-section elementor-element elementor-element-ae42e3b elementor-section-boxed elementor-section-height-default elementor-section-height-default\" data-id=\"ae42e3b\" data-element_type=\"section\" data-e-type=\"section\">\n\t\t\t\t\t\t<div class=\"elementor-container elementor-column-gap-default\">\n\t\t\t\t\t<div class=\"elementor-column elementor-col-100 elementor-top-column elementor-element elementor-element-5f48bf2\" data-id=\"5f48bf2\" data-element_type=\"column\" data-e-type=\"column\">\n\t\t\t<div class=\"elementor-widget-wrap elementor-element-populated\">\n\t\t\t\t\t\t<div class=\"elementor-element elementor-element-1702089 elementor-widget elementor-widget-heading\" data-id=\"1702089\" data-element_type=\"widget\" data-e-type=\"widget\" data-widget_type=\"heading.default\">\n\t\t\t\t<div class=\"elementor-widget-container\">\n\t\t\t\t\t<h2 class=\"elementor-heading-title elementor-size-default\">Les conditions d\u2019acc\u00e8s au R\u00e9seau\n<\/h2>\t\t\t\t<\/div>\n\t\t\t\t<\/div>\n\t\t\t\t<div class=\"elementor-element elementor-element-f28be2d elementor-widget elementor-widget-text-editor\" data-id=\"f28be2d\" data-element_type=\"widget\" data-e-type=\"widget\" data-widget_type=\"text-editor.default\">\n\t\t\t\t<div class=\"elementor-widget-container\">\n\t\t\t\t\t\t\t\t\t<ul class=\"ul margin\"><li>Contrat : Partenariat<\/li><li>Dur\u00e9e : 7 ans<\/li><li>Services initiaux forfaitaires :<ul><li>30 000\u20ac HT droits d&rsquo;entr\u00e9e<\/li><li>5 000\u20ac HT Formations<\/li><\/ul><\/li><li>Redevance : 6 % du CA HT<\/li><\/ul>\t\t\t\t\t\t\t\t<\/div>\n\t\t\t\t<\/div>\n\t\t\t\t<div class=\"elementor-element elementor-element-deacd85 elementor-widget elementor-widget-heading\" data-id=\"deacd85\" data-element_type=\"widget\" data-e-type=\"widget\" data-widget_type=\"heading.default\">\n\t\t\t\t<div class=\"elementor-widget-container\">\n\t\t\t\t\t<h2 class=\"elementor-heading-title elementor-size-default\">Sp\u00e9cificit\u00e9s du local\n<\/h2>\t\t\t\t<\/div>\n\t\t\t\t<\/div>\n\t\t\t\t<div class=\"elementor-element elementor-element-d2451b5 elementor-widget elementor-widget-text-editor\" data-id=\"d2451b5\" data-element_type=\"widget\" data-e-type=\"widget\" data-widget_type=\"text-editor.default\">\n\t\t\t\t<div class=\"elementor-widget-container\">\n\t\t\t\t\t\t\t\t\t<ul class=\"ul margin\"><li>Superficie : entre 300 et 500m\u00b2<\/li><li>Implantation : Paris et villes de plus de 150 000 habitants; villes \u00e9tudiantes<\/li><li>Travaux et am\u00e9nagement : entre 150 000 et 500 000\u20ac, \u00e0 affiner selon \u00e9tat descriptif des travaux n\u00e9cessaires et surface du local envisag\u00e9.<\/li><\/ul>\t\t\t\t\t\t\t\t<\/div>\n\t\t\t\t<\/div>\n\t\t\t\t\t<\/div>\n\t\t<\/div>\n\t\t\t\t\t<\/div>\n\t\t<\/section>\n\t\t\t\t<\/div>\n\t\t","protected":false},"excerpt":{"rendered":"<p>Les conditions financi\u00e8res B\u00e9n\u00e9ficiant d\u2019un concept unique sur le march\u00e9 de la restauration commerciale, Flam\u2019s poursuit son d\u00e9veloppement majoritairement en France. Le Succ\u00e8s de FLAM\u2019S repose sur : Un concept innovant Des produits traditionnels Une grande capacit\u00e9 d\u2019accueil Une ambiance festive Un positionnement pertinent autour du partage Les engagements de [&hellip;]<\/p>\n","protected":false},"author":3,"featured_media":0,"parent":2240,"menu_order":1,"comment_status":"closed","ping_status":"closed","template":"","meta":{"inspiro_page_layout":"narrow","inspiro_hide_title":false,"footnotes":""},"class_list":["post-2258","page","type-page","status-publish","hentry"],"yoast_head":"<!-- This site is optimized with the Yoast SEO plugin v27.2 - https:\/\/yoast.com\/product\/yoast-seo-wordpress\/ -->\n<title>Les conditions financi\u00e8res - Flam&#039;s<\/title>\n<meta name=\"description\" content=\"Flam&#039;s, concept unique dans la restauration commerciale, poursuit son d\u00e9veloppement en France. Rejoignez-nous d\u00e8s maintenant !\" \/>\n<meta name=\"robots\" content=\"index, follow, max-snippet:-1, max-image-preview:large, max-video-preview:-1\" \/>\n<link rel=\"canonical\" href=\"https:\/\/flams.fr\/index.php\/flams-vous\/notre-reseau\/les-conditions-financieres\/\" \/>\n<meta property=\"og:locale\" content=\"fr_FR\" \/>\n<meta property=\"og:type\" content=\"article\" \/>\n<meta property=\"og:title\" content=\"Les conditions financi\u00e8res - Flam&#039;s\" \/>\n<meta property=\"og:description\" content=\"Flam&#039;s, concept unique dans la restauration commerciale, poursuit son d\u00e9veloppement en France. Rejoignez-nous d\u00e8s maintenant !\" \/>\n<meta property=\"og:url\" content=\"https:\/\/flams.fr\/index.php\/flams-vous\/notre-reseau\/les-conditions-financieres\/\" \/>\n<meta property=\"og:site_name\" content=\"Flam&#039;s\" \/>\n<meta property=\"article:modified_time\" content=\"2025-01-09T17:20:40+00:00\" \/>\n<meta name=\"twitter:card\" content=\"summary_large_image\" \/>\n<meta name=\"twitter:label1\" content=\"Dur\u00e9e de lecture estim\u00e9e\" \/>\n\t<meta name=\"twitter:data1\" content=\"1 minute\" \/>\n<script type=\"application\/ld+json\" class=\"yoast-schema-graph\">{\"@context\":\"https:\/\/schema.org\",\"@graph\":[{\"@type\":\"WebPage\",\"@id\":\"https:\/\/flams.fr\/index.php\/flams-vous\/notre-reseau\/les-conditions-financieres\/\",\"url\":\"https:\/\/flams.fr\/index.php\/flams-vous\/notre-reseau\/les-conditions-financieres\/\",\"name\":\"Les conditions financi\u00e8res - Flam&#039;s\",\"isPartOf\":{\"@id\":\"https:\/\/flams.fr\/#website\"},\"datePublished\":\"2023-05-09T12:05:59+00:00\",\"dateModified\":\"2025-01-09T17:20:40+00:00\",\"description\":\"Flam's, concept unique dans la restauration commerciale, poursuit son d\u00e9veloppement en France. Rejoignez-nous d\u00e8s maintenant !\",\"breadcrumb\":{\"@id\":\"https:\/\/flams.fr\/index.php\/flams-vous\/notre-reseau\/les-conditions-financieres\/#breadcrumb\"},\"inLanguage\":\"fr-FR\",\"potentialAction\":[{\"@type\":\"ReadAction\",\"target\":[\"https:\/\/flams.fr\/index.php\/flams-vous\/notre-reseau\/les-conditions-financieres\/\"]}]},{\"@type\":\"BreadcrumbList\",\"@id\":\"https:\/\/flams.fr\/index.php\/flams-vous\/notre-reseau\/les-conditions-financieres\/#breadcrumb\",\"itemListElement\":[{\"@type\":\"ListItem\",\"position\":1,\"name\":\"Accueil Flam's\",\"item\":\"https:\/\/flams.fr\/\"},{\"@type\":\"ListItem\",\"position\":2,\"name\":\"Flam&rsquo;s &#038; Vous\",\"item\":\"https:\/\/flams.fr\/index.php\/flams-vous\/\"},{\"@type\":\"ListItem\",\"position\":3,\"name\":\"Notre r\u00e9seau\u200b\",\"item\":\"https:\/\/flams.fr\/index.php\/flams-vous\/notre-reseau\/\"},{\"@type\":\"ListItem\",\"position\":4,\"name\":\"Les conditions financi\u00e8res\"}]},{\"@type\":\"WebSite\",\"@id\":\"https:\/\/flams.fr\/#website\",\"url\":\"https:\/\/flams.fr\/\",\"name\":\"Flams\",\"description\":\"La flam&#039;s qui se partage\",\"publisher\":{\"@id\":\"https:\/\/flams.fr\/#organization\"},\"potentialAction\":[{\"@type\":\"SearchAction\",\"target\":{\"@type\":\"EntryPoint\",\"urlTemplate\":\"https:\/\/flams.fr\/?s={search_term_string}\"},\"query-input\":{\"@type\":\"PropertyValueSpecification\",\"valueRequired\":true,\"valueName\":\"search_term_string\"}}],\"inLanguage\":\"fr-FR\"},{\"@type\":\"Organization\",\"@id\":\"https:\/\/flams.fr\/#organization\",\"name\":\"Flam's\",\"url\":\"https:\/\/flams.fr\/\",\"logo\":{\"@type\":\"ImageObject\",\"inLanguage\":\"fr-FR\",\"@id\":\"https:\/\/flams.fr\/#\/schema\/logo\/image\/\",\"url\":\"https:\/\/flams.fr\/wp-content\/uploads\/2023\/03\/Logo_flams_web.png\",\"contentUrl\":\"https:\/\/flams.fr\/wp-content\/uploads\/2023\/03\/Logo_flams_web.png\",\"width\":512,\"height\":512,\"caption\":\"Flam's\"},\"image\":{\"@id\":\"https:\/\/flams.fr\/#\/schema\/logo\/image\/\"}}]}<\/script>\n<!-- \/ Yoast SEO plugin. -->","yoast_head_json":{"title":"Les conditions financi\u00e8res - Flam&#039;s","description":"Flam's, concept unique dans la restauration commerciale, poursuit son d\u00e9veloppement en France. Rejoignez-nous d\u00e8s maintenant !","robots":{"index":"index","follow":"follow","max-snippet":"max-snippet:-1","max-image-preview":"max-image-preview:large","max-video-preview":"max-video-preview:-1"},"canonical":"https:\/\/flams.fr\/index.php\/flams-vous\/notre-reseau\/les-conditions-financieres\/","og_locale":"fr_FR","og_type":"article","og_title":"Les conditions financi\u00e8res - Flam&#039;s","og_description":"Flam's, concept unique dans la restauration commerciale, poursuit son d\u00e9veloppement en France. Rejoignez-nous d\u00e8s maintenant !","og_url":"https:\/\/flams.fr\/index.php\/flams-vous\/notre-reseau\/les-conditions-financieres\/","og_site_name":"Flam&#039;s","article_modified_time":"2025-01-09T17:20:40+00:00","twitter_card":"summary_large_image","twitter_misc":{"Dur\u00e9e de lecture estim\u00e9e":"1 minute"},"schema":{"@context":"https:\/\/schema.org","@graph":[{"@type":"WebPage","@id":"https:\/\/flams.fr\/index.php\/flams-vous\/notre-reseau\/les-conditions-financieres\/","url":"https:\/\/flams.fr\/index.php\/flams-vous\/notre-reseau\/les-conditions-financieres\/","name":"Les conditions financi\u00e8res - Flam&#039;s","isPartOf":{"@id":"https:\/\/flams.fr\/#website"},"datePublished":"2023-05-09T12:05:59+00:00","dateModified":"2025-01-09T17:20:40+00:00","description":"Flam's, concept unique dans la restauration commerciale, poursuit son d\u00e9veloppement en France. Rejoignez-nous d\u00e8s maintenant !","breadcrumb":{"@id":"https:\/\/flams.fr\/index.php\/flams-vous\/notre-reseau\/les-conditions-financieres\/#breadcrumb"},"inLanguage":"fr-FR","potentialAction":[{"@type":"ReadAction","target":["https:\/\/flams.fr\/index.php\/flams-vous\/notre-reseau\/les-conditions-financieres\/"]}]},{"@type":"BreadcrumbList","@id":"https:\/\/flams.fr\/index.php\/flams-vous\/notre-reseau\/les-conditions-financieres\/#breadcrumb","itemListElement":[{"@type":"ListItem","position":1,"name":"Accueil Flam's","item":"https:\/\/flams.fr\/"},{"@type":"ListItem","position":2,"name":"Flam&rsquo;s &#038; Vous","item":"https:\/\/flams.fr\/index.php\/flams-vous\/"},{"@type":"ListItem","position":3,"name":"Notre r\u00e9seau\u200b","item":"https:\/\/flams.fr\/index.php\/flams-vous\/notre-reseau\/"},{"@type":"ListItem","position":4,"name":"Les conditions financi\u00e8res"}]},{"@type":"WebSite","@id":"https:\/\/flams.fr\/#website","url":"https:\/\/flams.fr\/","name":"Flams","description":"La flam&#039;s qui se partage","publisher":{"@id":"https:\/\/flams.fr\/#organization"},"potentialAction":[{"@type":"SearchAction","target":{"@type":"EntryPoint","urlTemplate":"https:\/\/flams.fr\/?s={search_term_string}"},"query-input":{"@type":"PropertyValueSpecification","valueRequired":true,"valueName":"search_term_string"}}],"inLanguage":"fr-FR"},{"@type":"Organization","@id":"https:\/\/flams.fr\/#organization","name":"Flam's","url":"https:\/\/flams.fr\/","logo":{"@type":"ImageObject","inLanguage":"fr-FR","@id":"https:\/\/flams.fr\/#\/schema\/logo\/image\/","url":"https:\/\/flams.fr\/wp-content\/uploads\/2023\/03\/Logo_flams_web.png","contentUrl":"https:\/\/flams.fr\/wp-content\/uploads\/2023\/03\/Logo_flams_web.png","width":512,"height":512,"caption":"Flam's"},"image":{"@id":"https:\/\/flams.fr\/#\/schema\/logo\/image\/"}}]}},"_links":{"self":[{"href":"https:\/\/flams.fr\/index.php\/wp-json\/wp\/v2\/pages\/2258","targetHints":{"allow":["GET"]}}],"collection":[{"href":"https:\/\/flams.fr\/index.php\/wp-json\/wp\/v2\/pages"}],"about":[{"href":"https:\/\/flams.fr\/index.php\/wp-json\/wp\/v2\/types\/page"}],"author":[{"embeddable":true,"href":"https:\/\/flams.fr\/index.php\/wp-json\/wp\/v2\/users\/3"}],"replies":[{"embeddable":true,"href":"https:\/\/flams.fr\/index.php\/wp-json\/wp\/v2\/comments?post=2258"}],"version-history":[{"count":21,"href":"https:\/\/flams.fr\/index.php\/wp-json\/wp\/v2\/pages\/2258\/revisions"}],"predecessor-version":[{"id":9465,"href":"https:\/\/flams.fr\/index.php\/wp-json\/wp\/v2\/pages\/2258\/revisions\/9465"}],"up":[{"embeddable":true,"href":"https:\/\/flams.fr\/index.php\/wp-json\/wp\/v2\/pages\/2240"}],"wp:attachment":[{"href":"https:\/\/flams.fr\/index.php\/wp-json\/wp\/v2\/media?parent=2258"}],"curies":[{"name":"wp","href":"https:\/\/api.w.org\/{rel}","templated":true}]}}