{"id":2436,"date":"2023-05-10T15:29:07","date_gmt":"2023-05-10T13:29:07","guid":{"rendered":"https:\/\/flamsweb.fr\/?page_id=2436"},"modified":"2026-04-29T14:37:51","modified_gmt":"2026-04-29T12:37:51","slug":"reserver","status":"publish","type":"page","link":"https:\/\/flams.fr\/index.php\/reserver\/","title":{"rendered":"R\u00e9server"},"content":{"rendered":"\t\t<div data-elementor-type=\"wp-page\" data-elementor-id=\"2436\" class=\"elementor elementor-2436\" data-elementor-post-type=\"page\">\n\t\t\t\t\t\t<section class=\"elementor-section elementor-top-section elementor-element elementor-element-2b9ee15 elementor-section-stretched elementor-section-boxed elementor-section-height-default elementor-section-height-default\" data-id=\"2b9ee15\" data-element_type=\"section\" data-e-type=\"section\" data-settings=\"{&quot;stretch_section&quot;:&quot;section-stretched&quot;}\">\n\t\t\t\t\t\t<div class=\"elementor-container elementor-column-gap-default\">\n\t\t\t\t\t<div class=\"elementor-column elementor-col-100 elementor-top-column elementor-element elementor-element-62cfde7\" data-id=\"62cfde7\" data-element_type=\"column\" data-e-type=\"column\">\n\t\t\t<div class=\"elementor-widget-wrap elementor-element-populated\">\n\t\t\t\t\t\t<div class=\"elementor-element elementor-element-98e97d1 elementor-widget elementor-widget-heading\" data-id=\"98e97d1\" data-element_type=\"widget\" data-e-type=\"widget\" data-widget_type=\"heading.default\">\n\t\t\t\t<div class=\"elementor-widget-container\">\n\t\t\t\t\t<h2 class=\"elementor-heading-title elementor-size-default\">R\u00e9server<\/h2>\t\t\t\t<\/div>\n\t\t\t\t<\/div>\n\t\t\t\t<div class=\"elementor-element elementor-element-576b0ba elementor-widget elementor-widget-text-editor\" data-id=\"576b0ba\" data-element_type=\"widget\" data-e-type=\"widget\" data-widget_type=\"text-editor.default\">\n\t\t\t\t<div class=\"elementor-widget-container\">\n\t\t\t\t\t\t\t\t\t<p>D\u00e9couvrez l&rsquo;authenticit\u00e9 et la convivialit\u00e9 de Flam&rsquo;s en r\u00e9servant votre table en quelques clics.<\/p>\t\t\t\t\t\t\t\t<\/div>\n\t\t\t\t<\/div>\n\t\t\t\t\t<\/div>\n\t\t<\/div>\n\t\t\t\t\t<\/div>\n\t\t<\/section>\n\t\t\t\t<section class=\"elementor-section elementor-top-section elementor-element elementor-element-f5224bb elementor-section-stretched elementor-section-boxed elementor-section-height-default elementor-section-height-default\" data-id=\"f5224bb\" data-element_type=\"section\" data-e-type=\"section\" data-settings=\"{&quot;stretch_section&quot;:&quot;section-stretched&quot;}\">\n\t\t\t\t\t\t<div class=\"elementor-container elementor-column-gap-default\">\n\t\t\t\t\t<div class=\"elementor-column elementor-col-100 elementor-top-column elementor-element elementor-element-0a6a662\" data-id=\"0a6a662\" data-element_type=\"column\" data-e-type=\"column\">\n\t\t\t<div class=\"elementor-widget-wrap elementor-element-populated\">\n\t\t\t\t\t\t<div class=\"elementor-element elementor-element-4553e77 elementor-widget elementor-widget-html\" data-id=\"4553e77\" data-element_type=\"widget\" data-e-type=\"widget\" data-widget_type=\"html.default\">\n\t\t\t\t<div class=\"elementor-widget-container\">\n\t\t\t\t\t<!DOCTYPE html>\n<html lang=\"fr\">\n<head>\n  <meta charset=\"UTF-8\">\n  <meta name=\"viewport\" content=\"width=device-width, initial-scale=1.0\">\n  <title>Liste Compl\u00e8te des Restaurants Flams<\/title>\n  <link rel=\"preconnect\" href=\"https:\/\/fonts.googleapis.com\">\n  <link rel=\"preconnect\" href=\"https:\/\/fonts.gstatic.com\" crossorigin>\n  <link href=\"https:\/\/fonts.googleapis.com\/css2?family=Roboto:wght@400;500&display=swap\" rel=\"stylesheet\">\n  <style>\n    body, html {\n      margin: 0;\n      padding: 0;\n      font-family: 'Roboto', sans-serif;\n    }\n    #app {\n      display: flex;\n      flex-direction: column;\n      align-items: center;\n      justify-content: flex-start;\n      min-height: 100vh;\n      width: 100%;\n      padding: 20px;\n    }\n    #searchInput {\n      margin: 20px 0;\n      padding: 10px;\n      width: 80%;\n      max-width: 500px;\n      border: 1px solid #ddd;\n      border-radius: 5px;\n    }\n    #restaurants {\n      display: flex;\n      flex-wrap: wrap;\n      gap: 20px;\n      justify-content: center;\n      width: 100%;\n    }\n    .restaurant {\n      border: 1px solid #ddd;\n      padding: 15px;\n      border-radius: 15px;\n      width: calc(33.333% - 20px);\n      box-sizing: border-box;\n      background: #fff;\n    }\n    .restaurant img {\n      width: 100%;\n      height: auto;\n      border-radius: 5px;\n      margin-bottom: 10px;\n    }\n    .cta, .carte {\n      color: white;\n      text-decoration: none;\n      padding: 10px 15px;\n      border-radius: 5px;\n      display: inline-block;\n      margin-right: 10px;\n    }\n    .cta { background-color: #922525; }\n    .carte { background-color: #ffd270; color: black; }\n    .cta:hover, .carte:hover { opacity: 0.9; }\n    .description {\n      margin-bottom: 10px;\n      font-size: 1rem;\n      text-align: justify;\n    }\n    .restaurant h4 {\n      font-size: 1.5rem;\n      margin: 0 0 10px;\n    }\n    @media (max-width: 768px) {\n      .restaurant { width: calc(50% - 20px); }\n    }\n    @media (max-width: 480px) {\n      .restaurant { width: 100%; }\n      #searchInput { width: 90%; }\n    }\n  <\/style>\n<\/head>\n<body>\n\n<div id=\"app\">\n  <input type=\"text\" id=\"searchInput\" placeholder=\"Recherchez votre restaurant...\">\n  <div id=\"restaurants\"><\/div>\n<\/div>\n\n<script>\n  const restaurants = [\n    {\n      id: 15,\n      name: 'Arras',\n      description: 'Bienvenue au Flam\u2019s Arras...',\n      url: 'https:\/\/flams.fr\/index.php\/nos-restaurants\/flams-arras\/#FVPARRAS',\n      menuUrl: 'https:\/\/carte.flams.fr\/#\/carte\/arras',\n      image: 'https:\/\/flams.fr\/wp-content\/uploads\/2023\/07\/EmptyName-15-1DONE-copy_1-scaled.webp'\n    },\n    {\n      id: 1,\n      name: 'Bordeaux B\u00e8gles',\n      description: 'Bienvenue au Flam\u2019s de B\u00e8gles Bordeaux...',\n      url: 'https:\/\/flams.fr\/index.php\/nos-restaurants\/flams-bordeaux-begles\/#ZenchefBgles',\n      menuUrl: 'https:\/\/flams.fr\/index.php\/carte-flams-begles\/',\n      image: 'https:\/\/flams.fr\/wp-content\/uploads\/2025\/11\/begles_03.webp'\n    },\n    {\n      id: 3,\n      name: 'Paris Ch\u00e2telet',\n      description: 'Bienvenue au Flam\u2019s Paris...',\n      url: 'https:\/\/widget.thefork.com\/252bbcfd-79fd-4f2e-a422-770b7dec90bf',\n      menuUrl: 'https:\/\/flams.fr\/index.php\/carte-flams-lombards\/',\n      image: 'https:\/\/flams.fr\/wp-content\/uploads\/2024\/01\/lombards_04.webp'\n    },\n    {\n      id: 4,\n      name: 'Grenoble -> Ferm\u00e9 temporairement',\n      description: 'Bienvenue au Flam\u2019s Grenoble...',\n      url: 'https:\/\/flams.fr\/index.php\/nos-restaurants\/flams-grenoble\/#ZenchefGrenoble',\n      menuUrl: 'https:\/\/flams.fr\/wp-content\/uploads\/2024\/01\/Flams_Carte-Flams-GRENOBLE-OK-FINAL-AOUT-V6.pdf',\n      image: 'https:\/\/flams.fr\/wp-content\/uploads\/2023\/08\/2023-07-29.jpg'\n    },\n    {\n      id: 5,\n      name: 'Lille',\n      description: 'Bienvenue au Flam\u2019s Lille...',\n      url: 'https:\/\/flams.fr\/index.php\/nos-restaurants\/flams-lille\/#ZenchefLille',\n      menuUrl: 'https:\/\/flams.fr\/index.php\/carte-flams-lille\/',\n      image: 'https:\/\/flams.fr\/wp-content\/uploads\/2024\/01\/lille_01.webp'\n    },\n    {\n      id: 6,\n      name: 'Lyon',\n      description: 'D\u00e9couvrez le Flam\u2019s Lyon...',\n      url: 'https:\/\/booking.ureserve.co\/shop\/external-booking\/flam-s?iframe=true&lang_code=fr',\n      menuUrl: 'https:\/\/flams.fr\/index.php\/carte-flams-lyon\/',\n      image: 'https:\/\/flams.fr\/wp-content\/uploads\/2025\/11\/lyon_15.webp'\n    },\n    {\n      id: 7,\n      name: 'Paris Montparnasse',\n      description: 'Bienvenue au Flam\u2019s Paris Montparnasse...',\n      url: 'https:\/\/widget.thefork.com\/434f349e-ef8e-4eca-aa3b-196140c8a6b9',\n      menuUrl: 'https:\/\/flams.fr\/index.php\/carte-flams-montparnasse\/',\n      image: 'https:\/\/flams.fr\/wp-content\/uploads\/2024\/01\/montparnasse_03.webp'\n    },\n    {\n      id: 8,\n      name: 'Nantes',\n      description: 'Bienvenue au Flam\u2019s Nantes...',\n      url: 'https:\/\/flams.fr\/index.php\/nos-restaurants\/flams-nantes\/#ZenchefNantes',\n      menuUrl: 'https:\/\/nantes.carte.flams.fr\/#\/carte\/Menu-Midi',\n      image: 'https:\/\/flams.fr\/wp-content\/uploads\/2024\/01\/image00004-scaled.webp'\n    },\n    {\n      id: 10,\n      name: 'Paris Saint-Lazare',\n      description: 'Bienvenue au Flam\u2019s Paris Saint-Lazare...',\n      url: 'https:\/\/widget.thefork.com\/ab8a67f8-1515-4cdb-b8c7-731ae8cfc796',\n      menuUrl: 'https:\/\/flams.fr\/index.php\/carte-flams-saint-lazare\/',\n      image: 'https:\/\/flams.fr\/wp-content\/uploads\/2024\/01\/stl_01.webp'\n    },\n    {\n      id: 16,\n      name: 'Strasbourg Austerlitz',\n      description: 'Bienvenue au Flam\u2019s Austerlitz...',\n      url: 'https:\/\/flams.fr\/index.php\/nos-restaurants\/flams-strasbourg-austerlitz\/',\n      menuUrl: 'https:\/\/flams.fr\/index.php\/carte-flams-austerlitz-2\/',\n      image: 'https:\/\/flams.fr\/wp-content\/uploads\/2025\/03\/flamsterlitz-5-scaled.webp'\n    },\n    {\n      id: 11,\n      name: 'Strasbourg',\n      description: 'Bienvenue au Flam\u2019s de Strasbourg...',\n      url: 'https:\/\/flams.fr\/index.php\/nos-restaurants\/flams-strasbourg\/#ZenchefStrasbourg',\n      menuUrl: 'https:\/\/flams.fr\/index.php\/carte-flams-freres\/',\n      image: 'https:\/\/flams.fr\/wp-content\/uploads\/2023\/04\/31-scaled.jpg'\n    },\n    {\n      id: 12,\n      name: 'Thonon-les-Bains',\n      description: 'Bienvenue au Flam\u2019s de Thonon-les-Bains...',\n      url: 'https:\/\/flams.fr\/index.php\/nos-restaurants\/flams-thonon-les-bains\/#FVPThonon',\n      menuUrl: 'https:\/\/flams.fr\/index.php\/carte-flams-thonon-les-bains\/',\n      image: 'https:\/\/flams.fr\/wp-content\/uploads\/2024\/02\/2023-11-13.jpg'\n    },\n    {\n      id: 13,\n      name: 'Tours',\n      description: 'Bienvenue au Flam\u2019s Tours...',\n      url: 'https:\/\/flams.fr\/index.php\/nos-restaurants\/flams-tours\/#FVPTours',\n      menuUrl: 'https:\/\/carte.flams.fr\/#\/carte\/tours',\n      image: 'https:\/\/flams.fr\/wp-content\/uploads\/2024\/01\/1.webp'\n    }\n  ];\n\n  const searchInput = document.getElementById('searchInput');\n  const restaurantsContainer = document.getElementById('restaurants');\n\n  function renderRestaurants(list) {\n    restaurantsContainer.innerHTML = '';\n    list.forEach(r => {\n      const card = document.createElement('div');\n      card.className = 'restaurant';\n      card.innerHTML = `\n        <h4>${r.name}<\/h4>\n        <img decoding=\"async\" src=\"${r.image}\" alt=\"${r.name} Image\">\n        <p class=\"description\">${r.description}<\/p>\n        <a class=\"cta\" href=\"${r.url}\" target=\"_blank\">R\u00e9server<\/a>\n        <a class=\"cta carte\" href=\"${r.menuUrl}\" target=\"_blank\">La Carte<\/a>\n      `;\n      restaurantsContainer.appendChild(card);\n    });\n  }\n\n  searchInput.addEventListener('input', () => {\n    const query = searchInput.value.toLowerCase();\n    const filtered = restaurants.filter(r => r.name.toLowerCase().includes(query));\n    renderRestaurants(filtered);\n  });\n\n  \/\/ Affichage initial\n  renderRestaurants(restaurants);\n<\/script>\n\n<\/body>\n<\/html>\n\t\t\t\t<\/div>\n\t\t\t\t<\/div>\n\t\t\t\t\t<\/div>\n\t\t<\/div>\n\t\t\t\t\t<\/div>\n\t\t<\/section>\n\t\t\t\t<\/div>\n\t\t","protected":false},"excerpt":{"rendered":"<p>R\u00e9server D\u00e9couvrez l&rsquo;authenticit\u00e9 et la convivialit\u00e9 de Flam&rsquo;s en r\u00e9servant votre table en quelques clics. Liste Compl\u00e8te des Restaurants Flams<\/p>\n","protected":false},"author":3,"featured_media":0,"parent":0,"menu_order":0,"comment_status":"closed","ping_status":"closed","template":"","meta":{"inspiro_page_layout":"narrow","inspiro_hide_title":false,"footnotes":""},"class_list":["post-2436","page","type-page","status-publish","hentry"],"yoast_head":"<!-- This site is optimized with the Yoast SEO plugin v27.4 - https:\/\/yoast.com\/product\/yoast-seo-wordpress\/ -->\n<title>R\u00e9server - Flam&#039;s<\/title>\n<meta name=\"description\" content=\"D\u00e9couvrez nos 14 restaurants et laissez vos papilles vous guider. R\u00e9servez votre table d\u00e8s maintenant ! Contactez-nous via notre formulaire en ligne.\" \/>\n<meta name=\"robots\" content=\"index, follow, max-snippet:-1, max-image-preview:large, max-video-preview:-1\" \/>\n<link rel=\"canonical\" href=\"https:\/\/flams.fr\/index.php\/reserver\/\" \/>\n<meta property=\"og:locale\" content=\"fr_FR\" \/>\n<meta property=\"og:type\" content=\"article\" \/>\n<meta property=\"og:title\" content=\"R\u00e9server - Flam&#039;s\" \/>\n<meta property=\"og:description\" content=\"D\u00e9couvrez nos 14 restaurants et laissez vos papilles vous guider. R\u00e9servez votre table d\u00e8s maintenant ! Contactez-nous via notre formulaire en ligne.\" \/>\n<meta property=\"og:url\" content=\"https:\/\/flams.fr\/index.php\/reserver\/\" \/>\n<meta property=\"og:site_name\" content=\"Flam&#039;s\" \/>\n<meta property=\"article:modified_time\" content=\"2026-04-29T12:37:51+00:00\" \/>\n<meta name=\"twitter:card\" content=\"summary_large_image\" \/>\n<meta name=\"twitter:label1\" content=\"Dur\u00e9e de lecture estim\u00e9e\" \/>\n\t<meta name=\"twitter:data1\" content=\"1 minute\" \/>\n<script type=\"application\/ld+json\" class=\"yoast-schema-graph\">{\"@context\":\"https:\\\/\\\/schema.org\",\"@graph\":[{\"@type\":\"WebPage\",\"@id\":\"https:\\\/\\\/flams.fr\\\/index.php\\\/reserver\\\/\",\"url\":\"https:\\\/\\\/flams.fr\\\/index.php\\\/reserver\\\/\",\"name\":\"R\u00e9server - Flam&#039;s\",\"isPartOf\":{\"@id\":\"https:\\\/\\\/flams.fr\\\/#website\"},\"datePublished\":\"2023-05-10T13:29:07+00:00\",\"dateModified\":\"2026-04-29T12:37:51+00:00\",\"description\":\"D\u00e9couvrez nos 14 restaurants et laissez vos papilles vous guider. R\u00e9servez votre table d\u00e8s maintenant ! Contactez-nous via notre formulaire en ligne.\",\"breadcrumb\":{\"@id\":\"https:\\\/\\\/flams.fr\\\/index.php\\\/reserver\\\/#breadcrumb\"},\"inLanguage\":\"fr-FR\",\"potentialAction\":[{\"@type\":\"ReadAction\",\"target\":[\"https:\\\/\\\/flams.fr\\\/index.php\\\/reserver\\\/\"]}]},{\"@type\":\"BreadcrumbList\",\"@id\":\"https:\\\/\\\/flams.fr\\\/index.php\\\/reserver\\\/#breadcrumb\",\"itemListElement\":[{\"@type\":\"ListItem\",\"position\":1,\"name\":\"Accueil Flam's\",\"item\":\"https:\\\/\\\/flams.fr\\\/\"},{\"@type\":\"ListItem\",\"position\":2,\"name\":\"R\u00e9server\"}]},{\"@type\":\"WebSite\",\"@id\":\"https:\\\/\\\/flams.fr\\\/#website\",\"url\":\"https:\\\/\\\/flams.fr\\\/\",\"name\":\"Flams\",\"description\":\"La flam&#039;s qui se partage\",\"publisher\":{\"@id\":\"https:\\\/\\\/flams.fr\\\/#organization\"},\"potentialAction\":[{\"@type\":\"SearchAction\",\"target\":{\"@type\":\"EntryPoint\",\"urlTemplate\":\"https:\\\/\\\/flams.fr\\\/?s={search_term_string}\"},\"query-input\":{\"@type\":\"PropertyValueSpecification\",\"valueRequired\":true,\"valueName\":\"search_term_string\"}}],\"inLanguage\":\"fr-FR\"},{\"@type\":\"Organization\",\"@id\":\"https:\\\/\\\/flams.fr\\\/#organization\",\"name\":\"Flam's\",\"url\":\"https:\\\/\\\/flams.fr\\\/\",\"logo\":{\"@type\":\"ImageObject\",\"inLanguage\":\"fr-FR\",\"@id\":\"https:\\\/\\\/flams.fr\\\/#\\\/schema\\\/logo\\\/image\\\/\",\"url\":\"https:\\\/\\\/flams.fr\\\/wp-content\\\/uploads\\\/2023\\\/03\\\/Logo_flams_web.png\",\"contentUrl\":\"https:\\\/\\\/flams.fr\\\/wp-content\\\/uploads\\\/2023\\\/03\\\/Logo_flams_web.png\",\"width\":512,\"height\":512,\"caption\":\"Flam's\"},\"image\":{\"@id\":\"https:\\\/\\\/flams.fr\\\/#\\\/schema\\\/logo\\\/image\\\/\"}}]}<\/script>\n<!-- \/ Yoast SEO plugin. -->","yoast_head_json":{"title":"R\u00e9server - Flam&#039;s","description":"D\u00e9couvrez nos 14 restaurants et laissez vos papilles vous guider. R\u00e9servez votre table d\u00e8s maintenant ! Contactez-nous via notre formulaire en ligne.","robots":{"index":"index","follow":"follow","max-snippet":"max-snippet:-1","max-image-preview":"max-image-preview:large","max-video-preview":"max-video-preview:-1"},"canonical":"https:\/\/flams.fr\/index.php\/reserver\/","og_locale":"fr_FR","og_type":"article","og_title":"R\u00e9server - Flam&#039;s","og_description":"D\u00e9couvrez nos 14 restaurants et laissez vos papilles vous guider. R\u00e9servez votre table d\u00e8s maintenant ! Contactez-nous via notre formulaire en ligne.","og_url":"https:\/\/flams.fr\/index.php\/reserver\/","og_site_name":"Flam&#039;s","article_modified_time":"2026-04-29T12:37:51+00:00","twitter_card":"summary_large_image","twitter_misc":{"Dur\u00e9e de lecture estim\u00e9e":"1 minute"},"schema":{"@context":"https:\/\/schema.org","@graph":[{"@type":"WebPage","@id":"https:\/\/flams.fr\/index.php\/reserver\/","url":"https:\/\/flams.fr\/index.php\/reserver\/","name":"R\u00e9server - Flam&#039;s","isPartOf":{"@id":"https:\/\/flams.fr\/#website"},"datePublished":"2023-05-10T13:29:07+00:00","dateModified":"2026-04-29T12:37:51+00:00","description":"D\u00e9couvrez nos 14 restaurants et laissez vos papilles vous guider. R\u00e9servez votre table d\u00e8s maintenant ! Contactez-nous via notre formulaire en ligne.","breadcrumb":{"@id":"https:\/\/flams.fr\/index.php\/reserver\/#breadcrumb"},"inLanguage":"fr-FR","potentialAction":[{"@type":"ReadAction","target":["https:\/\/flams.fr\/index.php\/reserver\/"]}]},{"@type":"BreadcrumbList","@id":"https:\/\/flams.fr\/index.php\/reserver\/#breadcrumb","itemListElement":[{"@type":"ListItem","position":1,"name":"Accueil Flam's","item":"https:\/\/flams.fr\/"},{"@type":"ListItem","position":2,"name":"R\u00e9server"}]},{"@type":"WebSite","@id":"https:\/\/flams.fr\/#website","url":"https:\/\/flams.fr\/","name":"Flams","description":"La flam&#039;s qui se partage","publisher":{"@id":"https:\/\/flams.fr\/#organization"},"potentialAction":[{"@type":"SearchAction","target":{"@type":"EntryPoint","urlTemplate":"https:\/\/flams.fr\/?s={search_term_string}"},"query-input":{"@type":"PropertyValueSpecification","valueRequired":true,"valueName":"search_term_string"}}],"inLanguage":"fr-FR"},{"@type":"Organization","@id":"https:\/\/flams.fr\/#organization","name":"Flam's","url":"https:\/\/flams.fr\/","logo":{"@type":"ImageObject","inLanguage":"fr-FR","@id":"https:\/\/flams.fr\/#\/schema\/logo\/image\/","url":"https:\/\/flams.fr\/wp-content\/uploads\/2023\/03\/Logo_flams_web.png","contentUrl":"https:\/\/flams.fr\/wp-content\/uploads\/2023\/03\/Logo_flams_web.png","width":512,"height":512,"caption":"Flam's"},"image":{"@id":"https:\/\/flams.fr\/#\/schema\/logo\/image\/"}}]}},"_links":{"self":[{"href":"https:\/\/flams.fr\/index.php\/wp-json\/wp\/v2\/pages\/2436","targetHints":{"allow":["GET"]}}],"collection":[{"href":"https:\/\/flams.fr\/index.php\/wp-json\/wp\/v2\/pages"}],"about":[{"href":"https:\/\/flams.fr\/index.php\/wp-json\/wp\/v2\/types\/page"}],"author":[{"embeddable":true,"href":"https:\/\/flams.fr\/index.php\/wp-json\/wp\/v2\/users\/3"}],"replies":[{"embeddable":true,"href":"https:\/\/flams.fr\/index.php\/wp-json\/wp\/v2\/comments?post=2436"}],"version-history":[{"count":263,"href":"https:\/\/flams.fr\/index.php\/wp-json\/wp\/v2\/pages\/2436\/revisions"}],"predecessor-version":[{"id":13452,"href":"https:\/\/flams.fr\/index.php\/wp-json\/wp\/v2\/pages\/2436\/revisions\/13452"}],"wp:attachment":[{"href":"https:\/\/flams.fr\/index.php\/wp-json\/wp\/v2\/media?parent=2436"}],"curies":[{"name":"wp","href":"https:\/\/api.w.org\/{rel}","templated":true}]}}