{"id":45,"date":"2023-03-29T14:34:41","date_gmt":"2023-03-29T12:34:41","guid":{"rendered":"https:\/\/flamsweb.fr\/?page_id=45"},"modified":"2023-08-02T16:41:45","modified_gmt":"2023-08-02T14:41:45","slug":"fidelite","status":"publish","type":"page","link":"https:\/\/flams.fr\/index.php\/flams-vous\/fidelite\/","title":{"rendered":"Fid\u00e9lit\u00e9"},"content":{"rendered":"\t\t<div data-elementor-type=\"wp-page\" data-elementor-id=\"45\" class=\"elementor elementor-45\" data-elementor-post-type=\"page\">\n\t\t\t\t\t\t<section class=\"elementor-section elementor-top-section elementor-element elementor-element-a9fd699 elementor-section-boxed elementor-section-height-default elementor-section-height-default\" data-id=\"a9fd699\" data-element_type=\"section\" data-e-type=\"section\">\n\t\t\t\t\t\t<div class=\"elementor-container elementor-column-gap-default\">\n\t\t\t\t\t<div class=\"elementor-column elementor-col-100 elementor-top-column elementor-element elementor-element-41036d8\" data-id=\"41036d8\" data-element_type=\"column\" data-e-type=\"column\">\n\t\t\t<div class=\"elementor-widget-wrap\">\n\t\t\t\t\t\t\t<\/div>\n\t\t<\/div>\n\t\t\t\t\t<\/div>\n\t\t<\/section>\n\t\t\t\t<section class=\"elementor-section elementor-top-section elementor-element elementor-element-5d548b6 elementor-section-boxed elementor-section-height-default elementor-section-height-default\" data-id=\"5d548b6\" data-element_type=\"section\" data-e-type=\"section\">\n\t\t\t\t\t\t<div class=\"elementor-container elementor-column-gap-default\">\n\t\t\t\t\t<div class=\"elementor-column elementor-col-100 elementor-top-column elementor-element elementor-element-d3f13fc\" data-id=\"d3f13fc\" data-element_type=\"column\" data-e-type=\"column\">\n\t\t\t<div class=\"elementor-widget-wrap elementor-element-populated\">\n\t\t\t\t\t\t<div class=\"elementor-element elementor-element-30f5de6 elementor-widget elementor-widget-heading\" data-id=\"30f5de6\" data-element_type=\"widget\" data-e-type=\"widget\" data-widget_type=\"heading.default\">\n\t\t\t\t<div class=\"elementor-widget-container\">\n\t\t\t\t\t<h2 class=\"elementor-heading-title elementor-size-default\">La fid\u00e9lit\u00e9<\/h2>\t\t\t\t<\/div>\n\t\t\t\t<\/div>\n\t\t\t\t\t<\/div>\n\t\t<\/div>\n\t\t\t\t\t<\/div>\n\t\t<\/section>\n\t\t\t\t<section class=\"elementor-section elementor-top-section elementor-element elementor-element-54d3829 elementor-section-stretched elementor-section-boxed elementor-section-height-default elementor-section-height-default\" data-id=\"54d3829\" data-element_type=\"section\" data-e-type=\"section\" data-settings=\"{&quot;stretch_section&quot;:&quot;section-stretched&quot;}\">\n\t\t\t\t\t\t<div class=\"elementor-container elementor-column-gap-default\">\n\t\t\t\t\t<div class=\"elementor-column elementor-col-100 elementor-top-column elementor-element elementor-element-c8b39d7\" data-id=\"c8b39d7\" data-element_type=\"column\" data-e-type=\"column\">\n\t\t\t<div class=\"elementor-widget-wrap elementor-element-populated\">\n\t\t\t\t\t\t<div class=\"elementor-element elementor-element-4b4bbfc elementor-widget elementor-widget-heading\" data-id=\"4b4bbfc\" data-element_type=\"widget\" data-e-type=\"widget\" data-widget_type=\"heading.default\">\n\t\t\t\t<div class=\"elementor-widget-container\">\n\t\t\t\t\t<h2 class=\"elementor-heading-title elementor-size-default\">Notre programme de fid\u00e9lit\u00e9 arrive tr\u00e8s bient\u00f4t chez Flam's<\/h2>\t\t\t\t<\/div>\n\t\t\t\t<\/div>\n\t\t\t\t\t<\/div>\n\t\t<\/div>\n\t\t\t\t\t<\/div>\n\t\t<\/section>\n\t\t\t\t<\/div>\n\t\t","protected":false},"excerpt":{"rendered":"<p>La fid\u00e9lit\u00e9 Notre programme de fid\u00e9lit\u00e9 arrive tr\u00e8s bient\u00f4t chez Flam&rsquo;s<\/p>\n","protected":false},"author":3,"featured_media":0,"parent":39,"menu_order":1,"comment_status":"closed","ping_status":"closed","template":"","meta":{"inspiro_page_layout":"narrow","inspiro_hide_title":false,"footnotes":""},"class_list":["post-45","page","type-page","status-publish","hentry"],"yoast_head":"<!-- This site is optimized with the Yoast SEO plugin v27.2 - https:\/\/yoast.com\/product\/yoast-seo-wordpress\/ -->\n<title>Fid\u00e9lit\u00e9 - Flam&#039;s<\/title>\n<meta name=\"description\" content=\"D\u00e9couvrez bient\u00f4t notre programme de fid\u00e9lit\u00e9 exclusif chez Flam&#039;s ! Restez \u00e0 l&#039;aff\u00fbt pour profiter de nombreux avantages et r\u00e9compenses.\" \/>\n<meta name=\"robots\" content=\"index, follow, max-snippet:-1, max-image-preview:large, max-video-preview:-1\" \/>\n<link rel=\"canonical\" href=\"https:\/\/flams.fr\/index.php\/flams-vous\/fidelite\/\" \/>\n<meta property=\"og:locale\" content=\"fr_FR\" \/>\n<meta property=\"og:type\" content=\"article\" \/>\n<meta property=\"og:title\" content=\"Fid\u00e9lit\u00e9 - Flam&#039;s\" \/>\n<meta property=\"og:description\" content=\"D\u00e9couvrez bient\u00f4t notre programme de fid\u00e9lit\u00e9 exclusif chez Flam&#039;s ! Restez \u00e0 l&#039;aff\u00fbt pour profiter de nombreux avantages et r\u00e9compenses.\" \/>\n<meta property=\"og:url\" content=\"https:\/\/flams.fr\/index.php\/flams-vous\/fidelite\/\" \/>\n<meta property=\"og:site_name\" content=\"Flam&#039;s\" \/>\n<meta property=\"article:modified_time\" content=\"2023-08-02T14:41:45+00:00\" \/>\n<meta name=\"twitter:card\" content=\"summary_large_image\" \/>\n<meta name=\"twitter:label1\" content=\"Dur\u00e9e de lecture estim\u00e9e\" \/>\n\t<meta name=\"twitter:data1\" content=\"1 minute\" \/>\n<script type=\"application\/ld+json\" class=\"yoast-schema-graph\">{\"@context\":\"https:\/\/schema.org\",\"@graph\":[{\"@type\":\"WebPage\",\"@id\":\"https:\/\/flams.fr\/index.php\/flams-vous\/fidelite\/\",\"url\":\"https:\/\/flams.fr\/index.php\/flams-vous\/fidelite\/\",\"name\":\"Fid\u00e9lit\u00e9 - Flam&#039;s\",\"isPartOf\":{\"@id\":\"https:\/\/flams.fr\/#website\"},\"datePublished\":\"2023-03-29T12:34:41+00:00\",\"dateModified\":\"2023-08-02T14:41:45+00:00\",\"description\":\"D\u00e9couvrez bient\u00f4t notre programme de fid\u00e9lit\u00e9 exclusif chez Flam's ! Restez \u00e0 l'aff\u00fbt pour profiter de nombreux avantages et r\u00e9compenses.\",\"breadcrumb\":{\"@id\":\"https:\/\/flams.fr\/index.php\/flams-vous\/fidelite\/#breadcrumb\"},\"inLanguage\":\"fr-FR\",\"potentialAction\":[{\"@type\":\"ReadAction\",\"target\":[\"https:\/\/flams.fr\/index.php\/flams-vous\/fidelite\/\"]}]},{\"@type\":\"BreadcrumbList\",\"@id\":\"https:\/\/flams.fr\/index.php\/flams-vous\/fidelite\/#breadcrumb\",\"itemListElement\":[{\"@type\":\"ListItem\",\"position\":1,\"name\":\"Accueil Flam's\",\"item\":\"https:\/\/flams.fr\/\"},{\"@type\":\"ListItem\",\"position\":2,\"name\":\"Flam&rsquo;s &#038; Vous\",\"item\":\"https:\/\/flams.fr\/index.php\/flams-vous\/\"},{\"@type\":\"ListItem\",\"position\":3,\"name\":\"Fid\u00e9lit\u00e9\"}]},{\"@type\":\"WebSite\",\"@id\":\"https:\/\/flams.fr\/#website\",\"url\":\"https:\/\/flams.fr\/\",\"name\":\"Flams\",\"description\":\"La flam&#039;s qui se partage\",\"publisher\":{\"@id\":\"https:\/\/flams.fr\/#organization\"},\"potentialAction\":[{\"@type\":\"SearchAction\",\"target\":{\"@type\":\"EntryPoint\",\"urlTemplate\":\"https:\/\/flams.fr\/?s={search_term_string}\"},\"query-input\":{\"@type\":\"PropertyValueSpecification\",\"valueRequired\":true,\"valueName\":\"search_term_string\"}}],\"inLanguage\":\"fr-FR\"},{\"@type\":\"Organization\",\"@id\":\"https:\/\/flams.fr\/#organization\",\"name\":\"Flam's\",\"url\":\"https:\/\/flams.fr\/\",\"logo\":{\"@type\":\"ImageObject\",\"inLanguage\":\"fr-FR\",\"@id\":\"https:\/\/flams.fr\/#\/schema\/logo\/image\/\",\"url\":\"https:\/\/flams.fr\/wp-content\/uploads\/2023\/03\/Logo_flams_web.png\",\"contentUrl\":\"https:\/\/flams.fr\/wp-content\/uploads\/2023\/03\/Logo_flams_web.png\",\"width\":512,\"height\":512,\"caption\":\"Flam's\"},\"image\":{\"@id\":\"https:\/\/flams.fr\/#\/schema\/logo\/image\/\"}}]}<\/script>\n<!-- \/ Yoast SEO plugin. -->","yoast_head_json":{"title":"Fid\u00e9lit\u00e9 - Flam&#039;s","description":"D\u00e9couvrez bient\u00f4t notre programme de fid\u00e9lit\u00e9 exclusif chez Flam's ! Restez \u00e0 l'aff\u00fbt pour profiter de nombreux avantages et r\u00e9compenses.","robots":{"index":"index","follow":"follow","max-snippet":"max-snippet:-1","max-image-preview":"max-image-preview:large","max-video-preview":"max-video-preview:-1"},"canonical":"https:\/\/flams.fr\/index.php\/flams-vous\/fidelite\/","og_locale":"fr_FR","og_type":"article","og_title":"Fid\u00e9lit\u00e9 - Flam&#039;s","og_description":"D\u00e9couvrez bient\u00f4t notre programme de fid\u00e9lit\u00e9 exclusif chez Flam's ! Restez \u00e0 l'aff\u00fbt pour profiter de nombreux avantages et r\u00e9compenses.","og_url":"https:\/\/flams.fr\/index.php\/flams-vous\/fidelite\/","og_site_name":"Flam&#039;s","article_modified_time":"2023-08-02T14:41:45+00:00","twitter_card":"summary_large_image","twitter_misc":{"Dur\u00e9e de lecture estim\u00e9e":"1 minute"},"schema":{"@context":"https:\/\/schema.org","@graph":[{"@type":"WebPage","@id":"https:\/\/flams.fr\/index.php\/flams-vous\/fidelite\/","url":"https:\/\/flams.fr\/index.php\/flams-vous\/fidelite\/","name":"Fid\u00e9lit\u00e9 - Flam&#039;s","isPartOf":{"@id":"https:\/\/flams.fr\/#website"},"datePublished":"2023-03-29T12:34:41+00:00","dateModified":"2023-08-02T14:41:45+00:00","description":"D\u00e9couvrez bient\u00f4t notre programme de fid\u00e9lit\u00e9 exclusif chez Flam's ! Restez \u00e0 l'aff\u00fbt pour profiter de nombreux avantages et r\u00e9compenses.","breadcrumb":{"@id":"https:\/\/flams.fr\/index.php\/flams-vous\/fidelite\/#breadcrumb"},"inLanguage":"fr-FR","potentialAction":[{"@type":"ReadAction","target":["https:\/\/flams.fr\/index.php\/flams-vous\/fidelite\/"]}]},{"@type":"BreadcrumbList","@id":"https:\/\/flams.fr\/index.php\/flams-vous\/fidelite\/#breadcrumb","itemListElement":[{"@type":"ListItem","position":1,"name":"Accueil Flam's","item":"https:\/\/flams.fr\/"},{"@type":"ListItem","position":2,"name":"Flam&rsquo;s &#038; Vous","item":"https:\/\/flams.fr\/index.php\/flams-vous\/"},{"@type":"ListItem","position":3,"name":"Fid\u00e9lit\u00e9"}]},{"@type":"WebSite","@id":"https:\/\/flams.fr\/#website","url":"https:\/\/flams.fr\/","name":"Flams","description":"La flam&#039;s qui se partage","publisher":{"@id":"https:\/\/flams.fr\/#organization"},"potentialAction":[{"@type":"SearchAction","target":{"@type":"EntryPoint","urlTemplate":"https:\/\/flams.fr\/?s={search_term_string}"},"query-input":{"@type":"PropertyValueSpecification","valueRequired":true,"valueName":"search_term_string"}}],"inLanguage":"fr-FR"},{"@type":"Organization","@id":"https:\/\/flams.fr\/#organization","name":"Flam's","url":"https:\/\/flams.fr\/","logo":{"@type":"ImageObject","inLanguage":"fr-FR","@id":"https:\/\/flams.fr\/#\/schema\/logo\/image\/","url":"https:\/\/flams.fr\/wp-content\/uploads\/2023\/03\/Logo_flams_web.png","contentUrl":"https:\/\/flams.fr\/wp-content\/uploads\/2023\/03\/Logo_flams_web.png","width":512,"height":512,"caption":"Flam's"},"image":{"@id":"https:\/\/flams.fr\/#\/schema\/logo\/image\/"}}]}},"_links":{"self":[{"href":"https:\/\/flams.fr\/index.php\/wp-json\/wp\/v2\/pages\/45","targetHints":{"allow":["GET"]}}],"collection":[{"href":"https:\/\/flams.fr\/index.php\/wp-json\/wp\/v2\/pages"}],"about":[{"href":"https:\/\/flams.fr\/index.php\/wp-json\/wp\/v2\/types\/page"}],"author":[{"embeddable":true,"href":"https:\/\/flams.fr\/index.php\/wp-json\/wp\/v2\/users\/3"}],"replies":[{"embeddable":true,"href":"https:\/\/flams.fr\/index.php\/wp-json\/wp\/v2\/comments?post=45"}],"version-history":[{"count":32,"href":"https:\/\/flams.fr\/index.php\/wp-json\/wp\/v2\/pages\/45\/revisions"}],"predecessor-version":[{"id":5811,"href":"https:\/\/flams.fr\/index.php\/wp-json\/wp\/v2\/pages\/45\/revisions\/5811"}],"up":[{"embeddable":true,"href":"https:\/\/flams.fr\/index.php\/wp-json\/wp\/v2\/pages\/39"}],"wp:attachment":[{"href":"https:\/\/flams.fr\/index.php\/wp-json\/wp\/v2\/media?parent=45"}],"curies":[{"name":"wp","href":"https:\/\/api.w.org\/{rel}","templated":true}]}}