{"id":4566,"date":"2023-06-19T15:22:20","date_gmt":"2023-06-19T13:22:20","guid":{"rendered":"https:\/\/flams.fr\/?page_id=4566"},"modified":"2023-11-27T09:15:22","modified_gmt":"2023-11-27T08:15:22","slug":"contactez-nous","status":"publish","type":"page","link":"https:\/\/flams.fr\/index.php\/contactez-nous\/","title":{"rendered":"Contactez-nous"},"content":{"rendered":"\t\t<div data-elementor-type=\"wp-page\" data-elementor-id=\"4566\" class=\"elementor elementor-4566\" data-elementor-post-type=\"page\">\n\t\t\t\t\t\t<section class=\"elementor-section elementor-top-section elementor-element elementor-element-422bf82 elementor-section-boxed elementor-section-height-default elementor-section-height-default\" data-id=\"422bf82\" data-element_type=\"section\" data-e-type=\"section\">\n\t\t\t\t\t\t<div class=\"elementor-container elementor-column-gap-default\">\n\t\t\t\t\t<div class=\"elementor-column elementor-col-100 elementor-top-column elementor-element elementor-element-0444c78\" data-id=\"0444c78\" data-element_type=\"column\" data-e-type=\"column\">\n\t\t\t<div class=\"elementor-widget-wrap elementor-element-populated\">\n\t\t\t\t\t\t<div class=\"elementor-element elementor-element-11d8426 elementor-widget elementor-widget-heading\" data-id=\"11d8426\" data-element_type=\"widget\" data-e-type=\"widget\" data-widget_type=\"heading.default\">\n\t\t\t\t<div class=\"elementor-widget-container\">\n\t\t\t\t\t<h2 class=\"elementor-heading-title elementor-size-default\">Contactez-nous<\/h2>\t\t\t\t<\/div>\n\t\t\t\t<\/div>\n\t\t\t\t<div class=\"elementor-element elementor-element-11f82e1 elementor-widget elementor-widget-text-editor\" data-id=\"11f82e1\" data-element_type=\"widget\" data-e-type=\"widget\" data-widget_type=\"text-editor.default\">\n\t\t\t\t<div class=\"elementor-widget-container\">\n\t\t\t\t\t\t\t\t\t<p>Contactez-nous facilement et rapidement via notre formulaire en ligne. Nous sommes l\u00e0 pour r\u00e9pondre \u00e0 vos questions et vos besoins.<\/p>\t\t\t\t\t\t\t\t<\/div>\n\t\t\t\t<\/div>\n\t\t\t\t<div class=\"elementor-element elementor-element-ed71a47 elementor-widget elementor-widget-text-editor\" data-id=\"ed71a47\" data-element_type=\"widget\" data-e-type=\"widget\" data-widget_type=\"text-editor.default\">\n\t\t\t\t<div class=\"elementor-widget-container\">\n\t\t\t\t\t\t\t\t\t<p>Attention, vous ne pouvez pas r\u00e9server dans un de nos restaurant par l\u2019interm\u00e9diaire de ce formulaire. Pour ce faire, utilisez le bouton \u00ab&nbsp;r\u00e9server&nbsp;\u00bb \u00e0 droite de la barre d\u2019accueil.<\/p>\t\t\t\t\t\t\t\t<\/div>\n\t\t\t\t<\/div>\n\t\t\t\t<div class=\"elementor-element elementor-element-d837a03 elementor-widget elementor-widget-shortcode\" data-id=\"d837a03\" data-element_type=\"widget\" data-e-type=\"widget\" data-widget_type=\"shortcode.default\">\n\t\t\t\t<div class=\"elementor-widget-container\">\n\t\t\t\t\t\t\t<div class=\"elementor-shortcode\">\n<div class=\"wpcf7 no-js\" id=\"wpcf7-f4565-o1\" lang=\"fr-FR\" dir=\"ltr\" data-wpcf7-id=\"4565\">\n<div class=\"screen-reader-response\"><p role=\"status\" aria-live=\"polite\" aria-atomic=\"true\"><\/p> <ul><\/ul><\/div>\n<form action=\"\/index.php\/wp-json\/wp\/v2\/pages\/4566#wpcf7-f4565-o1\" method=\"post\" class=\"wpcf7-form init\" aria-label=\"Formulaire de contact\" novalidate=\"novalidate\" data-status=\"init\">\n<fieldset class=\"hidden-fields-container\"><input type=\"hidden\" name=\"_wpcf7\" value=\"4565\" \/><input type=\"hidden\" name=\"_wpcf7_version\" value=\"6.1.5\" \/><input type=\"hidden\" name=\"_wpcf7_locale\" value=\"fr_FR\" \/><input type=\"hidden\" name=\"_wpcf7_unit_tag\" value=\"wpcf7-f4565-o1\" \/><input type=\"hidden\" name=\"_wpcf7_container_post\" value=\"0\" \/><input type=\"hidden\" name=\"_wpcf7_posted_data_hash\" value=\"\" \/>\n<\/fieldset>\n<p><label> Civilit\u00e9 * <\/label><br \/>\n<span class=\"wpcf7-form-control-wrap\" data-name=\"civilie\"><span class=\"wpcf7-form-control wpcf7-radio\"><span class=\"wpcf7-list-item first\"><label><input type=\"radio\" name=\"civilie\" value=\"Madame\" checked=\"checked\" \/><span class=\"wpcf7-list-item-label\">Madame<\/span><\/label><\/span><span class=\"wpcf7-list-item last\"><label><input type=\"radio\" name=\"civilie\" value=\"Monsieur\" \/><span class=\"wpcf7-list-item-label\">Monsieur<\/span><\/label><\/span><\/span><\/span>\n<\/p>\n<p><label> Nom et pr\u00e9nom *<br \/>\n<span class=\"wpcf7-form-control-wrap\" data-name=\"nom_prenom\"><input size=\"40\" maxlength=\"400\" class=\"wpcf7-form-control wpcf7-text wpcf7-validates-as-required\" aria-required=\"true\" aria-invalid=\"false\" value=\"\" type=\"text\" name=\"nom_prenom\" \/><\/span><br \/>\n<\/label>\n<\/p>\n<p><label> E-mail *<br \/>\n<span class=\"wpcf7-form-control-wrap\" data-name=\"email\"><input size=\"40\" maxlength=\"400\" class=\"wpcf7-form-control wpcf7-email wpcf7-validates-as-required wpcf7-text wpcf7-validates-as-email\" aria-required=\"true\" aria-invalid=\"false\" value=\"\" type=\"email\" name=\"email\" \/><\/span><br \/>\n<\/label>\n<\/p>\n<p><label> T\u00e9l\u00e9phone *<br \/>\n<span class=\"wpcf7-form-control-wrap\" data-name=\"telephone\"><input size=\"40\" maxlength=\"400\" class=\"wpcf7-form-control wpcf7-tel wpcf7-validates-as-required wpcf7-text wpcf7-validates-as-tel\" aria-required=\"true\" aria-invalid=\"false\" value=\"\" type=\"tel\" name=\"telephone\" \/><\/span><br \/>\n<\/label>\n<\/p>\n<p><label> Ville *<br \/>\n<span class=\"wpcf7-form-control-wrap\" data-name=\"ville\"><input size=\"40\" maxlength=\"400\" class=\"wpcf7-form-control wpcf7-text wpcf7-validates-as-required\" aria-required=\"true\" aria-invalid=\"false\" value=\"\" type=\"text\" name=\"ville\" \/><\/span><br \/>\n<\/label>\n<\/p>\n<p><label> Objet de la demande *<br \/>\n<span class=\"wpcf7-form-control-wrap\" data-name=\"objet\"><select class=\"wpcf7-form-control wpcf7-select wpcf7-validates-as-required\" aria-required=\"true\" aria-invalid=\"false\" name=\"objet\"><option value=\"Information g\u00e9n\u00e9rale\">Information g\u00e9n\u00e9rale<\/option><option value=\"R\u00e9clamation\">R\u00e9clamation<\/option><option value=\"Autres\">Autres<\/option><\/select><\/span><br \/>\n<\/label>\n<\/p>\n<p><label> Restaurant concern\u00e9<br \/>\n<span class=\"wpcf7-form-control-wrap\" data-name=\"menu-405\"><select class=\"wpcf7-form-control wpcf7-select\" aria-invalid=\"false\" name=\"menu-405\"><option value=\"\">&#8212;Veuillez choisir une option&#8212;<\/option><option value=\"Flam&#039;s Arras\">Flam&#039;s Arras<\/option><option value=\"Flam&#039;s Bordeaux-B\u00e8gles\">Flam&#039;s Bordeaux-B\u00e8gles<\/option><option value=\"Flam&#039;s Grenoble\">Flam&#039;s Grenoble<\/option><option value=\"Flam&#039;s Lille\">Flam&#039;s Lille<\/option><option value=\"Flam&#039;s Ch\u00e2telet\">Flam&#039;s Ch\u00e2telet<\/option><option value=\"Flam&#039;s Lyon\">Flam&#039;s Lyon<\/option><option value=\"Flam&#039;s Montparnasse\">Flam&#039;s Montparnasse<\/option><option value=\"Flam&#039;s Nantes\">Flam&#039;s Nantes<\/option><option value=\"Flam&#039;s Saint-Lazare\">Flam&#039;s Saint-Lazare<\/option><option value=\"Flam&#039;s Strasbourg\">Flam&#039;s Strasbourg<\/option><option value=\"Flam&#039;s Thonon-les-Bains\">Flam&#039;s Thonon-les-Bains<\/option><option value=\"Flam&#039;s Vendenheim\">Flam&#039;s Vendenheim<\/option><\/select><\/span><br \/>\n<\/label>\n<\/p>\n<p><label> Message *<br \/>\n<span class=\"wpcf7-form-control-wrap\" data-name=\"message\"><textarea cols=\"40\" rows=\"10\" maxlength=\"2000\" class=\"wpcf7-form-control wpcf7-textarea wpcf7-validates-as-required\" aria-required=\"true\" aria-invalid=\"false\" name=\"message\"><\/textarea><\/span><br \/>\n<\/label>\n<\/p>\n<p><button type='submit'>Envoyer<\/button>\n<\/p><p style=\"display: none !important;\" class=\"akismet-fields-container\" data-prefix=\"_wpcf7_ak_\"><label>&#916;<textarea name=\"_wpcf7_ak_hp_textarea\" cols=\"45\" rows=\"8\" maxlength=\"100\"><\/textarea><\/label><input type=\"hidden\" id=\"ak_js_1\" name=\"_wpcf7_ak_js\" value=\"38\"\/><script>document.getElementById( \"ak_js_1\" ).setAttribute( \"value\", ( new Date() ).getTime() );<\/script><\/p><div class=\"wpcf7-response-output\" aria-hidden=\"true\"><\/div>\n<\/form>\n<\/div>\n<\/div>\n\t\t\t\t\t\t<\/div>\n\t\t\t\t<\/div>\n\t\t\t\t\t<\/div>\n\t\t<\/div>\n\t\t\t\t\t<\/div>\n\t\t<\/section>\n\t\t\t\t<\/div>\n\t\t","protected":false},"excerpt":{"rendered":"<p>Contactez-nous Contactez-nous facilement et rapidement via notre formulaire en ligne. Nous sommes l\u00e0 pour r\u00e9pondre \u00e0 vos questions et vos besoins. Attention, vous ne pouvez pas r\u00e9server dans un de nos restaurant par l\u2019interm\u00e9diaire de ce formulaire. Pour ce faire, utilisez le bouton \u00ab&nbsp;r\u00e9server&nbsp;\u00bb \u00e0 droite de la barre d\u2019accueil.<\/p>\n","protected":false},"author":3,"featured_media":0,"parent":0,"menu_order":0,"comment_status":"closed","ping_status":"closed","template":"","meta":{"inspiro_page_layout":"narrow","inspiro_hide_title":false,"footnotes":""},"class_list":["post-4566","page","type-page","status-publish","hentry"],"yoast_head":"<!-- This site is optimized with the Yoast SEO plugin v27.2 - https:\/\/yoast.com\/product\/yoast-seo-wordpress\/ -->\n<title>Contactez-nous - Flam&#039;s<\/title>\n<meta name=\"description\" content=\"Contactez-nous facilement et rapidement via notre formulaire en ligne. Nous sommes l\u00e0 pour r\u00e9pondre \u00e0 vos questions et vos besoins.\" \/>\n<meta name=\"robots\" content=\"index, follow, max-snippet:-1, max-image-preview:large, max-video-preview:-1\" \/>\n<link rel=\"canonical\" href=\"https:\/\/flams.fr\/index.php\/contactez-nous\/\" \/>\n<meta property=\"og:locale\" content=\"fr_FR\" \/>\n<meta property=\"og:type\" content=\"article\" \/>\n<meta property=\"og:title\" content=\"Contactez-nous - Flam&#039;s\" \/>\n<meta property=\"og:description\" content=\"Contactez-nous facilement et rapidement via notre formulaire en ligne. Nous sommes l\u00e0 pour r\u00e9pondre \u00e0 vos questions et vos besoins.\" \/>\n<meta property=\"og:url\" content=\"https:\/\/flams.fr\/index.php\/contactez-nous\/\" \/>\n<meta property=\"og:site_name\" content=\"Flam&#039;s\" \/>\n<meta property=\"article:modified_time\" content=\"2023-11-27T08:15:22+00:00\" \/>\n<meta name=\"twitter:card\" content=\"summary_large_image\" \/>\n<meta name=\"twitter:label1\" content=\"Dur\u00e9e de lecture estim\u00e9e\" \/>\n\t<meta name=\"twitter:data1\" content=\"1 minute\" \/>\n<script type=\"application\/ld+json\" class=\"yoast-schema-graph\">{\"@context\":\"https:\/\/schema.org\",\"@graph\":[{\"@type\":\"WebPage\",\"@id\":\"https:\/\/flams.fr\/index.php\/contactez-nous\/\",\"url\":\"https:\/\/flams.fr\/index.php\/contactez-nous\/\",\"name\":\"Contactez-nous - Flam&#039;s\",\"isPartOf\":{\"@id\":\"https:\/\/flams.fr\/#website\"},\"datePublished\":\"2023-06-19T13:22:20+00:00\",\"dateModified\":\"2023-11-27T08:15:22+00:00\",\"description\":\"Contactez-nous facilement et rapidement via notre formulaire en ligne. Nous sommes l\u00e0 pour r\u00e9pondre \u00e0 vos questions et vos besoins.\",\"breadcrumb\":{\"@id\":\"https:\/\/flams.fr\/index.php\/contactez-nous\/#breadcrumb\"},\"inLanguage\":\"fr-FR\",\"potentialAction\":[{\"@type\":\"ReadAction\",\"target\":[\"https:\/\/flams.fr\/index.php\/contactez-nous\/\"]}]},{\"@type\":\"BreadcrumbList\",\"@id\":\"https:\/\/flams.fr\/index.php\/contactez-nous\/#breadcrumb\",\"itemListElement\":[{\"@type\":\"ListItem\",\"position\":1,\"name\":\"Accueil Flam's\",\"item\":\"https:\/\/flams.fr\/\"},{\"@type\":\"ListItem\",\"position\":2,\"name\":\"Contactez-nous\"}]},{\"@type\":\"WebSite\",\"@id\":\"https:\/\/flams.fr\/#website\",\"url\":\"https:\/\/flams.fr\/\",\"name\":\"Flams\",\"description\":\"La flam&#039;s qui se partage\",\"publisher\":{\"@id\":\"https:\/\/flams.fr\/#organization\"},\"potentialAction\":[{\"@type\":\"SearchAction\",\"target\":{\"@type\":\"EntryPoint\",\"urlTemplate\":\"https:\/\/flams.fr\/?s={search_term_string}\"},\"query-input\":{\"@type\":\"PropertyValueSpecification\",\"valueRequired\":true,\"valueName\":\"search_term_string\"}}],\"inLanguage\":\"fr-FR\"},{\"@type\":\"Organization\",\"@id\":\"https:\/\/flams.fr\/#organization\",\"name\":\"Flam's\",\"url\":\"https:\/\/flams.fr\/\",\"logo\":{\"@type\":\"ImageObject\",\"inLanguage\":\"fr-FR\",\"@id\":\"https:\/\/flams.fr\/#\/schema\/logo\/image\/\",\"url\":\"https:\/\/flams.fr\/wp-content\/uploads\/2023\/03\/Logo_flams_web.png\",\"contentUrl\":\"https:\/\/flams.fr\/wp-content\/uploads\/2023\/03\/Logo_flams_web.png\",\"width\":512,\"height\":512,\"caption\":\"Flam's\"},\"image\":{\"@id\":\"https:\/\/flams.fr\/#\/schema\/logo\/image\/\"}}]}<\/script>\n<!-- \/ Yoast SEO plugin. -->","yoast_head_json":{"title":"Contactez-nous - Flam&#039;s","description":"Contactez-nous facilement et rapidement via notre formulaire en ligne. Nous sommes l\u00e0 pour r\u00e9pondre \u00e0 vos questions et vos besoins.","robots":{"index":"index","follow":"follow","max-snippet":"max-snippet:-1","max-image-preview":"max-image-preview:large","max-video-preview":"max-video-preview:-1"},"canonical":"https:\/\/flams.fr\/index.php\/contactez-nous\/","og_locale":"fr_FR","og_type":"article","og_title":"Contactez-nous - Flam&#039;s","og_description":"Contactez-nous facilement et rapidement via notre formulaire en ligne. Nous sommes l\u00e0 pour r\u00e9pondre \u00e0 vos questions et vos besoins.","og_url":"https:\/\/flams.fr\/index.php\/contactez-nous\/","og_site_name":"Flam&#039;s","article_modified_time":"2023-11-27T08:15:22+00:00","twitter_card":"summary_large_image","twitter_misc":{"Dur\u00e9e de lecture estim\u00e9e":"1 minute"},"schema":{"@context":"https:\/\/schema.org","@graph":[{"@type":"WebPage","@id":"https:\/\/flams.fr\/index.php\/contactez-nous\/","url":"https:\/\/flams.fr\/index.php\/contactez-nous\/","name":"Contactez-nous - Flam&#039;s","isPartOf":{"@id":"https:\/\/flams.fr\/#website"},"datePublished":"2023-06-19T13:22:20+00:00","dateModified":"2023-11-27T08:15:22+00:00","description":"Contactez-nous facilement et rapidement via notre formulaire en ligne. Nous sommes l\u00e0 pour r\u00e9pondre \u00e0 vos questions et vos besoins.","breadcrumb":{"@id":"https:\/\/flams.fr\/index.php\/contactez-nous\/#breadcrumb"},"inLanguage":"fr-FR","potentialAction":[{"@type":"ReadAction","target":["https:\/\/flams.fr\/index.php\/contactez-nous\/"]}]},{"@type":"BreadcrumbList","@id":"https:\/\/flams.fr\/index.php\/contactez-nous\/#breadcrumb","itemListElement":[{"@type":"ListItem","position":1,"name":"Accueil Flam's","item":"https:\/\/flams.fr\/"},{"@type":"ListItem","position":2,"name":"Contactez-nous"}]},{"@type":"WebSite","@id":"https:\/\/flams.fr\/#website","url":"https:\/\/flams.fr\/","name":"Flams","description":"La flam&#039;s qui se partage","publisher":{"@id":"https:\/\/flams.fr\/#organization"},"potentialAction":[{"@type":"SearchAction","target":{"@type":"EntryPoint","urlTemplate":"https:\/\/flams.fr\/?s={search_term_string}"},"query-input":{"@type":"PropertyValueSpecification","valueRequired":true,"valueName":"search_term_string"}}],"inLanguage":"fr-FR"},{"@type":"Organization","@id":"https:\/\/flams.fr\/#organization","name":"Flam's","url":"https:\/\/flams.fr\/","logo":{"@type":"ImageObject","inLanguage":"fr-FR","@id":"https:\/\/flams.fr\/#\/schema\/logo\/image\/","url":"https:\/\/flams.fr\/wp-content\/uploads\/2023\/03\/Logo_flams_web.png","contentUrl":"https:\/\/flams.fr\/wp-content\/uploads\/2023\/03\/Logo_flams_web.png","width":512,"height":512,"caption":"Flam's"},"image":{"@id":"https:\/\/flams.fr\/#\/schema\/logo\/image\/"}}]}},"_links":{"self":[{"href":"https:\/\/flams.fr\/index.php\/wp-json\/wp\/v2\/pages\/4566","targetHints":{"allow":["GET"]}}],"collection":[{"href":"https:\/\/flams.fr\/index.php\/wp-json\/wp\/v2\/pages"}],"about":[{"href":"https:\/\/flams.fr\/index.php\/wp-json\/wp\/v2\/types\/page"}],"author":[{"embeddable":true,"href":"https:\/\/flams.fr\/index.php\/wp-json\/wp\/v2\/users\/3"}],"replies":[{"embeddable":true,"href":"https:\/\/flams.fr\/index.php\/wp-json\/wp\/v2\/comments?post=4566"}],"version-history":[{"count":15,"href":"https:\/\/flams.fr\/index.php\/wp-json\/wp\/v2\/pages\/4566\/revisions"}],"predecessor-version":[{"id":7240,"href":"https:\/\/flams.fr\/index.php\/wp-json\/wp\/v2\/pages\/4566\/revisions\/7240"}],"wp:attachment":[{"href":"https:\/\/flams.fr\/index.php\/wp-json\/wp\/v2\/media?parent=4566"}],"curies":[{"name":"wp","href":"https:\/\/api.w.org\/{rel}","templated":true}]}}